{"id":23270,"date":"2023-11-27T11:59:55","date_gmt":"2023-11-27T11:59:55","guid":{"rendered":"https:\/\/phytowall.ee\/?page_id=23270"},"modified":"2023-11-27T11:59:55","modified_gmt":"2023-11-27T11:59:55","slug":"privacy-policy","status":"publish","type":"page","link":"https:\/\/phytowall.ee\/en\/privacy-policy\/","title":{"rendered":"Privacy Policy"},"content":{"rendered":"<div class=\"wpb-content-wrapper\"><p>[vc_row css=&#8221;.vc_custom_1701085635690{padding-top: 120px !important;padding-bottom: 120px !important;}&#8221; el_class=&#8221;text_page&#8221;][vc_column][vc_column_text]Privaatsuspoliitika eesm\u00e4rk \u2013 esitada f\u00fc\u00fcsilisele isikule informatsiooni (andmete subjektile) andmete t\u00f6\u00f6tlemise eesm\u00e4rkide, mahu, kaitse ning turvalisuse kohta. Samuti, esitada muud informatsiooni andmete t\u00f6\u00f6tlemise kohta.<\/p>\n<h6><strong>Isikuandmed<\/strong><\/h6>\n<p>Isikuandmeteks loetakse igasugust teavet, mis on seotud tuvastatud v\u00f5i tuvastatava f\u00fc\u00fcsilise isikuga.<\/p>\n<h6><strong>Privaatsuspoliitika rakendamine<\/strong><\/h6>\n<p>KONIGOR O\u00dc privaatsuspoliitikat kohaldatakse isikuandmete t\u00f6\u00f6tlemisel vaatamata sellele, missugusel kujul esitab f\u00fc\u00fcsiline isik oma andmed (v\u00f5i esitab kolmas isik koosk\u00f5las seadustega\/volitusega\/n\u00f5usolekuga f\u00fc\u00fcsilise isiku andmed): paberil, elektroonilisel kujul,<br \/>\nKONIGOR O\u00dc kodulehel, internetipoes, poes jne.<\/p>\n<h6><strong>P\u00f5hiteave<\/strong><\/h6>\n<p>Isikuandmete t\u00f6\u00f6tlemise eesm\u00e4rk: kauba ostu v\u00f5i teenuste lepingu s\u00f5lmimine, kauba tarne, arvelduste haldamine, garantiikohustuste t\u00e4itmine.<\/p>\n<p>J\u00e4relevalve: KONIGOR O\u00dc, reg. nr. 12260640<\/p>\n<p>Juriidiline aadress: Harjumaa, Viimsi vald, Heki tee 4-26, 74001<\/p>\n<p>\u00d5iguslik p\u00f5hjendus: KONIGOR O\u00dc \u00e4ritegevus<\/p>\n<p>Andmete saajad: kontroller, kontrolleri operaator ning kompetentsed (\u00f5iguslikud) riigiasutused, partnerid ning organisatsioonid (volitatud teenusepakkujad), teenusepakkujad, organisatsioonid, andmebaaside haldajad, pilveteenuse pakkujad, raamatupidamisteenuse pakkujad. Samuti juristide b\u00fcroo, advokaadid, operaatorid jne.<\/p>\n<p>Andmekaitse spetsialist: <a href=\"mailto:info@phytowall.eu\">info@phytowall.eu<\/a><\/p>\n<h6><strong>Isikuandmete t\u00f6\u00f6tlemine ning \u00f5iguslik p\u00f5hjendus<\/strong><\/h6>\n<p>Isikuandmete t\u00f6\u00f6tlemist teostatakse antud konfidentsiaalsuspoliitika eesm\u00e4rkide t\u00e4itmiseks, sealhulgas ka KONIGOR O\u00dc legitiimsete huvide (\u00e4ritegevus) t\u00e4itmiseks, eraisikute isikuandmete omamise, t\u00f6\u00f6tlemise, s\u00e4ilitamise ning \u00fcleandmise normatiivaktide n\u00f5udmiste t\u00e4itmiseks. Samuti tarbijate \u00f5igusi reguleerivate normatiivaktide j\u00e4rgimiseks.<\/p>\n<p>Isikuandmete s\u00e4ilitamise t\u00e4htaeg s\u00f5ltub reglementeeritud normatiivaktis s\u00e4testatud korrast v\u00f5i lepingus m\u00e4rgitud t\u00e4htajast v\u00f5i siis KONIGOR O\u00dc poolt reglementeeritud t\u00e4htajast. Isikuandmeid ei s\u00e4ilitata kauem kui seda n\u00f5uab \u00f5igusaktidest tulenevate n\u00f5uete j\u00e4rgimine arvestades samal ajal KONIGOR O\u00dc \u00e4ritegevuse huvisid. \u00d5igusaktides m\u00e4rgitud t\u00e4hiseni j\u00f5udmisel kustutatakse isikuandmed.<\/p>\n<p>Isikuandmete turvaliseks s\u00e4ilitamiseks ning t\u00f6\u00f6tlemiseks kasutatakse spetsialiseeritud ning turvalisi programme kasutades selleks viiruset\u00f5rjeprogramme (\u201ctulem\u00fc\u00fcrid\u201d) ning teisi tehnilisi lahendusi. Juurdep\u00e4\u00e4s isikuandmetele on kaitstud juurdep\u00e4\u00e4sus\u00fcsteemidega ning eriprogrammidega.<\/p>\n<h6><strong>Isikuandmete s\u00e4ilitamine<\/strong><\/h6>\n<p>Isikuandmeid ei edastata kolmandatele riikidele (riigid, mis ei kuulu Euroopa Liitu ja\/v\u00f5i Euroopa Majanduspiirkonda). Isikuandmeid v\u00f5ib edastada KONIGOR O\u00dc partneritele (sealhulgas volitatud teenusepakkujatest ettev\u00f5tetele), organisatsioonidele, teenuseid pakkuvatele (operaatoritele) ning volitatud juriidilistele ning f\u00fc\u00fcsilistele isikutele (juristid, advokaadid). Andmete \u00fcleandmine toimub turvaliselt kasutades kaitstud programme ning tehnoloogiaid. Edastatud isikuandmete maht ei ole suurem kui on vajalik KONIGOR O\u00dc \u00f5iguslike ning \u00e4ritegevuse huvide t\u00e4itmiseks.<\/p>\n<h6><strong>Turunduspakkumised ning reklaamimaterjalide saatmine<\/strong><\/h6>\n<p>Turunduspakkumisi saadetakse adressaatidele \/ f\u00fc\u00fcsilistele isikutele, kes on andnud n\u00f5usoleku KONIGOR O\u00dc pakkumiste saamiseks (reklaamimaterjalid). Reklaamimaterjalidest loobumise kohta leiate info reklaami puudutavast e-kirjast. Samuti saab reklaamimaterjalidest loobuda saates e-kiri aadressile info@phytowall.eu.<\/p>\n<h6><strong>Juurdep\u00e4\u00e4s isikuandmetele<\/strong><\/h6>\n<p>F\u00fc\u00fcsiline isik saab oma isikuandmetele ligi kirjaliku avalduse alusel j\u00e4rgides isikuandmeid reguleerivaid \u00f5igusnorme ning j\u00e4rgides avalduse vastuv\u00f5tmise ning l\u00e4bivaatamise \u00f5igusnorme, saates avaldus e-posti teel: info@phytowall.eu.<\/p>\n<p>Avaldust esitades on f\u00fc\u00fcsiline isik kohustatud ennast identifitseerima n\u00f5utavas mahus kinnitamaks KONIGOR O\u00dc-le, et isik k\u00fcsib just enda kohta andmeid (isik k\u00fcsib enda andmeid). Ainult sellisel juhul v\u00e4ljastab KONIGOR O\u00dc isikule k\u00f5ik olemasolevad andmed ning muud seaduse poolt etten\u00e4htud informatsiooni.<\/p>\n<h6><strong>\u00d5igus n\u00f5usolek t\u00fchistada<\/strong><\/h6>\n<p>F\u00fc\u00fcsilisel isikul on \u00f5igus oma n\u00f5usolek isikuandmete t\u00f6\u00f6tlemiseks tagasi v\u00f5tta. Keeldumissoov esitatakse isikuandmete t\u00f6\u00f6tlemise n\u00f5usoleku andmisega samal viisil.<\/p>\n<p>Igal juhul v\u00f5ib f\u00fc\u00fcsiline isik saata isikuandmete t\u00f6\u00f6tlemise n\u00f5usolekust keeldumise KONIGOR O\u00dc<br \/>\ne-maili teel: <a href=\"mailto:info@phytowall.eu\">info@phytowall.eu<\/a>. Keeldumine ei m\u00f5juta enne keeldumist teostatud isikuandmete t\u00f6\u00f6tlemist. Samuti ei muuda ega peata keeldumine isikuandmete t\u00f6\u00f6tlemist, mida teostati koosk\u00f5las jah\/v\u00f5i tuginedes \u00f5igusnormidele (regulatsioonid, seadused, reeglid).<\/p>\n<h6><strong>K\u00fcpsised<\/strong><\/h6>\n<p>K\u00fcpsiste kohta k\u00e4iv informatsioon on k\u00e4ttesaadav siin.<\/p>\n<p>Telefonivestluste salvestamine<\/p>\n<p>Hoiatame, et KONIGOR O\u00dc-l on \u00f5igus k\u00f5ik k\u00f5ned salvestada teenuse kvaliteedi kontrolli eesm\u00e4rgil.<\/p>\n<h6><strong>L\u00f5plik informatsioon<\/strong><\/h6>\n<p>KONIGOR O\u00dc-l on \u00f5igus muuta konfidentsiaalsuspoliitikat teavitades sellest f\u00fc\u00fcsilist isikut (andmete subjekte).<\/p>\n<p>Antud jaotise rubriike tuleks t\u00f5lgendada kui ainult teabe liikumise h\u00f5lbustamiseks. Andmete subjekt (f\u00fc\u00fcsiline isik), kelle arvates on rikutud tema \u00f5igusi isikuandmete t\u00f6\u00f6tlemise suhtes, on \u00f5igus p\u00f6\u00f6rduda KONIGOR O\u00dc v\u00f5i Andmekaitse Inspektsiooni poole.[\/vc_column_text][\/vc_column][\/vc_row]<\/p>\n<\/div>","protected":false},"excerpt":{"rendered":"<p>[vc_row css=&#8221;.vc_custom_1701085635690{padding-top: 120px !important;padding-bottom: 120px !important;}&#8221; el_class=&#8221;text_page&#8221;][vc_column][vc_column_text]Privaatsuspoliitika eesm\u00e4rk \u2013 esitada f\u00fc\u00fcsilisele isikule informatsiooni (andmete subjektile) andmete t\u00f6\u00f6tlemise eesm\u00e4rkide, mahu, kaitse ning turvalisuse kohta. Samuti, esitada muud informatsiooni andmete t\u00f6\u00f6tlemise kohta. Isikuandmed Isikuandmeteks loetakse igasugust teavet, mis on seotud tuvastatud v\u00f5i [&hellip;]<\/p>\n","protected":false},"author":1,"featured_media":0,"parent":0,"menu_order":0,"comment_status":"closed","ping_status":"closed","template":"","meta":{"_monsterinsights_skip_tracking":false,"_monsterinsights_sitenote_active":false,"_monsterinsights_sitenote_note":"","_monsterinsights_sitenote_category":0,"footnotes":""},"class_list":["post-23270","page","type-page","status-publish","hentry"],"_links":{"self":[{"href":"https:\/\/phytowall.ee\/en\/wp-json\/wp\/v2\/pages\/23270","targetHints":{"allow":["GET"]}}],"collection":[{"href":"https:\/\/phytowall.ee\/en\/wp-json\/wp\/v2\/pages"}],"about":[{"href":"https:\/\/phytowall.ee\/en\/wp-json\/wp\/v2\/types\/page"}],"author":[{"embeddable":true,"href":"https:\/\/phytowall.ee\/en\/wp-json\/wp\/v2\/users\/1"}],"replies":[{"embeddable":true,"href":"https:\/\/phytowall.ee\/en\/wp-json\/wp\/v2\/comments?post=23270"}],"version-history":[{"count":0,"href":"https:\/\/phytowall.ee\/en\/wp-json\/wp\/v2\/pages\/23270\/revisions"}],"wp:attachment":[{"href":"https:\/\/phytowall.ee\/en\/wp-json\/wp\/v2\/media?parent=23270"}],"curies":[{"name":"wp","href":"https:\/\/api.w.org\/{rel}","templated":true}]}}