{"id":23274,"date":"2023-11-27T12:03:27","date_gmt":"2023-11-27T12:03:27","guid":{"rendered":"https:\/\/phytowall.ee\/?page_id=23274"},"modified":"2023-11-27T13:24:33","modified_gmt":"2023-11-27T13:24:33","slug":"use-and-maintenance-manual","status":"publish","type":"page","link":"https:\/\/phytowall.ee\/en\/use-and-maintenance-manual\/","title":{"rendered":"Use and maintenance manual"},"content":{"rendered":"<div class=\"wpb-content-wrapper\"><p>[vc_row equal_height=&#8221;yes&#8221; css=&#8221;.vc_custom_1701087283189{padding-top: 120px !important;padding-right: 0px !important;padding-bottom: 120px !important;padding-left: 0px !important;}&#8221; el_class=&#8221;text_page&#8221;][vc_column css=&#8221;.vc_custom_1701087271854{padding-top: 0px !important;padding-right: 0px !important;padding-bottom: 0px !important;padding-left: 0px !important;}&#8221;]<div class=\"eltdf-elements-holder   eltdf-two-columns  eltdf-responsive-mode-768 \" ><div class=\"eltdf-eh-item     \"  data-item-class=\"eltdf-eh-custom-7714\" data-1366-1600=\"157px 149px 126px 94px\" data-1024-1366=\"128px 110px 135px 110px\" data-768-1024=\"0px 100px 40px\" data-680-768=\"0px 100px 40px\" data-680=\"0px 50px 40px\">\n\t\t<div class=\"eltdf-eh-item-inner\">\n\t\t<div class=\"eltdf-eh-item-content eltdf-eh-custom-7714\" style=\"padding: 100px 125px 100px 238px\">\n\t\t\t<div class=\"eltdf-section-title-holder  eltdf-st-standard eltdf-st-title-left eltdf-st-normal-space \" >\n\t<div class=\"eltdf-st-inner\">\n\t\t\t\t\t<h1 class=\"eltdf-st-title\" >\n\t\t\t\tKasutus- ja hooldusjuhend\t\t\t<\/h1>\n\t\t\t\t\t\t\t<div class=\"eltdf-separator-holder clearfix   \">\n\t<div class=\"eltdf-separator\" style=\"margin-top: 8px;margin-bottom: 32px\"><\/div>\n<\/div>\n\t\t\t\t\t<\/div>\n<\/div><div class=\"eltdf-icon-list-holder \" >\n\t<div class=\"eltdf-il-icon-holder\">\n\t\t<span aria-hidden=\"true\" class=\"eltdf-icon-linear-icons lnr lnr-checkmark-circle \" style=\"color: #5d6f4e;font-size: 20px\"><\/span>\t<\/div>\n\t<p class=\"eltdf-il-text\" style=\"padding-left: 25px\">Stabiliseeritud samblasein ei n\u00f5ua hooldus. Seda ei ole vaja kasta, niisutada, v\u00e4etada, valgustada, tolmust puhastada, pesta jne.<\/p>\n<\/div><div class=\"eltdf-icon-list-holder \" >\n\t<div class=\"eltdf-il-icon-holder\">\n\t\t<span aria-hidden=\"true\" class=\"eltdf-icon-linear-icons lnr lnr-checkmark-circle \" style=\"color: #5d6f4e;font-size: 20px\"><\/span>\t<\/div>\n\t<p class=\"eltdf-il-text\" style=\"padding-left: 25px\">Kui sammal on pisut kuivanud, seda ei tohi veega piserdada. Sammal on \u00f5huniiskuse indikaatoriks ja hakkab kuivama, kui ruumis on \u00f5huniiskus alla 35%. Sellisel juhul soovitame sammalt mitte puutuda, vaid t\u00f5sta ruumis \u00f5huniiskus statsionaarse \u00f5huniisutaja abil kuni 40-60%.<\/p>\n<\/div><div class=\"eltdf-icon-list-holder \" >\n\t<div class=\"eltdf-il-icon-holder\">\n\t\t<span aria-hidden=\"true\" class=\"eltdf-icon-linear-icons lnr lnr-checkmark-circle \" style=\"color: #5d6f4e;font-size: 20px\"><\/span>\t<\/div>\n\t<p class=\"eltdf-il-text\" style=\"padding-left: 25px\">Tuleb v\u00e4ltida vee sattumist samblale.<\/p>\n<\/div><div class=\"eltdf-icon-list-holder \" >\n\t<div class=\"eltdf-il-icon-holder\">\n\t\t<span aria-hidden=\"true\" class=\"eltdf-icon-linear-icons lnr lnr-checkmark-circle \" style=\"color: #5d6f4e;font-size: 20px\"><\/span>\t<\/div>\n\t<p class=\"eltdf-il-text\" style=\"padding-left: 25px\">Sammal ja taimed ei kasva enam, nad viibivad stabiliseeritud seisundis. Meie materjalid ei n\u00f5ua spetsiaalset valgustamist f\u00fctolampidega. Need v\u00f5ivad eksisteerida ilma loomulike ja kunstlike valgusallikateta. V\u00f5ib kasutada dekoratiivvalgustust. Juhime teie t\u00e4helepanu asjaolule, et kui tegemist on valgustamise ajal kuumenevate valgusallikatega, siis tuleb need samblatest ja taimedest kaugemal hoida.<\/p>\n<\/div><div class=\"eltdf-icon-list-holder \" >\n\t<div class=\"eltdf-il-icon-holder\">\n\t\t<span aria-hidden=\"true\" class=\"eltdf-icon-linear-icons lnr lnr-checkmark-circle \" style=\"color: #5d6f4e;font-size: 20px\"><\/span>\t<\/div>\n\t<p class=\"eltdf-il-text\" style=\"padding-left: 25px\">Tuleb v\u00e4ltida otsese p\u00e4ikesekiirguse k\u00e4tte sattumist, samuti ei tohi sambla l\u00e4heduses olla sooja ega eredat valgustust.<\/p>\n<\/div><div class=\"eltdf-icon-list-holder \" >\n\t<div class=\"eltdf-il-icon-holder\">\n\t\t<span aria-hidden=\"true\" class=\"eltdf-icon-linear-icons lnr lnr-checkmark-circle \" style=\"color: #5d6f4e;font-size: 20px\"><\/span>\t<\/div>\n\t<p class=\"eltdf-il-text\" style=\"padding-left: 25px\">Ei radiaatorid ega teised soojusallikad ei tohi olla samblast seinale l\u00e4hemal kui 1,5-2 meetrit. K\u00f6etava p\u00f5randa olemasolu korral tuleb j\u00e4lgida, et k\u00fcttekaabel ei oleks samblaseinale l\u00e4hemal kui 0,5-1 meetrit.<\/p>\n<\/div><div class=\"eltdf-icon-list-holder \" >\n\t<div class=\"eltdf-il-icon-holder\">\n\t\t<span aria-hidden=\"true\" class=\"eltdf-icon-linear-icons lnr lnr-checkmark-circle \" style=\"color: #5d6f4e;font-size: 20px\"><\/span>\t<\/div>\n\t<p class=\"eltdf-il-text\" style=\"padding-left: 25px\">Toatemperatuur peab samblaga ruumides olema +5C\u00b0 kuni +28C\u00b0.<\/p>\n<\/div><div class=\"eltdf-icon-list-holder \" >\n\t<div class=\"eltdf-il-icon-holder\">\n\t\t<span aria-hidden=\"true\" class=\"eltdf-icon-linear-icons lnr lnr-checkmark-circle \" style=\"color: #5d6f4e;font-size: 20px\"><\/span>\t<\/div>\n\t<p class=\"eltdf-il-text\" style=\"padding-left: 25px\">Stabiliseeritud sammal ja taimed ei ole tervisele ohtlikud, ei tekita allergiat ega ole toksiline.<\/p>\n<\/div><div class=\"eltdf-icon-list-holder \" >\n\t<div class=\"eltdf-il-icon-holder\">\n\t\t<span aria-hidden=\"true\" class=\"eltdf-icon-linear-icons lnr lnr-checkmark-circle \" style=\"color: #5d6f4e;font-size: 20px\"><\/span>\t<\/div>\n\t<p class=\"eltdf-il-text\" style=\"padding-left: 25px\">Stabiliseeritud materjalid ei kogu tolmu ei seinal ega teistel pindadel.<\/p>\n<\/div><div class=\"eltdf-icon-list-holder \" >\n\t<div class=\"eltdf-il-icon-holder\">\n\t\t<span aria-hidden=\"true\" class=\"eltdf-icon-linear-icons lnr lnr-checkmark-circle \" style=\"color: #5d6f4e;font-size: 20px\"><\/span>\t<\/div>\n\t<p class=\"eltdf-il-text\" style=\"padding-left: 25px\">Mittepuudutamine on stabiliseeritud seinale k\u00f5ige parem hooldus.<\/p>\n<\/div>\t\t<\/div>\n\t<\/div>\n<\/div>\n\n<div class=\"eltdf-eh-item     \"  data-item-class=\"eltdf-eh-custom-7954\">\n\t\t<div class=\"eltdf-eh-item-inner\">\n\t\t<div class=\"eltdf-eh-item-content eltdf-eh-custom-7954\" >\n\t\t\t<div class=\"eltdf-swaying-image-holder eltdf-si-with-border eltdf-si-to-right\">\n\t\t<div class=\"eltdf-swaying-image\" style=\"background-image: url(https:\/\/phytowall.ee\/wp-content\/uploads\/2023\/11\/wasa3.jpg)\"><\/div>\n\t\t\t<div class=\"eltdf-si-border\"  ><\/div>\n\t<\/div>\t\t<\/div>\n\t<\/div>\n<\/div>\n\n<\/div>[\/vc_column][\/vc_row]<\/p>\n<\/div>","protected":false},"excerpt":{"rendered":"<p>[vc_row equal_height=&#8221;yes&#8221; css=&#8221;.vc_custom_1701087283189{padding-top: 120px !important;padding-right: 0px !important;padding-bottom: 120px !important;padding-left: 0px !important;}&#8221; el_class=&#8221;text_page&#8221;][vc_column css=&#8221;.vc_custom_1701087271854{padding-top: 0px !important;padding-right: 0px !important;padding-bottom: 0px !important;padding-left: 0px !important;}&#8221;][\/vc_column][\/vc_row]<\/p>\n","protected":false},"author":1,"featured_media":0,"parent":0,"menu_order":0,"comment_status":"closed","ping_status":"closed","template":"full-width.php","meta":{"_monsterinsights_skip_tracking":false,"_monsterinsights_sitenote_active":false,"_monsterinsights_sitenote_note":"","_monsterinsights_sitenote_category":0,"footnotes":""},"class_list":["post-23274","page","type-page","status-publish","hentry"],"_links":{"self":[{"href":"https:\/\/phytowall.ee\/en\/wp-json\/wp\/v2\/pages\/23274","targetHints":{"allow":["GET"]}}],"collection":[{"href":"https:\/\/phytowall.ee\/en\/wp-json\/wp\/v2\/pages"}],"about":[{"href":"https:\/\/phytowall.ee\/en\/wp-json\/wp\/v2\/types\/page"}],"author":[{"embeddable":true,"href":"https:\/\/phytowall.ee\/en\/wp-json\/wp\/v2\/users\/1"}],"replies":[{"embeddable":true,"href":"https:\/\/phytowall.ee\/en\/wp-json\/wp\/v2\/comments?post=23274"}],"version-history":[{"count":0,"href":"https:\/\/phytowall.ee\/en\/wp-json\/wp\/v2\/pages\/23274\/revisions"}],"wp:attachment":[{"href":"https:\/\/phytowall.ee\/en\/wp-json\/wp\/v2\/media?parent=23274"}],"curies":[{"name":"wp","href":"https:\/\/api.w.org\/{rel}","templated":true}]}}