{"id":34420,"date":"2023-11-24T19:50:07","date_gmt":"2023-11-24T19:50:07","guid":{"rendered":"https:\/\/phytowall.ee\/products\/"},"modified":"2024-06-03T14:45:27","modified_gmt":"2024-06-03T14:45:27","slug":"products","status":"publish","type":"page","link":"https:\/\/phytowall.ee\/fi\/products\/","title":{"rendered":"Materiaalit"},"content":{"rendered":"<div class=\"wpb-content-wrapper\"><p>[vc_row row_content_width=&#8221;grid&#8221; css=&#8221;.vc_custom_1706177114909{margin-top: 120px !important;margin-bottom: 120px !important;}&#8221; el_class=&#8221;materials_grid&#8221;][vc_column]<div class=\"eltdf-elements-holder   eltdf-one-column  eltdf-responsive-mode-768 \" ><div class=\"eltdf-eh-item     \"  data-item-class=\"eltdf-eh-custom-1289\">\n\t\t<div class=\"eltdf-eh-item-inner\">\n\t\t<div class=\"eltdf-eh-item-content eltdf-eh-custom-1289\" >\n\t\t\t<div class=\"eltdf-portfolio-list-holder eltdf-pl-gallery eltdf-normal-space eltdf-pl-three-columns eltdf-pl-info-below    eltdf-pl-pag-no-pagination      \"  data-type=gallery data-item-type=custom-link data-number-of-columns=3 data-space-between-items=normal data-number-of-items=-1 data-image-proportions=full data-enable-fixed-proportions=no data-enable-image-shadow=no data-category=products data-orderby=title data-order=ASC data-item-style=info-below data-content-bottom-margin=30px data-enable-title=yes data-title-tag=h2 data-title-text-transform=uppercase data-enable-category=no data-enable-count-images=no data-info-skin=dark data-info-position=middle data-pagination-type=no-pagination data-filter=no data-filter-order-by=name data-enable-article-animation=no data-portfolio-slider-on=no data-enable-loop=yes data-enable-autoplay=yes data-slider-speed=5000 data-slider-speed-animation=600 data-enable-navigation=yes data-enable-pagination=yes data-max-num-pages=0 data-next-page=2>\n\t\t<div class=\"eltdf-pl-inner eltdf-outer-space  clearfix\">\n\t\t\t\t<article class=\"eltdf-pl-item eltdf-item-space  post-72101 portfolio-item type-portfolio-item status-publish has-post-thumbnail hentry portfolio-category-tuotteet\">\n\t<div class=\"eltdf-pl-item-inner\">\n\t\t<div class=\"eltdf-pli-image\">\n\t<img loading=\"lazy\" decoding=\"async\" width=\"2000\" height=\"2000\" src=\"https:\/\/phytowall.ee\/wp-content\/uploads\/2025\/08\/orhifq.jpg\" class=\"attachment-full size-full wp-post-image\" alt=\"\" srcset=\"https:\/\/phytowall.ee\/wp-content\/uploads\/2025\/08\/orhifq.jpg 2000w, https:\/\/phytowall.ee\/wp-content\/uploads\/2025\/08\/orhifq-300x300.jpg 300w, https:\/\/phytowall.ee\/wp-content\/uploads\/2025\/08\/orhifq-1024x1024.jpg 1024w, https:\/\/phytowall.ee\/wp-content\/uploads\/2025\/08\/orhifq-150x150.jpg 150w, https:\/\/phytowall.ee\/wp-content\/uploads\/2025\/08\/orhifq-768x768.jpg 768w, https:\/\/phytowall.ee\/wp-content\/uploads\/2025\/08\/orhifq-1536x1536.jpg 1536w, https:\/\/phytowall.ee\/wp-content\/uploads\/2025\/08\/orhifq-550x550.jpg 550w, https:\/\/phytowall.ee\/wp-content\/uploads\/2025\/08\/orhifq-1100x1100.jpg 1100w, https:\/\/phytowall.ee\/wp-content\/uploads\/2025\/08\/orhifq-600x600.jpg 600w, https:\/\/phytowall.ee\/wp-content\/uploads\/2025\/08\/orhifq-100x100.jpg 100w\" sizes=\"auto, (max-width: 2000px) 100vw, 2000px\" \/><\/div>\n<div class=\"eltdf-pli-text-holder\" style=\"margin-bottom: 30px\">\n\t<div class=\"eltdf-pli-text-wrapper\">\n\t\t<div class=\"eltdf-pli-text\">\n\t\t\t\t<h2 itemprop=\"name\" class=\"eltdf-pli-title entry-title\" style=\"text-transform: uppercase\">\n\t\tArtificial plants\t<\/h2>\n\n\t\t\t\n\t\t\t\t\t<\/div>\n\t<\/div>\n<\/div>\n\n\t\t<a itemprop=\"url\" class=\"eltdf-pli-link eltdf-block-drag-link\" href=\"https:\/\/phytowall.ee\/en\/product-category\/artificial-plants\/\" target=\"_blank\"><\/a>\n\t<\/div>\n<\/article><article class=\"eltdf-pl-item eltdf-item-space  post-34438 portfolio-item type-portfolio-item status-publish has-post-thumbnail hentry portfolio-category-tuotteet\">\n\t<div class=\"eltdf-pl-item-inner\">\n\t\t<div class=\"eltdf-pli-image\">\n\t<img loading=\"lazy\" decoding=\"async\" width=\"1080\" height=\"1350\" src=\"https:\/\/phytowall.ee\/wp-content\/uploads\/2018\/03\/GENCORK-CORKICE.jpg\" class=\"attachment-full size-full wp-post-image\" alt=\"\" srcset=\"https:\/\/phytowall.ee\/wp-content\/uploads\/2018\/03\/GENCORK-CORKICE.jpg 1080w, https:\/\/phytowall.ee\/wp-content\/uploads\/2018\/03\/GENCORK-CORKICE-240x300.jpg 240w, https:\/\/phytowall.ee\/wp-content\/uploads\/2018\/03\/GENCORK-CORKICE-819x1024.jpg 819w, https:\/\/phytowall.ee\/wp-content\/uploads\/2018\/03\/GENCORK-CORKICE-768x960.jpg 768w, https:\/\/phytowall.ee\/wp-content\/uploads\/2018\/03\/GENCORK-CORKICE-600x750.jpg 600w\" sizes=\"auto, (max-width: 1080px) 100vw, 1080px\" \/><\/div>\n<div class=\"eltdf-pli-text-holder\" style=\"margin-bottom: 30px\">\n\t<div class=\"eltdf-pli-text-wrapper\">\n\t\t<div class=\"eltdf-pli-text\">\n\t\t\t\t<h2 itemprop=\"name\" class=\"eltdf-pli-title entry-title\" style=\"text-transform: uppercase\">\n\t\tCORKWALL\t<\/h2>\n\n\t\t\t\n\t\t\t\t\t<\/div>\n\t<\/div>\n<\/div>\n\n\t\t<a itemprop=\"url\" class=\"eltdf-pli-link eltdf-block-drag-link\" href=\"https:\/\/phytowall.ee\/fi\/products\/cork-panels\/\" target=\"_blank\"><\/a>\n\t<\/div>\n<\/article><article class=\"eltdf-pl-item eltdf-item-space  post-34432 portfolio-item type-portfolio-item status-publish has-post-thumbnail hentry portfolio-category-tuotteet\">\n\t<div class=\"eltdf-pl-item-inner\">\n\t\t<div class=\"eltdf-pli-image\">\n\t<img loading=\"lazy\" decoding=\"async\" width=\"1920\" height=\"904\" src=\"https:\/\/phytowall.ee\/wp-content\/uploads\/2024\/09\/image_123650291-4.jpg\" class=\"attachment-full size-full wp-post-image\" alt=\"\" srcset=\"https:\/\/phytowall.ee\/wp-content\/uploads\/2024\/09\/image_123650291-4.jpg 1920w, https:\/\/phytowall.ee\/wp-content\/uploads\/2024\/09\/image_123650291-4-300x141.jpg 300w, https:\/\/phytowall.ee\/wp-content\/uploads\/2024\/09\/image_123650291-4-1024x482.jpg 1024w, https:\/\/phytowall.ee\/wp-content\/uploads\/2024\/09\/image_123650291-4-768x362.jpg 768w, https:\/\/phytowall.ee\/wp-content\/uploads\/2024\/09\/image_123650291-4-1536x723.jpg 1536w, https:\/\/phytowall.ee\/wp-content\/uploads\/2024\/09\/image_123650291-4-600x283.jpg 600w\" sizes=\"auto, (max-width: 1920px) 100vw, 1920px\" \/><\/div>\n<div class=\"eltdf-pli-text-holder\" style=\"margin-bottom: 30px\">\n\t<div class=\"eltdf-pli-text-wrapper\">\n\t\t<div class=\"eltdf-pli-text\">\n\t\t\t\t<h2 itemprop=\"name\" class=\"eltdf-pli-title entry-title\" style=\"text-transform: uppercase\">\n\t\tGREENHILL SAMMALM\u00c4TT\u00c4\u00c4T\t<\/h2>\n\n\t\t\t\n\t\t\t\t\t<\/div>\n\t<\/div>\n<\/div>\n\n\t\t<a itemprop=\"url\" class=\"eltdf-pli-link eltdf-block-drag-link\" href=\"https:\/\/phytowall.ee\/fi\/products\/greenhill-bun-moss\/\" target=\"_blank\"><\/a>\n\t<\/div>\n<\/article><article class=\"eltdf-pl-item eltdf-item-space  post-34429 portfolio-item type-portfolio-item status-publish has-post-thumbnail hentry portfolio-category-tuotteet\">\n\t<div class=\"eltdf-pl-item-inner\">\n\t\t<div class=\"eltdf-pli-image\">\n\t<img loading=\"lazy\" decoding=\"async\" width=\"947\" height=\"631\" src=\"https:\/\/phytowall.ee\/wp-content\/uploads\/2018\/03\/IMG_2044.jpg\" class=\"attachment-full size-full wp-post-image\" alt=\"\" srcset=\"https:\/\/phytowall.ee\/wp-content\/uploads\/2018\/03\/IMG_2044.jpg 947w, https:\/\/phytowall.ee\/wp-content\/uploads\/2018\/03\/IMG_2044-300x200.jpg 300w, https:\/\/phytowall.ee\/wp-content\/uploads\/2018\/03\/IMG_2044-768x512.jpg 768w, https:\/\/phytowall.ee\/wp-content\/uploads\/2018\/03\/IMG_2044-600x400.jpg 600w\" sizes=\"auto, (max-width: 947px) 100vw, 947px\" \/><\/div>\n<div class=\"eltdf-pli-text-holder\" style=\"margin-bottom: 30px\">\n\t<div class=\"eltdf-pli-text-wrapper\">\n\t\t<div class=\"eltdf-pli-text\">\n\t\t\t\t<h2 itemprop=\"name\" class=\"eltdf-pli-title entry-title\" style=\"text-transform: uppercase\">\n\t\tS\u00e4il\u00f6tty sammal &#8211; ISLANNINJ\u00c4K\u00c4L\u00c4\t<\/h2>\n\n\t\t\t\n\t\t\t\t\t<\/div>\n\t<\/div>\n<\/div>\n\n\t\t<a itemprop=\"url\" class=\"eltdf-pli-link eltdf-block-drag-link\" href=\"https:\/\/phytowall.ee\/fi\/products\/reindeer-moss\/\" target=\"_blank\"><\/a>\n\t<\/div>\n<\/article><article class=\"eltdf-pl-item eltdf-item-space  post-64565 portfolio-item type-portfolio-item status-publish has-post-thumbnail hentry portfolio-category-tuotteet\">\n\t<div class=\"eltdf-pl-item-inner\">\n\t\t<div class=\"eltdf-pli-image\">\n\t<img loading=\"lazy\" decoding=\"async\" width=\"910\" height=\"796\" src=\"https:\/\/phytowall.ee\/wp-content\/uploads\/2024\/09\/arvore-preservada-e509bec8.jpeg\" class=\"attachment-full size-full wp-post-image\" alt=\"\" srcset=\"https:\/\/phytowall.ee\/wp-content\/uploads\/2024\/09\/arvore-preservada-e509bec8.jpeg 910w, https:\/\/phytowall.ee\/wp-content\/uploads\/2024\/09\/arvore-preservada-e509bec8-300x262.jpeg 300w, https:\/\/phytowall.ee\/wp-content\/uploads\/2024\/09\/arvore-preservada-e509bec8-768x672.jpeg 768w, https:\/\/phytowall.ee\/wp-content\/uploads\/2024\/09\/arvore-preservada-e509bec8-600x525.jpeg 600w\" sizes=\"auto, (max-width: 910px) 100vw, 910px\" \/><\/div>\n<div class=\"eltdf-pli-text-holder\" style=\"margin-bottom: 30px\">\n\t<div class=\"eltdf-pli-text-wrapper\">\n\t\t<div class=\"eltdf-pli-text\">\n\t\t\t\t<h2 itemprop=\"name\" class=\"eltdf-pli-title entry-title\" style=\"text-transform: uppercase\">\n\t\tS\u00c4ILYTETT\u00c4V\u00c4T PUUT\t<\/h2>\n\n\t\t\t\n\t\t\t\t\t<\/div>\n\t<\/div>\n<\/div>\n\n\t\t<a itemprop=\"url\" class=\"eltdf-pli-link eltdf-block-drag-link\" href=\"https:\/\/phytowall.ee\/fi\/products\/trees\/\" target=\"_blank\"><\/a>\n\t<\/div>\n<\/article><article class=\"eltdf-pl-item eltdf-item-space  post-34450 portfolio-item type-portfolio-item status-publish has-post-thumbnail hentry portfolio-category-tuotteet\">\n\t<div class=\"eltdf-pl-item-inner\">\n\t\t<div class=\"eltdf-pli-image\">\n\t<img loading=\"lazy\" decoding=\"async\" width=\"750\" height=\"937\" src=\"https:\/\/phytowall.ee\/wp-content\/uploads\/2018\/03\/IMG_9311.jpg\" class=\"attachment-full size-full wp-post-image\" alt=\"\" srcset=\"https:\/\/phytowall.ee\/wp-content\/uploads\/2018\/03\/IMG_9311.jpg 750w, https:\/\/phytowall.ee\/wp-content\/uploads\/2018\/03\/IMG_9311-240x300.jpg 240w, https:\/\/phytowall.ee\/wp-content\/uploads\/2018\/03\/IMG_9311-600x750.jpg 600w\" sizes=\"auto, (max-width: 750px) 100vw, 750px\" \/><\/div>\n<div class=\"eltdf-pli-text-holder\" style=\"margin-bottom: 30px\">\n\t<div class=\"eltdf-pli-text-wrapper\">\n\t\t<div class=\"eltdf-pli-text\">\n\t\t\t\t<h2 itemprop=\"name\" class=\"eltdf-pli-title entry-title\" style=\"text-transform: uppercase\">\n\t\tSammaltekstuuri arkkitehdeille ja suunnittelijoille\t<\/h2>\n\n\t\t\t\n\t\t\t\t\t<\/div>\n\t<\/div>\n<\/div>\n\n\t\t<a itemprop=\"url\" class=\"eltdf-pli-link eltdf-block-drag-link\" href=\"https:\/\/phytowall.ee\/fi\/products\/textures\/\" target=\"_blank\"><\/a>\n\t<\/div>\n<\/article><article class=\"eltdf-pl-item eltdf-item-space  post-34444 portfolio-item type-portfolio-item status-publish has-post-thumbnail hentry portfolio-category-tuotteet\">\n\t<div class=\"eltdf-pl-item-inner\">\n\t\t<div class=\"eltdf-pli-image\">\n\t<img loading=\"lazy\" decoding=\"async\" width=\"1848\" height=\"1200\" src=\"https:\/\/phytowall.ee\/wp-content\/uploads\/2023\/11\/1-37.jpg\" class=\"attachment-full size-full wp-post-image\" alt=\"\" srcset=\"https:\/\/phytowall.ee\/wp-content\/uploads\/2023\/11\/1-37.jpg 1848w, https:\/\/phytowall.ee\/wp-content\/uploads\/2023\/11\/1-37-600x390.jpg 600w, https:\/\/phytowall.ee\/wp-content\/uploads\/2023\/11\/1-37-300x195.jpg 300w, https:\/\/phytowall.ee\/wp-content\/uploads\/2023\/11\/1-37-1024x665.jpg 1024w, https:\/\/phytowall.ee\/wp-content\/uploads\/2023\/11\/1-37-768x499.jpg 768w, https:\/\/phytowall.ee\/wp-content\/uploads\/2023\/11\/1-37-1536x997.jpg 1536w\" sizes=\"auto, (max-width: 1848px) 100vw, 1848px\" \/><\/div>\n<div class=\"eltdf-pli-text-holder\" style=\"margin-bottom: 30px\">\n\t<div class=\"eltdf-pli-text-wrapper\">\n\t\t<div class=\"eltdf-pli-text\">\n\t\t\t\t<h2 itemprop=\"name\" class=\"eltdf-pli-title entry-title\" style=\"text-transform: uppercase\">\n\t\tStabilisoidusta sammalsta valmistetut pallot\t<\/h2>\n\n\t\t\t\n\t\t\t\t\t<\/div>\n\t<\/div>\n<\/div>\n\n\t\t<a itemprop=\"url\" class=\"eltdf-pli-link eltdf-block-drag-link\" href=\"https:\/\/phytowall.ee\/fi\/products\/spheres\/\" target=\"_blank\"><\/a>\n\t<\/div>\n<\/article><article class=\"eltdf-pl-item eltdf-item-space  post-34435 portfolio-item type-portfolio-item status-publish has-post-thumbnail hentry portfolio-category-tuotteet\">\n\t<div class=\"eltdf-pl-item-inner\">\n\t\t<div class=\"eltdf-pli-image\">\n\t<img loading=\"lazy\" decoding=\"async\" width=\"1440\" height=\"1064\" src=\"https:\/\/phytowall.ee\/wp-content\/uploads\/2024\/09\/image_123650291-5.jpg\" class=\"attachment-full size-full wp-post-image\" alt=\"\" srcset=\"https:\/\/phytowall.ee\/wp-content\/uploads\/2024\/09\/image_123650291-5.jpg 1440w, https:\/\/phytowall.ee\/wp-content\/uploads\/2024\/09\/image_123650291-5-300x222.jpg 300w, https:\/\/phytowall.ee\/wp-content\/uploads\/2024\/09\/image_123650291-5-1024x757.jpg 1024w, https:\/\/phytowall.ee\/wp-content\/uploads\/2024\/09\/image_123650291-5-768x567.jpg 768w, https:\/\/phytowall.ee\/wp-content\/uploads\/2024\/09\/image_123650291-5-600x443.jpg 600w\" sizes=\"auto, (max-width: 1440px) 100vw, 1440px\" \/><\/div>\n<div class=\"eltdf-pli-text-holder\" style=\"margin-bottom: 30px\">\n\t<div class=\"eltdf-pli-text-wrapper\">\n\t\t<div class=\"eltdf-pli-text\">\n\t\t\t\t<h2 itemprop=\"name\" class=\"eltdf-pli-title entry-title\" style=\"text-transform: uppercase\">\n\t\tSTABILOIDUT KASVIT\t<\/h2>\n\n\t\t\t\n\t\t\t\t\t<\/div>\n\t<\/div>\n<\/div>\n\n\t\t<a itemprop=\"url\" class=\"eltdf-pli-link eltdf-block-drag-link\" href=\"https:\/\/phytowall.ee\/fi\/products\/preserved-plants\/\" target=\"_blank\"><\/a>\n\t<\/div>\n<\/article><article class=\"eltdf-pl-item eltdf-item-space  post-34441 portfolio-item type-portfolio-item status-publish has-post-thumbnail hentry portfolio-category-tuotteet\">\n\t<div class=\"eltdf-pl-item-inner\">\n\t\t<div class=\"eltdf-pli-image\">\n\t<img loading=\"lazy\" decoding=\"async\" width=\"1296\" height=\"1936\" src=\"https:\/\/phytowall.ee\/wp-content\/uploads\/2018\/03\/redroses2-1_5000x.jpg.webp\" class=\"attachment-full size-full wp-post-image\" alt=\"\" srcset=\"https:\/\/phytowall.ee\/wp-content\/uploads\/2018\/03\/redroses2-1_5000x.jpg.webp 1296w, https:\/\/phytowall.ee\/wp-content\/uploads\/2018\/03\/redroses2-1_5000x.jpg-201x300.webp 201w, https:\/\/phytowall.ee\/wp-content\/uploads\/2018\/03\/redroses2-1_5000x.jpg-685x1024.webp 685w, https:\/\/phytowall.ee\/wp-content\/uploads\/2018\/03\/redroses2-1_5000x.jpg-768x1147.webp 768w, https:\/\/phytowall.ee\/wp-content\/uploads\/2018\/03\/redroses2-1_5000x.jpg-1028x1536.webp 1028w, https:\/\/phytowall.ee\/wp-content\/uploads\/2018\/03\/redroses2-1_5000x.jpg-600x896.webp 600w\" sizes=\"auto, (max-width: 1296px) 100vw, 1296px\" \/><\/div>\n<div class=\"eltdf-pli-text-holder\" style=\"margin-bottom: 30px\">\n\t<div class=\"eltdf-pli-text-wrapper\">\n\t\t<div class=\"eltdf-pli-text\">\n\t\t\t\t<h2 itemprop=\"name\" class=\"eltdf-pli-title entry-title\" style=\"text-transform: uppercase\">\n\t\tStabiloidut Ruusut\t<\/h2>\n\n\t\t\t\n\t\t\t\t\t<\/div>\n\t<\/div>\n<\/div>\n\n\t\t<a itemprop=\"url\" class=\"eltdf-pli-link eltdf-block-drag-link\" href=\"https:\/\/phytowall.ee\/fi\/products\/preserved-roses\/\" target=\"_blank\"><\/a>\n\t<\/div>\n<\/article><article class=\"eltdf-pl-item eltdf-item-space  post-68211 portfolio-item type-portfolio-item status-publish has-post-thumbnail hentry portfolio-category-tuotteet\">\n\t<div class=\"eltdf-pl-item-inner\">\n\t\t<div class=\"eltdf-pli-image\">\n\t<img loading=\"lazy\" decoding=\"async\" width=\"800\" height=\"600\" src=\"https:\/\/phytowall.ee\/wp-content\/uploads\/2024\/11\/artificial-green-wall-3-2.jpg\" class=\"attachment-full size-full wp-post-image\" alt=\"\" srcset=\"https:\/\/phytowall.ee\/wp-content\/uploads\/2024\/11\/artificial-green-wall-3-2.jpg 800w, https:\/\/phytowall.ee\/wp-content\/uploads\/2024\/11\/artificial-green-wall-3-2-300x225.jpg 300w, https:\/\/phytowall.ee\/wp-content\/uploads\/2024\/11\/artificial-green-wall-3-2-768x576.jpg 768w, https:\/\/phytowall.ee\/wp-content\/uploads\/2024\/11\/artificial-green-wall-3-2-600x450.jpg 600w\" sizes=\"auto, (max-width: 800px) 100vw, 800px\" \/><\/div>\n<div class=\"eltdf-pli-text-holder\" style=\"margin-bottom: 30px\">\n\t<div class=\"eltdf-pli-text-wrapper\">\n\t\t<div class=\"eltdf-pli-text\">\n\t\t\t\t<h2 itemprop=\"name\" class=\"eltdf-pli-title entry-title\" style=\"text-transform: uppercase\">\n\t\tTEKOPUUT JA VIHERSEIN\u00c4T\t<\/h2>\n\n\t\t\t\n\t\t\t\t\t<\/div>\n\t<\/div>\n<\/div>\n\n\t\t<a itemprop=\"url\" class=\"eltdf-pli-link eltdf-block-drag-link\" href=\"https:\/\/phytowall.ee\/fi\/products\/articifial-plants-and-trees\/\" target=\"_blank\"><\/a>\n\t<\/div>\n<\/article>\t\t\t<\/div>\n\t\n\t<\/div>\t\t<\/div>\n\t<\/div>\n<\/div>\n\n<\/div>[\/vc_column][\/vc_row]<\/p>\n<\/div>","protected":false},"excerpt":{"rendered":"<p>[vc_row row_content_width=&#8221;grid&#8221; css=&#8221;.vc_custom_1706177114909{margin-top: 120px !important;margin-bottom: 120px !important;}&#8221; el_class=&#8221;materials_grid&#8221;][vc_column][\/vc_column][\/vc_row]<\/p>\n","protected":false},"author":1,"featured_media":0,"parent":0,"menu_order":0,"comment_status":"closed","ping_status":"closed","template":"full-width.php","meta":{"_monsterinsights_skip_tracking":false,"_monsterinsights_sitenote_active":false,"_monsterinsights_sitenote_note":"","_monsterinsights_sitenote_category":0,"footnotes":""},"class_list":["post-34420","page","type-page","status-publish","hentry"],"_links":{"self":[{"href":"https:\/\/phytowall.ee\/fi\/wp-json\/wp\/v2\/pages\/34420","targetHints":{"allow":["GET"]}}],"collection":[{"href":"https:\/\/phytowall.ee\/fi\/wp-json\/wp\/v2\/pages"}],"about":[{"href":"https:\/\/phytowall.ee\/fi\/wp-json\/wp\/v2\/types\/page"}],"author":[{"embeddable":true,"href":"https:\/\/phytowall.ee\/fi\/wp-json\/wp\/v2\/users\/1"}],"replies":[{"embeddable":true,"href":"https:\/\/phytowall.ee\/fi\/wp-json\/wp\/v2\/comments?post=34420"}],"version-history":[{"count":2,"href":"https:\/\/phytowall.ee\/fi\/wp-json\/wp\/v2\/pages\/34420\/revisions"}],"predecessor-version":[{"id":65400,"href":"https:\/\/phytowall.ee\/fi\/wp-json\/wp\/v2\/pages\/34420\/revisions\/65400"}],"wp:attachment":[{"href":"https:\/\/phytowall.ee\/fi\/wp-json\/wp\/v2\/media?parent=34420"}],"curies":[{"name":"wp","href":"https:\/\/api.w.org\/{rel}","templated":true}]}}