{"id":34582,"date":"2023-11-25T16:30:20","date_gmt":"2023-11-25T16:30:20","guid":{"rendered":"https:\/\/phytowall.ee\/products\/textures\/"},"modified":"2024-06-03T14:59:19","modified_gmt":"2024-06-03T14:59:19","slug":"textures","status":"publish","type":"page","link":"https:\/\/phytowall.ee\/fi\/products\/textures\/","title":{"rendered":"Sammaltekstuurit arkkitehdeille ja suunnittelijoille"},"content":{"rendered":"<div class=\"wpb-content-wrapper\"><p>[vc_row equal_height=&#8221;yes&#8221; css=&#8221;.vc_custom_1700839705948{margin-top: 120px !important;margin-right: 0px !important;margin-left: 0px !important;padding-top: 0px !important;padding-bottom: 0px !important;}&#8221;][vc_column css=&#8221;.vc_custom_1700839650057{padding-top: 0px !important;padding-right: 0px !important;padding-bottom: 0px !important;padding-left: 0px !important;}&#8221;]<div class=\"eltdf-elements-holder   eltdf-two-columns  eltdf-responsive-mode-1024 \" ><div class=\"eltdf-eh-item textures    \"  data-item-class=\"eltdf-eh-custom-6635\" data-1366-1600=\"157px 149px 126px 94px\" data-1024-1366=\"128px 110px 135px 110px\" data-768-1024=\"0px 100px 40px\" data-680-768=\"0px 100px 40px\" data-680=\"0px 50px 40px\">\n\t\t<div class=\"eltdf-eh-item-inner\">\n\t\t<div class=\"eltdf-eh-item-content eltdf-eh-custom-6635\" style=\"padding: 100px 125px 100px 238px\">\n\t\t\t<div class=\"eltdf-section-title-holder  eltdf-st-standard eltdf-st-title-left eltdf-st-normal-space \" >\n\t<div class=\"eltdf-st-inner\">\n\t\t\t\t\t<h1 class=\"eltdf-st-title\" >\n\t\t\t\tSAMMALTEKSTUURIT ARKKITEHDEILLE JA SUUNNITTELIJOILLE\t\t\t<\/h1>\n\t\t\t\t\t\t\t<div class=\"eltdf-separator-holder clearfix   \">\n\t<div class=\"eltdf-separator\" style=\"margin-bottom: 2px\"><\/div>\n<\/div>\n\t\t\t\t\t<\/div>\n<\/div>[vc_column_text]Omien projektien visualisointiin tarjoamme sammalten ja kasvien tekstuureja, jotka voit ladata alta.[\/vc_column_text][vc_empty_space height=&#8221;48px&#8221;]<div class=\"eltdf-iwt clearfix eltdf-iwt-icon-font  eltdf-iwt-icon-left eltdf-iwt-icon-small\">\n\t<div class=\"eltdf-iwt-icon\">\n\t\t\t\t\t<a itemprop=\"url\" href=\"https:\/\/phytowall.ee\/wp-content\/uploads\/2023\/11\/Flat-moss.zip\" target=\"_blank\">\n\t\t\t\t\t\t\t\t\t    <span class=\"eltdf-icon-shortcode eltdf-normal   eltdf-icon-small\"  data-hover-color=\"#c1b1a3\" data-color=\"#5d6f4e\">\n                    <span aria-hidden=\"true\" class=\"eltdf-icon-linear-icons lnr lnr-download eltdf-icon-element\" style=\"color: #5d6f4e\" ><\/span>            <\/span>\n\t\t\t\t\t\t\t\t<\/a>\n\t\t\t<\/div>\n\t<div class=\"eltdf-iwt-content\" >\n\t\t\t\t\t<h3 class=\"eltdf-iwt-title\" >\n\t\t\t\t\t\t\t\t\t<a itemprop=\"url\" href=\"https:\/\/phytowall.ee\/wp-content\/uploads\/2023\/11\/Flat-moss.zip\" target=\"_blank\">\n\t\t\t\t\t\t\t\t<span class=\"eltdf-iwt-title-text\">Flat moss<\/span>\n\t\t\t\t\t\t\t\t\t<\/a>\n\t\t\t\t\t\t\t<\/h3>\n\n\t\t\t\t\t<\/div>\n\t<\/div><div class=\"eltdf-iwt clearfix eltdf-iwt-icon-font  eltdf-iwt-icon-left eltdf-iwt-icon-small\">\n\t<div class=\"eltdf-iwt-icon\">\n\t\t\t\t\t<a itemprop=\"url\" href=\"https:\/\/phytowall.ee\/wp-content\/uploads\/2023\/11\/Flat-pole-moss-plants.zip\" target=\"_blank\">\n\t\t\t\t\t\t\t\t\t    <span class=\"eltdf-icon-shortcode eltdf-normal   eltdf-icon-small\"  data-hover-color=\"#c1b1a3\" data-color=\"#5d6f4e\">\n                    <span aria-hidden=\"true\" class=\"eltdf-icon-linear-icons lnr lnr-download eltdf-icon-element\" style=\"color: #5d6f4e\" ><\/span>            <\/span>\n\t\t\t\t\t\t\t\t<\/a>\n\t\t\t<\/div>\n\t<div class=\"eltdf-iwt-content\" >\n\t\t\t\t\t<h3 class=\"eltdf-iwt-title\" >\n\t\t\t\t\t\t\t\t\t<a itemprop=\"url\" href=\"https:\/\/phytowall.ee\/wp-content\/uploads\/2023\/11\/Flat-pole-moss-plants.zip\" target=\"_blank\">\n\t\t\t\t\t\t\t\t<span class=\"eltdf-iwt-title-text\">Flat pole moss plants<\/span>\n\t\t\t\t\t\t\t\t\t<\/a>\n\t\t\t\t\t\t\t<\/h3>\n\n\t\t\t\t\t<\/div>\n\t<\/div><div class=\"eltdf-iwt clearfix eltdf-iwt-icon-font  eltdf-iwt-icon-left eltdf-iwt-icon-small\">\n\t<div class=\"eltdf-iwt-icon\">\n\t\t\t\t\t<a itemprop=\"url\" href=\"https:\/\/phytowall.ee\/wp-content\/uploads\/2023\/11\/Flat-pole-moss.zip\" target=\"_blank\">\n\t\t\t\t\t\t\t\t\t    <span class=\"eltdf-icon-shortcode eltdf-normal   eltdf-icon-small\"  data-hover-color=\"#c1b1a3\" data-color=\"#5d6f4e\">\n                    <span aria-hidden=\"true\" class=\"eltdf-icon-linear-icons lnr lnr-download eltdf-icon-element\" style=\"color: #5d6f4e\" ><\/span>            <\/span>\n\t\t\t\t\t\t\t\t<\/a>\n\t\t\t<\/div>\n\t<div class=\"eltdf-iwt-content\" >\n\t\t\t\t\t<h3 class=\"eltdf-iwt-title\" >\n\t\t\t\t\t\t\t\t\t<a itemprop=\"url\" href=\"https:\/\/phytowall.ee\/wp-content\/uploads\/2023\/11\/Flat-pole-moss.zip\" target=\"_blank\">\n\t\t\t\t\t\t\t\t<span class=\"eltdf-iwt-title-text\">Flat pole moss<\/span>\n\t\t\t\t\t\t\t\t\t<\/a>\n\t\t\t\t\t\t\t<\/h3>\n\n\t\t\t\t\t<\/div>\n\t<\/div><div class=\"eltdf-iwt clearfix eltdf-iwt-icon-font  eltdf-iwt-icon-left eltdf-iwt-icon-small\">\n\t<div class=\"eltdf-iwt-icon\">\n\t\t\t\t\t<a itemprop=\"url\" href=\"https:\/\/phytowall.ee\/wp-content\/uploads\/2023\/11\/Pole-moss.zip\" target=\"_blank\">\n\t\t\t\t\t\t\t\t\t    <span class=\"eltdf-icon-shortcode eltdf-normal   eltdf-icon-small\"  data-hover-color=\"#c1b1a3\" data-color=\"#5d6f4e\">\n                    <span aria-hidden=\"true\" class=\"eltdf-icon-linear-icons lnr lnr-download eltdf-icon-element\" style=\"color: #5d6f4e\" ><\/span>            <\/span>\n\t\t\t\t\t\t\t\t<\/a>\n\t\t\t<\/div>\n\t<div class=\"eltdf-iwt-content\" >\n\t\t\t\t\t<h3 class=\"eltdf-iwt-title\" >\n\t\t\t\t\t\t\t\t\t<a itemprop=\"url\" href=\"https:\/\/phytowall.ee\/wp-content\/uploads\/2023\/11\/Pole-moss.zip\" target=\"_blank\">\n\t\t\t\t\t\t\t\t<span class=\"eltdf-iwt-title-text\">Pole moss<\/span>\n\t\t\t\t\t\t\t\t\t<\/a>\n\t\t\t\t\t\t\t<\/h3>\n\n\t\t\t\t\t<\/div>\n\t<\/div><div class=\"eltdf-iwt clearfix eltdf-iwt-icon-font  eltdf-iwt-icon-left eltdf-iwt-icon-small\">\n\t<div class=\"eltdf-iwt-icon\">\n\t\t\t\t\t<a itemprop=\"url\" href=\"https:\/\/phytowall.ee\/wp-content\/uploads\/2023\/11\/Scandinavian-moss.zip\" target=\"_blank\">\n\t\t\t\t\t\t\t\t\t    <span class=\"eltdf-icon-shortcode eltdf-normal   eltdf-icon-small\"  data-hover-color=\"#c1b1a3\" data-color=\"#5d6f4e\">\n                    <span aria-hidden=\"true\" class=\"eltdf-icon-linear-icons lnr lnr-download eltdf-icon-element\" style=\"color: #5d6f4e\" ><\/span>            <\/span>\n\t\t\t\t\t\t\t\t<\/a>\n\t\t\t<\/div>\n\t<div class=\"eltdf-iwt-content\" >\n\t\t\t\t\t<h3 class=\"eltdf-iwt-title\" >\n\t\t\t\t\t\t\t\t\t<a itemprop=\"url\" href=\"https:\/\/phytowall.ee\/wp-content\/uploads\/2023\/11\/Scandinavian-moss.zip\" target=\"_blank\">\n\t\t\t\t\t\t\t\t<span class=\"eltdf-iwt-title-text\">Scandinavian moss<\/span>\n\t\t\t\t\t\t\t\t\t<\/a>\n\t\t\t\t\t\t\t<\/h3>\n\n\t\t\t\t\t<\/div>\n\t<\/div>\t\t<\/div>\n\t<\/div>\n<\/div>\n\n<div class=\"eltdf-eh-item product_image    \"  data-item-class=\"eltdf-eh-custom-7102\">\n\t\t<div class=\"eltdf-eh-item-inner\">\n\t\t<div class=\"eltdf-eh-item-content eltdf-eh-custom-7102\" >\n\t\t\t<div class=\"eltdf-swaying-image-holder eltdf-si-with-border eltdf-si-to-right\">\n\t\t<div class=\"eltdf-swaying-image\" style=\"background-image: url(https:\/\/phytowall.ee\/wp-content\/uploads\/2023\/11\/43.jpg)\"><\/div>\n\t\t\t<div class=\"eltdf-si-border\"  ><\/div>\n\t<\/div>\t\t<\/div>\n\t<\/div>\n<\/div>\n\n<\/div>[\/vc_column][\/vc_row][vc_row equal_height=&#8221;yes&#8221; css=&#8221;.vc_custom_1717426756897{margin-top: 0px !important;margin-right: 0px !important;margin-bottom: 120px !important;margin-left: 0px !important;padding-top: 0px !important;padding-bottom: 0px !important;}&#8221; el_class=&#8221;mobile_adaptive_width&#8221;][vc_column css=&#8221;.vc_custom_1700839650057{padding-top: 0px !important;padding-right: 0px !important;padding-bottom: 0px !important;padding-left: 0px !important;}&#8221;]<div class=\"eltdf-elements-holder   eltdf-two-columns  eltdf-responsive-mode-1024 \" ><div class=\"eltdf-eh-item product_image    \"  data-item-class=\"eltdf-eh-custom-3050\">\n\t\t<div class=\"eltdf-eh-item-inner\">\n\t\t<div class=\"eltdf-eh-item-content eltdf-eh-custom-3050\" >\n\t\t\t<div class=\"eltdf-swaying-image-holder eltdf-si-with-border eltdf-si-to-left\">\n\t\t<div class=\"eltdf-swaying-image\" style=\"background-image: url(https:\/\/phytowall.ee\/wp-content\/uploads\/2023\/11\/27-2.jpg)\"><\/div>\n\t\t\t<div class=\"eltdf-si-border\"  ><\/div>\n\t<\/div>\t\t<\/div>\n\t<\/div>\n<\/div>\n\n<div class=\"eltdf-eh-item     \"  data-item-class=\"eltdf-eh-custom-6700\" data-1366-1600=\"124px 149px 126px 94px\" data-1024-1366=\"128px 110px 135px 110px\" data-768-1024=\"80px 100px 0px\" data-680-768=\"80px 100px 0px\" data-680=\"100px 50px 0px\">\n\t\t<div class=\"eltdf-eh-item-inner\">\n\t\t<div class=\"eltdf-eh-item-content eltdf-eh-custom-6700\" style=\"padding: 100px 210px 100px 125px\">\n\t\t\t<div class=\"eltdf-section-title-holder  eltdf-st-standard eltdf-st-title-left eltdf-st-normal-space \" >\n\t<div class=\"eltdf-st-inner\">\n\t\t\t\t\t<h1 class=\"eltdf-st-title\" >\n\t\t\t\tTextures for designers and architects\t\t\t<\/h1>\n\t\t\t\t\t\t\t<div class=\"eltdf-separator-holder clearfix   \">\n\t<div class=\"eltdf-separator\" style=\"margin-bottom: 2px\"><\/div>\n<\/div>\n\t\t\t\t\t<\/div>\n<\/div>[vc_column_text]Phytowall tekee mielell\u00e4\u00e4n yhteisty\u00f6t\u00e4 suunnittelijoiden ja arkkitehtien kanssa. Stabiloidut sammaleet ja kasvit ovat suunnittelun vallankumous, joka lupaa tuoda sisustusratkaisuihin ja arkkitehtuuriin 100 % ekologiset ja ainutlaatuiset ratkaisut. Valikoimissamme on erityyppisi\u00e4 sammaleita: sammalm\u00e4tt\u00e4it\u00e4, suoraa sammalta, islanninj\u00e4k\u00e4l\u00e4\u00e4, jolla on laaja v\u00e4rivalikoima, laaja stabiloitujen kasvien valikoima, puita ja kukkia.<\/p>\n<p>Stabiloidun sammaleen avulla on mahdollisuus luoda mink\u00e4 tahansa kokoisia teoksia, seini\u00e4, kehystettyj\u00e4 tai kehyst\u00e4m\u00e4tt\u00f6mi\u00e4 kuvia, mit\u00e4 tahansa muotoja ja tyylej\u00e4: piirustuksia, otsikoita, logoja, el\u00e4vi\u00e4 kuvia sek\u00e4 klassiseen, high tech- ett\u00e4 moderniin sisustukseen. Sammaleesta ja kasveista tehdyt teokset voidaan asentaa mille pinnalle tahansa: seiniin, kattoihin, lattioille, pylv\u00e4isiin, voidaan luoda riippuvia rakenteita, jne.<\/p>\n<p>Lis\u00e4tietoja voi aina pyyt\u00e4\u00e4, jos kyseess\u00e4 on jokin erityinen projekti. L\u00f6yt\u00e4\u00e4ksesi parhaan ratkaisun projektiasi varten, katso lis\u00e4\u00e4 kotisivultamme ja ota meihin yhteytt\u00e4 sammaln\u00e4ytteiden saamista varten.[\/vc_column_text]\t\t<\/div>\n\t<\/div>\n<\/div>\n\n<\/div>[\/vc_column][\/vc_row][vc_row row_content_width=&#8221;grid&#8221; css=&#8221;.vc_custom_1700849213255{margin-top: 120px !important;margin-bottom: 120px !important;}&#8221;][vc_column]<div class=\"eltdf-elements-holder   eltdf-one-column  eltdf-responsive-mode-768 \" ><div class=\"eltdf-eh-item  eltdf-vertical-alignment-top eltdf-horizontal-alignment-center  \"  data-item-class=\"eltdf-eh-custom-7413\" data-1024-1366=\"0px 150px\" data-768-1024=\"0px 0px 0px 0px\" data-680-768=\"0px 0px 0px 0px\" data-680=\"0px 0px 0px 0px\">\n\t\t<div class=\"eltdf-eh-item-inner\">\n\t\t<div class=\"eltdf-eh-item-content eltdf-eh-custom-7413\" style=\"padding: 0 300px 0 300px\">\n\t\t\t<div class=\"eltdf-section-title-holder  eltdf-st-standard eltdf-st-title-left eltdf-st-normal-space \" style=\"text-align: center\">\n\t<div class=\"eltdf-st-inner\">\n\t\t\t\t\t<h2 class=\"eltdf-st-title\" >\n\t\t\t\tOnko sinulla kysytt\u00e4v\u00e4\u00e4?\t\t\t<\/h2>\n\t\t\t\t\t\t\t<div class=\"eltdf-separator-holder clearfix   \">\n\t<div class=\"eltdf-separator\" style=\"margin-bottom: 8px\"><\/div>\n<\/div>\n\t\t\t\t\t\t\t<p class=\"eltdf-st-text\" style=\"font-size: 16px;font-weight: 400\">\n\t\t\t\tJ\u00e4t\u00e4 meille viesti alla, niin otamme sinuun yhteytt\u00e4 mahdollisimman pian.\t\t\t<\/p>\n\t\t\t<\/div>\n<\/div>\n<div class=\"wpcf7 no-js\" id=\"wpcf7-f34470-o1\" lang=\"fi\" dir=\"ltr\" data-wpcf7-id=\"34470\">\n<div class=\"screen-reader-response\"><p role=\"status\" aria-live=\"polite\" aria-atomic=\"true\"><\/p> <ul><\/ul><\/div>\n<form action=\"\/fi\/wp-json\/wp\/v2\/pages\/34582#wpcf7-f34470-o1\" method=\"post\" class=\"wpcf7-form init\" aria-label=\"Yhteydenottolomake\" novalidate=\"novalidate\" data-status=\"init\">\n<fieldset class=\"hidden-fields-container\"><input type=\"hidden\" name=\"_wpcf7\" value=\"34470\" \/><input type=\"hidden\" name=\"_wpcf7_version\" value=\"6.1.5\" \/><input type=\"hidden\" name=\"_wpcf7_locale\" value=\"fi\" \/><input type=\"hidden\" name=\"_wpcf7_unit_tag\" value=\"wpcf7-f34470-o1\" \/><input type=\"hidden\" name=\"_wpcf7_container_post\" value=\"0\" \/><input type=\"hidden\" name=\"_wpcf7_posted_data_hash\" value=\"\" \/>\n<\/fieldset>\n<div class=\"eltdf-grid-row eltdf-grid-small-gutter\">\n\t<div class=\"eltdf-grid-col-6\">\n\t\t<p><label>Etunimi <span class=\"required\">*<\/span><\/label><span class=\"wpcf7-form-control-wrap\" data-name=\"your-name\"><input size=\"40\" maxlength=\"400\" class=\"wpcf7-form-control wpcf7-text wpcf7-validates-as-required\" aria-required=\"true\" aria-invalid=\"false\" value=\"\" type=\"text\" name=\"your-name\" \/><\/span>\n\t\t<\/p>\n\t<\/div>\n\t<div class=\"eltdf-grid-col-6\">\n\t\t<p><label>S\u00e4hk\u00f6posti <span class=\"required\">*<\/span><\/label><span class=\"wpcf7-form-control-wrap\" data-name=\"your-email\"><input size=\"40\" maxlength=\"400\" class=\"wpcf7-form-control wpcf7-email wpcf7-validates-as-required wpcf7-text wpcf7-validates-as-email\" aria-required=\"true\" aria-invalid=\"false\" value=\"\" type=\"email\" name=\"your-email\" \/><\/span>\n\t\t<\/p>\n\t<\/div>\n<\/div>\n<p><label>Viesti<\/label><span class=\"wpcf7-form-control-wrap\" data-name=\"your-message\"><textarea cols=\"40\" rows=\"8\" maxlength=\"2000\" class=\"wpcf7-form-control wpcf7-textarea\" aria-invalid=\"false\" name=\"your-message\"><\/textarea><\/span>\n<\/p>\n<div class=\"eltdf-cf7-submit-holder\">\n\t<p><input class=\"wpcf7-form-control wpcf7-submit has-spinner\" type=\"submit\" value=\"L\u00e4hett\u00e4\u00e4\" \/>\n\t<\/p>\n<\/div><div class=\"wpcf7-response-output\" aria-hidden=\"true\"><\/div>\n<\/form>\n<\/div>\n\t\t<\/div>\n\t<\/div>\n<\/div>\n\n<\/div>[\/vc_column][\/vc_row]<\/p>\n<\/div>","protected":false},"excerpt":{"rendered":"<p>[vc_row equal_height=&#8221;yes&#8221; css=&#8221;.vc_custom_1700839705948{margin-top: 120px !important;margin-right: 0px !important;margin-left: 0px !important;padding-top: 0px !important;padding-bottom: 0px !important;}&#8221;][vc_column css=&#8221;.vc_custom_1700839650057{padding-top: 0px !important;padding-right: 0px !important;padding-bottom: 0px !important;padding-left: 0px !important;}&#8221;][\/vc_column][\/vc_row][vc_row equal_height=&#8221;yes&#8221; css=&#8221;.vc_custom_1717426756897{margin-top: 0px !important;margin-right: 0px !important;margin-bottom: 120px !important;margin-left: 0px !important;padding-top: 0px !important;padding-bottom: 0px !important;}&#8221; el_class=&#8221;mobile_adaptive_width&#8221;][vc_column css=&#8221;.vc_custom_1700839650057{padding-top: 0px !important;padding-right: [&hellip;]<\/p>\n","protected":false},"author":1,"featured_media":19692,"parent":34420,"menu_order":0,"comment_status":"closed","ping_status":"closed","template":"full-width.php","meta":{"_monsterinsights_skip_tracking":false,"_monsterinsights_sitenote_active":false,"_monsterinsights_sitenote_note":"","_monsterinsights_sitenote_category":0,"footnotes":""},"class_list":["post-34582","page","type-page","status-publish","has-post-thumbnail","hentry"],"_links":{"self":[{"href":"https:\/\/phytowall.ee\/fi\/wp-json\/wp\/v2\/pages\/34582","targetHints":{"allow":["GET"]}}],"collection":[{"href":"https:\/\/phytowall.ee\/fi\/wp-json\/wp\/v2\/pages"}],"about":[{"href":"https:\/\/phytowall.ee\/fi\/wp-json\/wp\/v2\/types\/page"}],"author":[{"embeddable":true,"href":"https:\/\/phytowall.ee\/fi\/wp-json\/wp\/v2\/users\/1"}],"replies":[{"embeddable":true,"href":"https:\/\/phytowall.ee\/fi\/wp-json\/wp\/v2\/comments?post=34582"}],"version-history":[{"count":1,"href":"https:\/\/phytowall.ee\/fi\/wp-json\/wp\/v2\/pages\/34582\/revisions"}],"predecessor-version":[{"id":65434,"href":"https:\/\/phytowall.ee\/fi\/wp-json\/wp\/v2\/pages\/34582\/revisions\/65434"}],"up":[{"embeddable":true,"href":"https:\/\/phytowall.ee\/fi\/wp-json\/wp\/v2\/pages\/34420"}],"wp:featuredmedia":[{"embeddable":true,"href":"https:\/\/phytowall.ee\/fi\/wp-json\/wp\/v2\/media\/19692"}],"wp:attachment":[{"href":"https:\/\/phytowall.ee\/fi\/wp-json\/wp\/v2\/media?parent=34582"}],"curies":[{"name":"wp","href":"https:\/\/api.w.org\/{rel}","templated":true}]}}