{"id":34599,"date":"2023-11-27T11:49:15","date_gmt":"2023-11-27T11:49:15","guid":{"rendered":"https:\/\/phytowall.ee\/terms-and-conditions\/"},"modified":"2023-12-21T12:12:58","modified_gmt":"2023-12-21T12:12:58","slug":"terms-and-conditions","status":"publish","type":"page","link":"https:\/\/phytowall.ee\/fi\/terms-and-conditions\/","title":{"rendered":"Olosuhteet"},"content":{"rendered":"<div class=\"wpb-content-wrapper\"><p>[vc_row css=&#8221;.vc_custom_1701085635690{padding-top: 120px !important;padding-bottom: 120px !important;}&#8221; el_class=&#8221;text_page&#8221;][vc_column][vc_column_text]<\/p>\n<p style=\"text-align: center;\">Konigor O\u00dc\/www.phytowall.ee e-poe m\u00fc\u00fcgi-, \u00fcld- ja tellimistingimused<\/p>\n<h6><strong>1. Tingimuste ulatus ja kehtivus<\/strong><\/h6>\n<p>1.1. K\u00e4esolevad Konigor O\u00dc (edaspidi M\u00fc\u00fcja) e-poe \u00fcld- ja tellimistingimused (edaspidi nimetatud Tingimused) kehtivad k\u00f5ikide isikute suhtes (edaspidi Ostja), kes kasutavad www.phytowall.ee e-poodi (edaspidi e-pood), tellivad e-poest kaupu ja teenuseid (edaspidi Kaup), sealhulgas s\u00f5lmides e-poest kauba ostmiseks ostu-m\u00fc\u00fcgilepingu (edaspidi M\u00fc\u00fcgileping).<\/p>\n<p>1.2. Tingimuste aktsepteerimisega kinnitab Ostja, et ta on M\u00fc\u00fcgilepingu tingimustega tutvunud, nendega n\u00f5us ja t\u00e4idab neid. Tingimustega tutvumine on Teile kohustuslik.<\/p>\n<p>1.3. M\u00fc\u00fcjal on \u00f5igus k\u00e4esolevaid tingimusi muuta, teavitades sellest veebilehel www.phytowall.ee. Muudatusi ei rakendata tagasiulatuvalt.<\/p>\n<p>1.4. M\u00fc\u00fcja j\u00e4tab endale \u00f5iguse loobuda tellitud kaupade m\u00fc\u00fcgist j\u00e4rgmistel juhtudel:<\/p>\n<p>1.4.1. kauba hind v\u00f5i omadused ei vasta t\u00f5ele inimliku eksituse v\u00f5i tehniliste probleemide t\u00f5ttu e-poe s\u00fcsteemis;<\/p>\n<p>1.4.2. tellitud kaupa ei ole laos.<\/p>\n<p>1.4.3. ostja ei vasta k\u00e4esolevate tingimuste n\u00f5uetele.<\/p>\n<p>1.5. M\u00fc\u00fcja s\u00e4ilitab ostjaga s\u00f5lmitud m\u00fc\u00fcgilepingu tingimused p\u00fcsival andmekandjal.<\/p>\n<p>1.6. M\u00fc\u00fcja edastab ostja poolt avaldatud e-posti aadressile tellimuse kinnituse.<\/p>\n<p>1.7. E-poes kuvatud fotod on illustratiivse iseloomuga, kaubad v\u00f5ivad tegelikkuses erineda fotol kujutatud kaupadest. Toote kirjeldus on \u00fcldise iseloomuga ning seal ei pruugi olla v\u00e4lja toodud k\u00f5ik omadused.<\/p>\n<h6><strong>2. Hinnad, kaupade ostmine ja tellimuse vormistamine e-poes<\/strong><\/h6>\n<p>2.1. E-poest on v\u00f5imalik osta neid Kaupu, millel on link \u201eLisa korvi\u201c. Kauba hind ja Kauba saadavus v\u00f5ivad jooksvalt ja ette teatamata muutuda. Kui Ostja on esitanud tellimuse enne Kauba hinna muutumist, rakendub tellimuse hetkel kehtinud hind.<\/p>\n<p>2.2. M\u00fc\u00fcjal on \u00f5igus e-poe vahendusel s\u00f5lmitud M\u00fc\u00fcgilepingust taganeda ning tellitud Kaup j\u00e4tta \u00fcle andmata v\u00f5i teenus osutamata punktis 1.4. loetletud juhtudel.<\/p>\n<p>2.3. Kaubad ja nende hind M\u00fc\u00fcja esinduses ja e-poes v\u00f5ivad erineda. Kaupade hinnad ja saadavus v\u00f5ivad e-poes muutuda. Ostjale rakendatakse alati tellimuse esitamise hetkel e-poes kuvatud hinda. Kui kaupa ei ole ostja valitud k\u00e4ttesaamise asukohas, siis ei ole v\u00f5imalik kaupa tellida.<\/p>\n<p>2.4. K\u00f5ik www.phytowall.ee e-poes olevad hinnad on eurodes ja sisaldavad k\u00e4ibemaksu.<br \/>\n2.5. www.phytowall.ee e-poe hinnad kehtivad arve t\u00e4htajalise tasumise puhul vastavalt k\u00e4esolevas paragrahvis s\u00e4testatule.<br \/>\n2.6. E-poodi on v\u00f5imalik kasutada registreerimata kasutajana v\u00f5i registreeritud kasutajana, luues e-poe konto.<\/p>\n<p>2.7. Tellimuse esitamiseks:<\/p>\n<p>2.7.1. lisage soovitud kaubad ostukorvi vajutades \u201eLisa korvi\u201c nupule;<\/p>\n<p>2.7.2. ostukorvis olevate kaupade kogust v\u00f5ib muuta. Kontrollige, et kaubad ja kogused vastavad soovidele ning vajutage ostukorvis nupule \u201dMine maksma\u201d;<\/p>\n<p>2.7.3. kauba tellimiseks tuleb valida sobiv tarneviis. Tarneviisi t\u00e4psustused k\u00fcsitakse edaspidi tellimuse vormistamise lehel, t\u00e4itke k\u00f5ik n\u00f5utud andmev\u00e4ljad ning seej\u00e4rel vajutage nupule \u201dEsita tellimus\u201d;<\/p>\n<p>2.7.4. kui teil on www.phytowall.ee e-poe konto, logige sisse ning vormistage tellimus. Kui teil ei ole www.phytowall.ee e-poe kontot, siis t\u00e4itke n\u00f5utud andmetega vorm ning pange linnuke lahtrisse \u201eLoo konto?\u201c;<\/p>\n<p>2.7.5. E-poe ostutingimustega saab tutvuda ning nendega n\u00f5ustumisel kinnitatakse seda, tehes m\u00e4rke (\u201elinnuke\u201c) tingimuste ette;<\/p>\n<p>2.7.6. kui soovite maksta Paypal v\u00f5i krediitkaardi kaudu, siis valige Paypal tasumismeetodi ning vajutage nupule \u201eMine edasi Paypali\u201c, tasuge arve Paypal kaudu v\u00f5i krediitkaardiga;<\/p>\n<p>2.7.7. tellimuse eest tuleb tasuda koheselt Paypal meetodi valimisel v\u00f5i koheselt peale arve Konigor O\u00dc poolt k\u00e4tte saamist Ostja poolt m\u00e4\u00e4ratud e-posti aadressile. Tellimus loetakse esitatuks kaupade eest tasumisega;<br \/>\n2.7.8. toote hinnad ei sisalda tellimuse ettevalmistamistasu, paigaldustasu, transporditasu ega mingeid muid kulusid seotud tellimuse t\u00e4imisega;<br \/>\n2.7.9. kui kaupade eest on tasutud, saadetakse ostja e-postile vastav tellimuse kinnitus. Ostudokumendi loomine toimub p\u00e4eval, millal l\u00e4heb kaup f\u00fc\u00fcsiliselt laost v\u00e4lja (vastavalt valitud kohaletoimetamise viisile), kui ei ole kliendiga eelnevalt teisiti kokku leptud;<\/p>\n<p>2.7.10. m\u00fc\u00fcja palub ostjatel veenduda, et tellimuse kinnituses esitatud andmed oleksid \u00f5iged ning s\u00e4ilitada tellimuse kinnitus koos e-poe tingimustega pretensioonide esitamise t\u00e4htaja l\u00f5puni (6-kuud).<\/p>\n<p>2.8. M\u00fc\u00fcgileping loetakse s\u00f5lmituks alates tellimuse kinnituse j\u00e4rgi tasumisele kuuluva summa laekumisest Konigor O\u00dc arvelduskontole. Tasumata tellimuse kinnitust M\u00fc\u00fcja poolt ei t\u00e4ideta.<\/p>\n<p>2.9. Panga\u00fclendega tellimuse eest tasumil Ostja peab kindasti m\u00e4\u00e4rama tellimuse numbri.<\/p>\n<p>2.10. K\u00f5iki www.phytowall.ee e-poe k\u00fclastamise ja ostude sooritamise k\u00e4igus teatavaks saanud isikuandmeid k\u00e4sitletakse kui konfidentsiaalset infot.<\/p>\n<h6><strong>3. Toodete kohaletoimetamine ja \u00fcleandmine<\/strong><\/h6>\n<p>3.1. Kaup toimetatakse Ostja poolt tellimuses sisestatud tarneaadressile. Tarne teostamise kohta teavitatakse Ostjat tellimuse vormistamisel m\u00e4rgitud kontaktandmete vahendusel. Tellitud Kauba transport teostatakse vastavalt tellimuse vormistamise hetkel kehtivatele transporditingimustele.<\/p>\n<p>3.2. Tellimuse vormistamisel tuleks Ostjal j\u00e4lgida esitatavate kontaktandmete \u00f5igsust, v\u00e4ltimaks viivitusi ja arusaamatusi kauba kohaletoimetamisel. Konigor O\u00dc ja kullerfirma ei vastuta Kauba kohaletoimetamise viivituse ja tekkinud arusaamatuste eest juhul, kui viivitus v\u00f5i arusaamatus on tingitud Ostja poolt tellimuse vormistamisel esitatud andmete ebat\u00e4psusest v\u00f5i eba\u00f5igsusest.<\/p>\n<p>3.3. Kaup antakse \u00fcle vaid Ostjale ning saatelehe alusel. Enne saatelehe allkirjastamist vaadake kauba pakend hoolikalt \u00fcle ning pakendi kahjustuste korral teeb Ostja vastava m\u00e4rke saatelehele. Katkise pakendi korral on Ostjal v\u00f5imalik keelduda saadetise vastuv\u00f5tmisest ja\/v\u00f5i teavitades sellest koheselt www.phytowall.ee klienditeenindust aadressil info@phytowall.eu.<\/p>\n<p>3.4. Kolmandale isikule antakse Kaup \u00fcle volituse olemasolul (sealhulgas juhul, kui Ostja on m\u00e4\u00e4ranud tellimuses Kauba saajana kolmanda isiku). M\u00fc\u00fcja v\u00f5ib volitada Kauba k\u00e4tte toimetamiseks kolmandaid isikuid (sealhulgas kasutada kullerteenust).<\/p>\n<p>3.5. Kui Ostja ei tule Kaubale j\u00e4rele hiljemalt 14 (neljateistk\u00fcmne) p\u00e4eva jooksul p\u00e4rast kokkulepitud kauba k\u00e4ttesaamise kuup\u00e4eva, loetakse, et Ostja on M\u00fc\u00fcgilepingut rikkunud ning ta ei soovi kaupa. M\u00fc\u00fcjal on \u00f5igus M\u00fc\u00fcgilepingust \u00fchepoolselt taganeda ning n\u00f5uda kahju h\u00fcvitamist (n\u00e4iteks kauba hoiukulusid) ja tasaarveldada M\u00fc\u00fcja poolt kantud kahju Ostja poolt ette tasutud summadega.<\/p>\n<h6><strong>4. Taganemis\u00f5igus<\/strong><\/h6>\n<p>4.1. Ostjal on \u00f5igus p\u00f5hjust avaldamata taganeda e-poest s\u00f5lmitud M\u00fc\u00fcgilepingust 14 p\u00e4eva jooksul.<\/p>\n<p>4.2. Taganemist\u00e4htaeg l\u00f5peb 14 p\u00e4eva m\u00f6\u00f6dumisel alates p\u00e4evast, mil Ostja v\u00f5i Ostja nimetatud kolmas isik, kes ei ole vedaja, on saanud Kauba f\u00fc\u00fcsiliselt enda valdusesse.<\/p>\n<p>4.3. Taganemis\u00f5iguse kasutamiseks tuleb teavitada M\u00fc\u00fcjat oma otsusest M\u00fc\u00fcgilepingust taganeda kirjaliku avaldusega, mis tuleb esitada M\u00fc\u00fcjale e-postiga <a href=\"mailto:info@phytowall.eu\">info@phytowall.eu<\/a>.<\/p>\n<h6><strong>5. Taganemis\u00f5iguse puudumine<\/strong><\/h6>\n<p>5.1. Taganemis\u00f5igus puudub juhul, kui:<\/p>\n<p>5.1.1. ostjale on tarnitud suletud pakendis kaup, mis ei ole k\u00f5lbulik tagasisaatmiseks ning mis on p\u00e4rast kohaletoimetamist avatud (n\u00e4iteks pakendatud roos on karbist v\u00e4lja v\u00f5etud jne);<\/p>\n<p>5.1.2. kauba n\u00e4ol on tegemist suletud pakendis kaubaga. Samuti pole v\u00f5imalik tagastada eritellimusel tehtud t\u00f6\u00f6d (samblapilte, seinu ja teisi teoseid, lillekimbud jne);<\/p>\n<p>5.1.3. m\u00fc\u00fcgilepingu esemeks on kinkekaart v\u00f5i sooduskupong ja selles toodud unikaalne kood on juba kasutatud;<\/p>\n<p>5.1.4. v\u00f5i teistel k\u00e4esolevas M\u00fc\u00fcgilepingus loetletud juhtudel.<\/p>\n<h6><strong>6. M\u00fc\u00fcgilepingust taganemine<\/strong><\/h6>\n<p>6.1. Lepingust taganemisel tagastab Konigor O\u00dc Ostjale k\u00f5ik viimaselt saadud M\u00fc\u00fcgilepingu kohased maksed, sealhulgas k\u00e4ttetoimetamise kulud (v\u00e4lja arvatud t\u00e4iendavad kulud, mis tulenevad Ostja valitud k\u00e4ttetoimetamise viisist, mis erineb Konigor O\u00dc pakutud k\u00f5ige odavamast tavap\u00e4rasest k\u00e4ttetoimetamise viisist) viivitamata, kuid hiljemalt 14 p\u00e4eva m\u00f6\u00f6dumisel alates p\u00e4evast, mil M\u00fc\u00fcja saab teada Ostja otsusest M\u00fc\u00fcgilepingust taganeda.<\/p>\n<p>6.2. Konigor O\u00dc teeb nimetatud tagasimaksed, kasutades sama makseviisi, mida Ostja kasutas makse tegemiseks, v\u00e4lja arvatud juhul, kui Ostja on avaldanud soovi teistsuguse makseviisi kasutamiseks. Ostjale ei kaasne selliste maksete tagastamisega teenustasu ega muud kulu.<\/p>\n<p>6.3. Ostja peab kauba Konigor O\u00dc tagastama viivitamata, kuid hiljemalt 14 p\u00e4eva m\u00f6\u00f6dumisel p\u00e4evast, mil ta teatas Konigor O\u00dc M\u00fc\u00fcgilepingust taganemisest. Kauba v\u00f5ib tagastada Konigor O\u00dc poolt eelnevalt m\u00e4\u00e4ratud postiaadressile v\u00f5i pakkiautomaati, mis lepitakse kokku Ostjaga M\u00fc\u00fcgilepingust taganemisel. T\u00e4htajast on kinni peetud, kui Ostja tagastab M\u00fc\u00fcgilepingu esemeks oleva Kauba enne 14-p\u00e4evase t\u00e4htaja l\u00f5ppu.<\/p>\n<p>6.4. M\u00fc\u00fcjal on \u00f5igus keelduda tagasimaksete tegemisest seni, kuni M\u00fc\u00fcja on M\u00fc\u00fcgilepingu esemeks oleva kauba tagasi saanud v\u00f5i Ostja on esitanud M\u00fc\u00fcjale t\u00f5endid, et ta on Kauba tagasi saatnud, s\u00f5ltuvalt sellest, kumb toimub varem.<\/p>\n<p>6.5. Kui Ostja soovib v\u00e4ltida kauba v\u00e4\u00e4rtuse v\u00e4henemise h\u00fcvitamist, siis tuleb Kaupa kasutada ja proovida nii, nagu seda on v\u00f5imalik teha tavakaupluses ning Kaup tuleb tagastada originaalpakendis ja esialgses komplektsuses (sisaldama k\u00f5iki tootepakendis olevaid esemeid ning M\u00fc\u00fcgilepinguga seotud kingitusi). Kui Ostja kasutab Kaupa rohkem, kui on vaja teha Kauba olemuses ja toimimises veendumiseks v\u00f5i ei tagasta Kaupa originaalpakendis ja esialgses komplektsuses, siis vastutab Ostja kauba v\u00e4\u00e4rtuse v\u00e4henemise eest.<\/p>\n<p>6.6. Kauba tagastamisega seotud kulud kannab Ostja.<\/p>\n<p>6.7. Tagastamisele kuuluva kauba halvenemise korral vastutab Ostja kauba kasutamisest tingitud v\u00e4\u00e4rtuse v\u00e4henemise eest juhul, kui ta on kaupa kasutanud muul viisil, kui on vaja selle olemuses, omadustes ja toimimises veendumiseks. Selleks, et veenduda kauba olemuses, omadustes ja toimimises, v\u00f5ib Ostja seda k\u00e4sitseda ja kasutada \u00fcksnes nii nagu tal lubatakse tavap\u00e4raselt seda teha poes.<\/p>\n<p>6.8. Kauba v\u00e4\u00e4rtuse v\u00e4henemisest tingitud n\u00f5udeid on Konigor O\u00dc \u00f5igus Ostjale esitada hiljemalt \u00fche kuu jooksul arvates kauba tagastamisest.<\/p>\n<p>6.9. Kui Ostja on tagastatavat Kaupa kasutanud v\u00f5i proovinud muul moel, kui seda oleks lubatud tavap\u00e4raselt teha poes v\u00f5i ta on kasutanud kaupa rohkem, kui on vaja teha selle olemuses, omadustes ja toimimises veendumiseks, siis vastutab Ostja Kauba v\u00e4\u00e4rtuse v\u00e4henemise eest ning M\u00fc\u00fcjal on \u00f5igus see summa tagastamisele kuuluvast ostuhinnast maha arvata. Juhul kui Ostja ei ole n\u00f5us M\u00fc\u00fcja poolt n\u00e4idatud v\u00e4\u00e4rtuse v\u00e4henemisega, on tal \u00f5igus selle kindlaks tegemiseks p\u00f6\u00f6rduda s\u00f5ltumatu eksperdi poole. S\u00f5ltumatu eksperdi kulud tasub pool, kelle seisukoht ei osutunud p\u00f5hjendatuks. Kui sellise poole v\u00e4lja selgitamine osutub v\u00f5imatuks, siis jagatakse ekspertiisiga seotud kulud Ostja ja M\u00fc\u00fcja vahel pooleks.<\/p>\n<p>6.10. Palume taganemisavalduses esitada j\u00e4rgmine teave:<\/p>\n<p>6.10.1. tellimuse v\u00f5i arve number;<\/p>\n<p>6.10.2. kauba k\u00e4ttesaamise kuup\u00e4ev;<\/p>\n<p>6.10.3. ostja nimi;<\/p>\n<p>6.10.4. tagastatava kauba t\u00e4pne nimetus;<\/p>\n<p>6.10.5. soovi korral kauba tagastamise p\u00f5hjus. 14-p\u00e4evase taganemis\u00f5iguse kasutamisel ei ole ostja kohustatud kirjeldama kauba tagastamise p\u00f5hjust, kuid Konigor O\u00dc hindab ostjate tagasisidet, mis v\u00f5imaldab parandada kaupade ja teenuste kvaliteeti.<\/p>\n<h6><strong>7. M\u00fc\u00fcgilepingu t\u00fchistamine<\/strong><\/h6>\n<p>7.1. Ostjal on \u00f5igus t\u00fchistada oma tellimus peale kauba eest tasumist, kuid enne kauba kohaletoimetamist ilma lisakuludeta. M\u00fc\u00fcgilepingu\/Tellimuse t\u00fchistamiseks tuleb Ostjal saata vastavasisuline teade koos M\u00fc\u00fcgilepingu numbriga e-posti aadressile <a href=\"mailto:info@phytowall.eu\">info@phytowall.eu<\/a>. M\u00fc\u00fcgilepingu t\u00fchistamise kohta saadetakse Ostjale kinnitus.<\/p>\n<h6><strong>8. Garantii- ja m\u00fc\u00fcgitingimused<\/strong><\/h6>\n<p>8.1. Kui Kaubale on M\u00fc\u00fcja v\u00f5i tootja poolt antud m\u00fc\u00fcgigarantii, antakse Ostjale garantiitingimused kirjalikult koos Kaubaga ja\/v\u00f5i tehakse need k\u00e4ttesaadavaks elektrooniliselt e-poes.<\/p>\n<p>8.2. Hilisemate probleemide lahendamiseks peab Ostja s\u00e4ilitama ostudokumendid (arve, leping jne), mis t\u00f5endavad, et Kaup on ostetud M\u00fc\u00fcja e-poest. Ilma m\u00fc\u00fcki t\u00f5endava dokumendita v\u00f5ib M\u00fc\u00fcja\/teenindaja probleemi lahendamata j\u00e4tta.<\/p>\n<p>8.3. E-poest ostetud Kaupadega seotud pretensioonid saab esitada allj\u00e4rgmiselt: Konigor O\u00dc e-posti aadressile: <a href=\"mailto:info@phytowall.ee\">info@phytowall.ee<\/a>.<\/p>\n<p>8.4. Kauba puuduste lahendamisel l\u00e4htutakse Konigor O\u00dc pretensioonide esitamise tingimustest, mis on M\u00fc\u00fcgilepingu ning k\u00e4esolevate ostutingimuste lahutamatuks osaks ning on kinnitatud Ostja poolt enne M\u00fc\u00fcgilepingu s\u00f5lmimist.<\/p>\n<p>8.5. Teavet tellimuse kohta saab k\u00fcsida: E-P e-posti aadressil:<a href=\"mailto:info@phytowall.eu\"> info@phytowall.eu<\/a>.<\/p>\n<p>8.6. Ostjal on \u00f5igus p\u00f6\u00f6rduda p\u00e4deva j\u00e4relevalveasutuse poole, milleks on Tarbijakaitse ja Tehnilise J\u00e4relevalve Amet aadressil Pronksi 12, 10117 Tallinn, e-post: <a href=\"mailto:info@ttja.ee\">info@ttja.ee<\/a>. Vaidluse lahendamiseks v\u00f5ib Ostja p\u00f6\u00f6rduda tarbijavaidluste komisjoni poole. Tarbijavaidluste komisjoni p\u00e4devuses on lahendada Ostja ja M\u00fc\u00fcja vahel s\u00f5lmitud lepingust tulenevaid vaidlusi, mida pooled ei suutnud lahendada kokkuleppe teel. Kaebuste lahendamiseks lisainfo <a href=\"https:\/\/komisjon.ee\/et\/avalduse-esitamine\">https:\/\/komisjon.ee\/et\/avalduse-esitamine<\/a>.<\/p>\n<p>8.7. Tootele ei kehti garantii teenus j\u00e4rgmistel p\u00f5hjustel:<\/p>\n<p>8.7.1. loomulik kulumine;<\/p>\n<p>8.7.2. eba\u00f5ige paigaldamine v\u00f5i kui Toodet paigaldas vastavat kutsekvalifikatsiooni mitte omav isik v\u00f5i tehti seda tema vastutusel;<\/p>\n<p>8.7.3. Ostjapoolne hooletus v\u00f5i ebapiisav j\u00e4relevalve v\u00f5i hooldus;<\/p>\n<p>8.7.4. \u00e4ike v\u00f5i m\u00f5ni muu loodusn\u00e4htus (force majeure);<\/p>\n<p>8.7.5. toodet on kasutatud selleks mitte etten\u00e4htud eesm\u00e4rkidel ja\/v\u00f5i viisil;<\/p>\n<p>8.7.6. toodet on garantiiaja jooksul remontinud v\u00f5i parandanud isik, kes ei oma vastavat kutsekvalifikatsiooni;<\/p>\n<p>8.7.7. Ostja on iseseisvalt Toodet t\u00e4iendanud v\u00f5i modifitseerinud;<\/p>\n<p>8.7.8. tooted ja detailid, mis on rikutud, vahetatud v\u00f5i eemaldatud;<\/p>\n<p>8.7.9. v\u00f5i mingi muu m\u00f5ju toodele, mis viib selle kahjustamisele, vigastamisele, kvaliteedi v\u00e4henemisele jne.<\/p>\n<h6><strong>9. Andmete kaitse ja t\u00f6\u00f6tlemise p\u00f5him\u00f5tted<\/strong><\/h6>\n<p>9.1 M\u00fc\u00fcja tagab Ostja andmete sh. isikuandmete kaitse ja kasutamise privaatsuspoliitika tingimuste kohaselt ette n\u00e4htud korras. Ostja kinnitab, et on tutvunud ja n\u00f5us privaatsuspoliitika tingimustega. L\u00e4htudes kehtivatest \u00f5igusaktidest ja privaatsuspoliitika tingimustes s\u00e4testatust, on M\u00fc\u00fcjal, Ostja n\u00f5usolekuta, \u00f5igus t\u00f6\u00f6delda andmeid (sealhulgas isikuandmeid) ulatuses, mis on vajalik e-poes kasutamiseks, M\u00fc\u00fcgilepingu t\u00e4itmiseks v\u00f5i M\u00fc\u00fcgilepingu t\u00e4itmise tagamiseks. Muuhulgas on eeltoodust tulenevalt M\u00fc\u00fcjal eraldiseisva n\u00f5usolekuta \u00f5igus: saata Ostjale e-poe teenuste kasutamisega seonduvaid teateid, sh. teateid, mille saatmine on e-poe kasutajate turvalisuse huvides; s\u00e4ilitada Ostjate paremaks teenindamiseks ja tehingute t\u00f5endamiseks e-poodi sisseloginud Ostja tellimuste andmed, sh m\u00f5istliku t\u00e4htaja jooksul ka nende tellimuste kohta, mida Ostja sessiooni k\u00e4igus ei l\u00f5petanud.<\/p>\n<p>9.2. Kui Ostja on andnud Kliendilepingu s\u00f5lmimisel v\u00f5i muul viisil Ostja poolt tema n\u00f5usoleku andmist kinnitava tahteavalduse tegemisega (nt iseteeninduses) n\u00f5usoleku andmete turunduslikuks kasutamiseks, kasutab M\u00fc\u00fcja neid andmeid privaatsuspoliitika fikseeritud tingimustel ja eesm\u00e4rgil sh. ka Ostjale teenuste ja kaupade personaalsete otseturundus-, kampaania- ja sooduspakkumiste edastamiseks elektroonilisel teel (nt e-posti v\u00f5i SMS\u00b4iga).<\/p>\n<p>9.3. Ostjal on igal ajahetkel \u00f5igus v\u00f5tta andmete turunduslikuks kasutamiseks antud n\u00f5usolek tagasi, saates M\u00fc\u00fcjale vastavasisulise e-kirja.<\/p>\n<p>9.4. Privaatsuspoliitika tingimustega saab tutvuda siin.<\/p>\n<h6><strong>10. Vastutus ja vaidluste lahendamine<\/strong><\/h6>\n<p>10.1. Ostjal on \u00f5igus lepingutingimustele mittevastava kauba puhul (kaup on puudustega) esitada M\u00fc\u00fcjale pretensioone 14 (neliteist) p\u00e4eva jooksul alates kauba \u00fcleandmise p\u00e4evast. Pretensioon tuleb esitada viivitamatult, kuid mitte hiljem kui 2 (kahe) p\u00e4eva jooksul alates Kauba puuduse avastamisest. Puuduse avastamisel peab Ostja kasutusele v\u00f5tma m\u00f5istlikud abin\u00f5ud kauba s\u00e4ilitamiseks ja kaitsmiseks, sh mitte kasutama puudusega kaupa, kui kauba kasutamine halvendab veelgi kauba seisukorda.<\/p>\n<p>10.2. Ostjal on v\u00f5imalik kauba lepingutingimustele mittevastavuse korral tugineda seaduses s\u00e4testatud \u00f5iguskaitsevahenditele sh n\u00f5uda kauba parandamist, asendamist v\u00f5i taganeda M\u00fc\u00fcgilepingust ja tagastada n\u00f5uetele mittevastav kaup.<\/p>\n<p>10.3. Konigor O\u00dc ei vastuta: Ostja s\u00fc\u00fcl kauba halvenemise\/kahjustumise eest, puuduste eest, mis on tekkinud kauba mittekorrap\u00e4rase kasutamise tagaj\u00e4rjel, kauba normaalse f\u00fc\u00fcsilise kulumise eest tavalise kasutamise korral.<\/p>\n<h6><strong>11. Muud tingimused<\/strong><\/h6>\n<p>11.1. Tootepildid on illustratiivse t\u00e4hendusega.<\/p>\n<p>11.2. Toote infot kontrollitakse ja t\u00e4iustatakse regulaarselt. Andmed v\u00f5ivad olla peale Ostja viimast k\u00fclastust uuenenud. Seoses tootjate andmekaartide puudulikkusega, v\u00f5ib www.phytowall.ee e-poe toote infos esineda ebat\u00e4psusi. Antud juhul www.phytowall.ee e-pood ei v\u00f5ta vastutust toote andmete \u00f5igsuses. Soovitame Ostjal siiski enne ostu sooritamist v\u00f5imalusel kontrollida tooteinfo t\u00e4psust.<\/p>\n<h6><strong>12. Intellektuaalne omand<\/strong><\/h6>\n<p>12.1. www.phytowall.ee e-poe fotode, tekstide ja teiste teoste autori\u00f5igus kuulub Konigor O\u00dc v\u00f5i tema koost\u00f6\u00f6partneritele.<\/p>\n<p>12.2. www.phytowall.ee e-poe fotode, tekstide v\u00f5i muude autori\u00f5igusega kaitstud teoste \u00e4rilistel eesm\u00e4rkidel kasutamine ei ole lubatud. Konigor O\u00dc ning Phytowall nimetus, logo ning graafilised kujutised on registreeritud kaubam\u00e4rgid, mille kasutamine v\u00f5ib toimuda ainult Konigor O\u00dc n\u00f5usolekul.<\/p>\n<p>12.3. www.phytowall.ee veebileht v\u00f5ib sisaldada viiteid v\u00f5i linke kolmandate isikute veebilehtedele. Konigor O\u00dc ei vastuta sellistel veebilehtedel oleva teabe ega nende kaudu pakutavate teenuste eest.<\/p>\n<h6><strong>13. Tingimuste kehtivus<\/strong><\/h6>\n<p>13.1. K\u00e4esolevad m\u00fc\u00fcja e-poe tingimused on kehtivad alates 01.01.2020.[\/vc_column_text][\/vc_column][\/vc_row]<\/p>\n<\/div>","protected":false},"excerpt":{"rendered":"<p>[vc_row css=&#8221;.vc_custom_1701085635690{padding-top: 120px !important;padding-bottom: 120px !important;}&#8221; el_class=&#8221;text_page&#8221;][vc_column][vc_column_text] Konigor O\u00dc\/www.phytowall.ee e-poe m\u00fc\u00fcgi-, \u00fcld- ja tellimistingimused 1. Tingimuste ulatus ja kehtivus 1.1. K\u00e4esolevad Konigor O\u00dc (edaspidi M\u00fc\u00fcja) e-poe \u00fcld- ja tellimistingimused (edaspidi nimetatud Tingimused) kehtivad k\u00f5ikide isikute suhtes (edaspidi Ostja), kes kasutavad [&hellip;]<\/p>\n","protected":false},"author":1,"featured_media":0,"parent":0,"menu_order":0,"comment_status":"closed","ping_status":"closed","template":"","meta":{"_monsterinsights_skip_tracking":false,"_monsterinsights_sitenote_active":false,"_monsterinsights_sitenote_note":"","_monsterinsights_sitenote_category":0,"footnotes":""},"class_list":["post-34599","page","type-page","status-publish","hentry"],"_links":{"self":[{"href":"https:\/\/phytowall.ee\/fi\/wp-json\/wp\/v2\/pages\/34599","targetHints":{"allow":["GET"]}}],"collection":[{"href":"https:\/\/phytowall.ee\/fi\/wp-json\/wp\/v2\/pages"}],"about":[{"href":"https:\/\/phytowall.ee\/fi\/wp-json\/wp\/v2\/types\/page"}],"author":[{"embeddable":true,"href":"https:\/\/phytowall.ee\/fi\/wp-json\/wp\/v2\/users\/1"}],"replies":[{"embeddable":true,"href":"https:\/\/phytowall.ee\/fi\/wp-json\/wp\/v2\/comments?post=34599"}],"version-history":[{"count":0,"href":"https:\/\/phytowall.ee\/fi\/wp-json\/wp\/v2\/pages\/34599\/revisions"}],"wp:attachment":[{"href":"https:\/\/phytowall.ee\/fi\/wp-json\/wp\/v2\/media?parent=34599"}],"curies":[{"name":"wp","href":"https:\/\/api.w.org\/{rel}","templated":true}]}}