{"id":34655,"date":"2018-04-05T07:27:23","date_gmt":"2018-04-05T07:27:23","guid":{"rendered":"https:\/\/phytowall.ee\/contact\/"},"modified":"2025-08-15T10:58:16","modified_gmt":"2025-08-15T10:58:16","slug":"contact","status":"publish","type":"page","link":"https:\/\/phytowall.ee\/fi\/contact\/","title":{"rendered":"Yhteystiedot"},"content":{"rendered":"<div class=\"wpb-content-wrapper\"><p>[vc_row equal_height=&#8221;yes&#8221; content_placement=&#8221;top&#8221; css=&#8221;.vc_custom_1701081052754{margin-right: 0px !important;margin-left: 0px !important;padding-top: 0px !important;padding-bottom: 0px !important;}&#8221;][vc_column css=&#8221;.vc_custom_1701081071033{padding-top: 0px !important;padding-right: 0px !important;padding-bottom: 0px !important;padding-left: 0px !important;}&#8221;]<div class=\"eltdf-elements-holder   eltdf-two-columns  eltdf-responsive-mode-1024 \" ><div class=\"eltdf-eh-item     \"  data-item-class=\"eltdf-eh-custom-9465\" data-1366-1600=\"157px 149px 126px 94px\" data-1024-1366=\"128px 110px 135px 110px\" data-768-1024=\"50px 50px\" data-680-768=\"50px 50px\" data-680=\"50px 50px\">\n\t\t<div class=\"eltdf-eh-item-inner\">\n\t\t<div class=\"eltdf-eh-item-content eltdf-eh-custom-9465\" style=\"padding: 100px 125px 100px 175px\">\n\t\t\t[vc_column_text]EST <a href=\"tel:+372%2056%20928%20225\">+372 56 928 225<\/a><br \/>\nRUS <a href=\"tel:+372%2051%20946%20673\">+372 51 946 673<\/a><br \/>\nENG <a href=\"tel:+372%2058%20903%20170\">+372 58 903 170<\/a>[\/vc_column_text][vc_empty_space height=&#8221;24px&#8221;][vc_column_text]<a href=\"mailto:info@phytowall.ee\">info@phytowall.ee<\/a>[\/vc_column_text][vc_empty_space][vc_column_text]Palvelumme ja tavarat voit tilata verkkosivuillamme. N\u00e4ytteet materiaaleista ja valmiista tuotteista l\u00f6ytyy meid\u00e4n studiossa, joka sijaitsee osoitteessa*:<\/p>\n<p>Paide 7, 11312 Tallinn, Estonia<\/p>\n<p><span style=\"color: red;\">* Studiossa k\u00e4ynti etuk\u00e4teen sovitulla tavalla.<\/span>[\/vc_column_text]\t\t<\/div>\n\t<\/div>\n<\/div>\n\n<div class=\"eltdf-eh-item     \"  data-item-class=\"eltdf-eh-custom-6508\" data-1366-1600=\"37% 0 38% 0\" data-1024-1366=\"37% 0\">\n\t\t<div class=\"eltdf-eh-item-inner\">\n\t\t<div class=\"eltdf-eh-item-content eltdf-eh-custom-6508\" style=\"padding: 37% 0 38% 0\">\n\t\t\t<div class=\"eltdf-swaying-image-holder eltdf-si-with-border eltdf-si-to-right\">\n\t\t<div class=\"eltdf-swaying-image\" style=\"background-image: url(https:\/\/phytowall.ee\/wp-content\/uploads\/2023\/11\/ergo2.jpg)\"><\/div>\n\t\t\t<div class=\"eltdf-si-border\"  ><\/div>\n\t<\/div>\t\t<\/div>\n\t<\/div>\n<\/div>\n\n<\/div>[\/vc_column][\/vc_row][vc_row row_content_width=&#8221;grid&#8221; css=&#8221;.vc_custom_1701084366508{padding-right: 0px !important;padding-left: 0px !important;}&#8221;][vc_column]<div class=\"eltdf-elements-holder   eltdf-two-columns  eltdf-responsive-mode-1024 \" ><div class=\"eltdf-eh-item     \"  data-item-class=\"eltdf-eh-custom-2398\" data-1366-1600=\"157px 149px 126px 94px\" data-1024-1366=\"128px 110px 135px 110px\" data-768-1024=\"130px 0px 0px 0px\" data-680-768=\"104px 0px\" data-680=\"100px 0px\">\n\t\t<div class=\"eltdf-eh-item-inner\">\n\t\t<div class=\"eltdf-eh-item-content eltdf-eh-custom-2398\" style=\"padding: 100px 125px 100px 0px\">\n\t\t\t<div class=\"eltdf-section-title-holder  eltdf-st-standard eltdf-st-title-left eltdf-st-normal-space \" >\n\t<div class=\"eltdf-st-inner\">\n\t\t\t\t\t<h1 class=\"eltdf-st-title\" >\n\t\t\t\tJ\u00e4t\u00e4 meille viesti\t\t\t<\/h1>\n\t\t\t\t\t\t\t<div class=\"eltdf-separator-holder clearfix   \">\n\t<div class=\"eltdf-separator\" style=\"margin-top: 8px;margin-bottom: 8px\"><\/div>\n<\/div>\n\t\t\t\t\t\t\t<p class=\"eltdf-st-text\" >\n\t\t\t\tOle hyv\u00e4, j\u00e4t\u00e4 kysymyksesi ja me otamme sinuun yhteytt\u00e4.\t\t\t<\/p>\n\t\t\t<\/div>\n<\/div>\n<div class=\"wpcf7 no-js\" id=\"wpcf7-f34470-o1\" lang=\"fi\" dir=\"ltr\" data-wpcf7-id=\"34470\">\n<div class=\"screen-reader-response\"><p role=\"status\" aria-live=\"polite\" aria-atomic=\"true\"><\/p> <ul><\/ul><\/div>\n<form action=\"\/fi\/wp-json\/wp\/v2\/pages\/34655#wpcf7-f34470-o1\" method=\"post\" class=\"wpcf7-form init\" aria-label=\"Yhteydenottolomake\" novalidate=\"novalidate\" data-status=\"init\">\n<fieldset class=\"hidden-fields-container\"><input type=\"hidden\" name=\"_wpcf7\" value=\"34470\" \/><input type=\"hidden\" name=\"_wpcf7_version\" value=\"6.1.5\" \/><input type=\"hidden\" name=\"_wpcf7_locale\" value=\"fi\" \/><input type=\"hidden\" name=\"_wpcf7_unit_tag\" value=\"wpcf7-f34470-o1\" \/><input type=\"hidden\" name=\"_wpcf7_container_post\" value=\"0\" \/><input type=\"hidden\" name=\"_wpcf7_posted_data_hash\" value=\"\" \/>\n<\/fieldset>\n<div class=\"eltdf-grid-row eltdf-grid-small-gutter\">\n\t<div class=\"eltdf-grid-col-6\">\n\t\t<p><label>Etunimi <span class=\"required\">*<\/span><\/label><span class=\"wpcf7-form-control-wrap\" data-name=\"your-name\"><input size=\"40\" maxlength=\"400\" class=\"wpcf7-form-control wpcf7-text wpcf7-validates-as-required\" aria-required=\"true\" aria-invalid=\"false\" value=\"\" type=\"text\" name=\"your-name\" \/><\/span>\n\t\t<\/p>\n\t<\/div>\n\t<div class=\"eltdf-grid-col-6\">\n\t\t<p><label>S\u00e4hk\u00f6posti <span class=\"required\">*<\/span><\/label><span class=\"wpcf7-form-control-wrap\" data-name=\"your-email\"><input size=\"40\" maxlength=\"400\" class=\"wpcf7-form-control wpcf7-email wpcf7-validates-as-required wpcf7-text wpcf7-validates-as-email\" aria-required=\"true\" aria-invalid=\"false\" value=\"\" type=\"email\" name=\"your-email\" \/><\/span>\n\t\t<\/p>\n\t<\/div>\n<\/div>\n<p><label>Viesti<\/label><span class=\"wpcf7-form-control-wrap\" data-name=\"your-message\"><textarea cols=\"40\" rows=\"8\" maxlength=\"2000\" class=\"wpcf7-form-control wpcf7-textarea\" aria-invalid=\"false\" name=\"your-message\"><\/textarea><\/span>\n<\/p>\n<div class=\"eltdf-cf7-submit-holder\">\n\t<p><input class=\"wpcf7-form-control wpcf7-submit has-spinner\" type=\"submit\" value=\"L\u00e4hett\u00e4\u00e4\" \/>\n\t<\/p>\n<\/div><div class=\"wpcf7-response-output\" aria-hidden=\"true\"><\/div>\n<\/form>\n<\/div>\n\t\t<\/div>\n\t<\/div>\n<\/div>\n\n<div class=\"eltdf-eh-item     \"  data-item-class=\"eltdf-eh-custom-2324\" data-1366-1600=\"15% 0 38% 0\" data-1024-1366=\"20% 0\" data-768-1024=\"10% 0 20% 0\" data-680-768=\"0 0 20% 0\" data-680=\"0 0 40% 0\">\n\t\t<div class=\"eltdf-eh-item-inner\">\n\t\t<div class=\"eltdf-eh-item-content eltdf-eh-custom-2324\" style=\"padding: 20% 0 38% 0\">\n\t\t\t[vc_gmaps link=&#8221;#E-8_JTNDaWZyYW1lJTIwc3JjJTNEJTIyaHR0cHMlM0ElMkYlMkZ3d3cuZ29vZ2xlLmNvbSUyRm1hcHMlMkZlbWJlZCUzRnBiJTNEJTIxMW0xOCUyMTFtMTIlMjExbTMlMjExZDIwMjkuOTc5MTI0MzgyNDk4MiUyMTJkMjQuNzM5ODQ0Mzc3NTQ0MDYzJTIxM2Q1OS40MTY3NDMxNzQ2NTY3MSUyMTJtMyUyMTFmMCUyMTJmMCUyMTNmMCUyMTNtMiUyMTFpMTAyNCUyMTJpNzY4JTIxNGYxMy4xJTIxM20zJTIxMW0yJTIxMXMweDQ2OTI5NGJlNjZjZTdkNzklMjUzQTB4Y2JjMTg1Zjk4ZDk2ZjE2NiUyMTJzUGFpZGUlMjUyMDclMjUyQyUyNTIwMTEzMTIlMjUyMFRhbGxpbm4lMjE1ZTAlMjEzbTIlMjExc2VuJTIxMnNlZSUyMTR2MTcwMTA4NDAyMjcyNiUyMTVtMiUyMTFzZW4lMjEyc2VlJTIyJTIwd2lkdGglM0QlMjI2MDAlMjIlMjBoZWlnaHQlM0QlMjI0NTAlMjIlMjBzdHlsZSUzRCUyMmJvcmRlciUzQTAlM0IlMjIlMjBhbGxvd2Z1bGxzY3JlZW4lM0QlMjIlMjIlMjBsb2FkaW5nJTNEJTIybGF6eSUyMiUyMHJlZmVycmVycG9saWN5JTNEJTIybm8tcmVmZXJyZXItd2hlbi1kb3duZ3JhZGUlMjIlM0UlM0MlMkZpZnJhbWUlM0U=&#8221; size=&#8221;600px&#8221;]\t\t<\/div>\n\t<\/div>\n<\/div>\n\n<\/div>[\/vc_column][\/vc_row]<\/p>\n<\/div>","protected":false},"excerpt":{"rendered":"<p>[vc_row equal_height=&#8221;yes&#8221; content_placement=&#8221;top&#8221; css=&#8221;.vc_custom_1701081052754{margin-right: 0px !important;margin-left: 0px !important;padding-top: 0px !important;padding-bottom: 0px !important;}&#8221;][vc_column css=&#8221;.vc_custom_1701081071033{padding-top: 0px !important;padding-right: 0px !important;padding-bottom: 0px !important;padding-left: 0px !important;}&#8221;][\/vc_column][\/vc_row][vc_row row_content_width=&#8221;grid&#8221; css=&#8221;.vc_custom_1701084366508{padding-right: 0px !important;padding-left: 0px !important;}&#8221;][vc_column][\/vc_column][\/vc_row]<\/p>\n","protected":false},"author":1,"featured_media":0,"parent":0,"menu_order":0,"comment_status":"closed","ping_status":"closed","template":"full-width.php","meta":{"_monsterinsights_skip_tracking":false,"_monsterinsights_sitenote_active":false,"_monsterinsights_sitenote_note":"","_monsterinsights_sitenote_category":0,"footnotes":""},"class_list":["post-34655","page","type-page","status-publish","hentry"],"_links":{"self":[{"href":"https:\/\/phytowall.ee\/fi\/wp-json\/wp\/v2\/pages\/34655","targetHints":{"allow":["GET"]}}],"collection":[{"href":"https:\/\/phytowall.ee\/fi\/wp-json\/wp\/v2\/pages"}],"about":[{"href":"https:\/\/phytowall.ee\/fi\/wp-json\/wp\/v2\/types\/page"}],"author":[{"embeddable":true,"href":"https:\/\/phytowall.ee\/fi\/wp-json\/wp\/v2\/users\/1"}],"replies":[{"embeddable":true,"href":"https:\/\/phytowall.ee\/fi\/wp-json\/wp\/v2\/comments?post=34655"}],"version-history":[{"count":1,"href":"https:\/\/phytowall.ee\/fi\/wp-json\/wp\/v2\/pages\/34655\/revisions"}],"predecessor-version":[{"id":72179,"href":"https:\/\/phytowall.ee\/fi\/wp-json\/wp\/v2\/pages\/34655\/revisions\/72179"}],"wp:attachment":[{"href":"https:\/\/phytowall.ee\/fi\/wp-json\/wp\/v2\/media?parent=34655"}],"curies":[{"name":"wp","href":"https:\/\/api.w.org\/{rel}","templated":true}]}}