{"id":34688,"date":"2018-04-05T09:35:53","date_gmt":"2018-04-05T09:35:53","guid":{"rendered":"https:\/\/phytowall.ee\/faq\/"},"modified":"2025-08-15T11:03:27","modified_gmt":"2025-08-15T11:03:27","slug":"faq","status":"publish","type":"page","link":"https:\/\/phytowall.ee\/fi\/faq\/","title":{"rendered":"FAQ (Usein kysytyt kysymykset)"},"content":{"rendered":"<div class=\"wpb-content-wrapper\"><p>[vc_row row_content_width=&#8221;grid&#8221;][vc_column]<div class=\"eltdf-elements-holder   eltdf-one-column  eltdf-responsive-mode-768 \" ><div class=\"eltdf-eh-item     \"  data-item-class=\"eltdf-eh-custom-1867\" data-1024-1366=\"100px 0px\" data-768-1024=\"50px 0px\" data-680-768=\"50px 0px\" data-680=\"50px 0px\">\n\t\t<div class=\"eltdf-eh-item-inner\">\n\t\t<div class=\"eltdf-eh-item-content eltdf-eh-custom-1867\" style=\"padding: 120px 0px\">\n\t\t\t<div class=\"eltdf-accordion-holder eltdf-ac-default  eltdf-accordion eltdf-ac-boxed eltdf-white-skin clearfix\">\n\t<h5 class=\"eltdf-accordion-title\">\n    <span class=\"eltdf-accordion-mark\">\n\t\t<span class=\"eltdf_icon_plus icon_plus\"><\/span>\n\t\t<span class=\"eltdf_icon_minus icon_minus-06\"><\/span>\n\t<\/span>\n\t<span class=\"eltdf-tab-title\">ONKO SISUSTUKSESSA K\u00c4YTETT\u00c4V\u00c4 SAMMAL LUONNOLLISTA JA EL\u00c4V\u00c4\u00c4?<\/span>\n<\/h5>\n<div class=\"eltdf-accordion-content\">\n\t<div class=\"eltdf-accordion-content-inner\">\n\t\t[vc_column_text]Kyll\u00e4, sammal on luonnollista, mutta se ei kasva, koska se on stabiloidussa tilassa.[\/vc_column_text]\t<\/div>\n<\/div><h5 class=\"eltdf-accordion-title\">\n    <span class=\"eltdf-accordion-mark\">\n\t\t<span class=\"eltdf_icon_plus icon_plus\"><\/span>\n\t\t<span class=\"eltdf_icon_minus icon_minus-06\"><\/span>\n\t<\/span>\n\t<span class=\"eltdf-tab-title\">MIT\u00c4 ON SAMMALEEN STABILOINTI?<\/span>\n<\/h5>\n<div class=\"eltdf-accordion-content\">\n\t<div class=\"eltdf-accordion-content-inner\">\n\t\t[vc_column_text]T\u00e4m\u00e4 on kasvien k\u00e4sittelymenetelm\u00e4, jossa sammaleen luonnollinen neste korvataan erityisell\u00e4, ekologisesti puhtaalla liuoksella.[\/vc_column_text]\t<\/div>\n<\/div><h5 class=\"eltdf-accordion-title\">\n    <span class=\"eltdf-accordion-mark\">\n\t\t<span class=\"eltdf_icon_plus icon_plus\"><\/span>\n\t\t<span class=\"eltdf_icon_minus icon_minus-06\"><\/span>\n\t<\/span>\n\t<span class=\"eltdf-tab-title\">MITEN SAMMALTA HOIDETAAN?<\/span>\n<\/h5>\n<div class=\"eltdf-accordion-content\">\n\t<div class=\"eltdf-accordion-content-inner\">\n\t\t[vc_column_text]Sammal ei vaadi huoltoa.[\/vc_column_text]\t<\/div>\n<\/div><h5 class=\"eltdf-accordion-title\">\n    <span class=\"eltdf-accordion-mark\">\n\t\t<span class=\"eltdf_icon_plus icon_plus\"><\/span>\n\t\t<span class=\"eltdf_icon_minus icon_minus-06\"><\/span>\n\t<\/span>\n\t<span class=\"eltdf-tab-title\">T\u00c4YTYYK\u00d6 KORISTESAMMALTA KASTELLA?<\/span>\n<\/h5>\n<div class=\"eltdf-accordion-content\">\n\t<div class=\"eltdf-accordion-content-inner\">\n\t\t[vc_column_text]Ei. Koristesammal ei vaadi kastelua. Sit\u00e4 ei my\u00f6sk\u00e4\u00e4n tarvitse suihkuttaa, kosteuttaa, pest\u00e4 eik\u00e4 lannoittaa![\/vc_column_text]\t<\/div>\n<\/div><h5 class=\"eltdf-accordion-title\">\n    <span class=\"eltdf-accordion-mark\">\n\t\t<span class=\"eltdf_icon_plus icon_plus\"><\/span>\n\t\t<span class=\"eltdf_icon_minus icon_minus-06\"><\/span>\n\t<\/span>\n\t<span class=\"eltdf-tab-title\">MIT\u00c4 VAATIMUKSIA ON TILALLE TAI SAMMALEEN SIJOITUSPAIKAN OLOSUHTEILLE?<\/span>\n<\/h5>\n<div class=\"eltdf-accordion-content\">\n\t<div class=\"eltdf-accordion-content-inner\">\n\t\t[vc_column_text]<\/p>\n<ol>\n<li>On v\u00e4ltett\u00e4v\u00e4 suoraa auringonvaloa. Lis\u00e4ksi sammaleen l\u00e4heisyydess\u00e4 ei saa olla l\u00e4mm\u00f6nl\u00e4hteit\u00e4 eik\u00e4 kirkasta valaistusta.<\/li>\n<li>On v\u00e4ltett\u00e4v\u00e4 veden osumista sammaleeseen.<\/li>\n<li>Tilan kosteuspitoisuuden on oltava 40\u201360 %.<\/li>\n<\/ol>\n<p>[\/vc_column_text]\t<\/div>\n<\/div><h5 class=\"eltdf-accordion-title\">\n    <span class=\"eltdf-accordion-mark\">\n\t\t<span class=\"eltdf_icon_plus icon_plus\"><\/span>\n\t\t<span class=\"eltdf_icon_minus icon_minus-06\"><\/span>\n\t<\/span>\n\t<span class=\"eltdf-tab-title\">JOS SAMMAL ON HIEMAN KUIVUNUT, PIT\u00c4\u00c4K\u00d6 SIT\u00c4 SUIHKUTTAA VEDELL\u00c4?<\/span>\n<\/h5>\n<div class=\"eltdf-accordion-content\">\n\t<div class=\"eltdf-accordion-content-inner\">\n\t\t[vc_column_text]Ei. Jos sammal on kuivunut huoneen alhaisen kosteuspitoisuuden takia, on kosteuspitoisuutta nostettava k\u00e4ytt\u00e4m\u00e4ll\u00e4 ilmankostutinta. Jos sammal on kuivunut l\u00e4mm\u00f6nl\u00e4hteen tai auringon s\u00e4teiden vaikutuksesta, on pito-olosuhteita muutettava.[\/vc_column_text]\t<\/div>\n<\/div><h5 class=\"eltdf-accordion-title\">\n    <span class=\"eltdf-accordion-mark\">\n\t\t<span class=\"eltdf_icon_plus icon_plus\"><\/span>\n\t\t<span class=\"eltdf_icon_minus icon_minus-06\"><\/span>\n\t<\/span>\n\t<span class=\"eltdf-tab-title\">VAATIIKO LUONNOLLINEN SAMMAL KASVEILLE TARKOITETTUA ERIKOISVALOA?<\/span>\n<\/h5>\n<div class=\"eltdf-accordion-content\">\n\t<div class=\"eltdf-accordion-content-inner\">\n\t\t[vc_column_text]Ei. Koska sammal ei en\u00e4\u00e4 kasva, se on stabiloidussa tilassa. Sammal ei vaadi erityist\u00e4 valaistusta phytolampuilla. Se voi olla olemassa ilman luonnollisia ja keinotekoisia valonl\u00e4hteit\u00e4. Voidaan k\u00e4ytt\u00e4\u00e4 koristevaloa. Kiinnit\u00e4 huomiota siihen, ett\u00e4 jos kyseess\u00e4 on valaistuksen aikana l\u00e4mpenev\u00e4st\u00e4 valonl\u00e4hteest\u00e4, se on pidett\u00e4v\u00e4 kauempana sammaleesta.[\/vc_column_text]\t<\/div>\n<\/div><h5 class=\"eltdf-accordion-title\">\n    <span class=\"eltdf-accordion-mark\">\n\t\t<span class=\"eltdf_icon_plus icon_plus\"><\/span>\n\t\t<span class=\"eltdf_icon_minus icon_minus-06\"><\/span>\n\t<\/span>\n\t<span class=\"eltdf-tab-title\">VOIKO SAMMALSEIN\u00c4N TAI KUVAN SIJOITTAA L\u00c4MP\u00d6PATTERIN TAI MUUN L\u00c4MM\u00d6NL\u00c4HTEEN LUO?<\/span>\n<\/h5>\n<div class=\"eltdf-accordion-content\">\n\t<div class=\"eltdf-accordion-content-inner\">\n\t\t[vc_column_text]Ota huomioon, ett\u00e4 l\u00e4mp\u00f6patteri tai muut l\u00e4mm\u00f6nl\u00e4hteet eiv\u00e4t saa olla 1,5-2 metri\u00e4 l\u00e4hemp\u00e4n\u00e4 sammalsein\u00e4\u00e4. Mik\u00e4li k\u00e4yt\u00f6ss\u00e4 on lattial\u00e4mmitys, on huolehdittava, ett\u00e4 l\u00e4mmityskaapeli ei ole 0,5-1 metri\u00e4 l\u00e4hemp\u00e4n\u00e4 sammalsein\u00e4\u00e4.[\/vc_column_text]\t<\/div>\n<\/div><h5 class=\"eltdf-accordion-title\">\n    <span class=\"eltdf-accordion-mark\">\n\t\t<span class=\"eltdf_icon_plus icon_plus\"><\/span>\n\t\t<span class=\"eltdf_icon_minus icon_minus-06\"><\/span>\n\t<\/span>\n\t<span class=\"eltdf-tab-title\">MILLAINEN SEN SEIN\u00c4PINNAN PIT\u00c4\u00c4 OLLA, JOHON SAMMALPANEELIT KIINNITET\u00c4\u00c4N?<\/span>\n<\/h5>\n<div class=\"eltdf-accordion-content\">\n\t<div class=\"eltdf-accordion-content-inner\">\n\t\t[vc_column_text]Sile\u00e4 kipsilevy tai betonisein\u00e4.[\/vc_column_text]\t<\/div>\n<\/div><h5 class=\"eltdf-accordion-title\">\n    <span class=\"eltdf-accordion-mark\">\n\t\t<span class=\"eltdf_icon_plus icon_plus\"><\/span>\n\t\t<span class=\"eltdf_icon_minus icon_minus-06\"><\/span>\n\t<\/span>\n\t<span class=\"eltdf-tab-title\">MILLAINEN HUONEEN L\u00c4MP\u00d6TILA ON OLTAVA SAMMALTILASSA?<\/span>\n<\/h5>\n<div class=\"eltdf-accordion-content\">\n\t<div class=\"eltdf-accordion-content-inner\">\n\t\t[vc_column_text]+5 \u00b0C &#8211; + 28 \u00b0C.[\/vc_column_text]\t<\/div>\n<\/div><h5 class=\"eltdf-accordion-title\">\n    <span class=\"eltdf-accordion-mark\">\n\t\t<span class=\"eltdf_icon_plus icon_plus\"><\/span>\n\t\t<span class=\"eltdf_icon_minus icon_minus-06\"><\/span>\n\t<\/span>\n\t<span class=\"eltdf-tab-title\">AIHEUTTAAKO KORISTESAMMAL ALLERGIAA?<\/span>\n<\/h5>\n<div class=\"eltdf-accordion-content\">\n\t<div class=\"eltdf-accordion-content-inner\">\n\t\t[vc_column_text]<span style=\"font-weight: 400;\">Ei, koristesammal ei aiheuta allergiaa eik\u00e4 ole myrkyllist\u00e4.<\/span>[\/vc_column_text]\t<\/div>\n<\/div><h5 class=\"eltdf-accordion-title\">\n    <span class=\"eltdf-accordion-mark\">\n\t\t<span class=\"eltdf_icon_plus icon_plus\"><\/span>\n\t\t<span class=\"eltdf_icon_minus icon_minus-06\"><\/span>\n\t<\/span>\n\t<span class=\"eltdf-tab-title\">KUIVUUKO STABILOITU SAMMAL SIS\u00c4TILOISSA?<\/span>\n<\/h5>\n<div class=\"eltdf-accordion-content\">\n\t<div class=\"eltdf-accordion-content-inner\">\n\t\t[vc_column_text]<span style=\"font-weight: 400;\">Sammal on ilmankosteuden indikaattori ja alkaa kuivua, kun tilan kosteuspitoisuus on alle 35 %. T\u00e4ss\u00e4 tapauksessa suosittelemme olemaan koskematta sammaleeseen ja nostamaan tilan ilmankosteuden kiinte\u00e4ll\u00e4 ilmankostuttimella 40\u201360 %:iin. Stabiloituneella sammaleella on kyky pehmeyden palautumiseen. Ihmiskeholle sopivin ilmankosteuspitoisuus on my\u00f6s 40\u201360 %, joten siksi siell\u00e4, miss\u00e4 koristesammal voi hyvin, on my\u00f6s ihmisell\u00e4 hyv\u00e4 olla.<\/span>[\/vc_column_text]\t<\/div>\n<\/div><h5 class=\"eltdf-accordion-title\">\n    <span class=\"eltdf-accordion-mark\">\n\t\t<span class=\"eltdf_icon_plus icon_plus\"><\/span>\n\t\t<span class=\"eltdf_icon_minus icon_minus-06\"><\/span>\n\t<\/span>\n\t<span class=\"eltdf-tab-title\">KER\u00c4\u00c4K\u00d6 SUURELLE SEIN\u00c4PINNALLE ASENNETTU KORISTESAMMAL P\u00d6LY\u00c4?<\/span>\n<\/h5>\n<div class=\"eltdf-accordion-content\">\n\t<div class=\"eltdf-accordion-content-inner\">\n\t\t[vc_column_text]Ei. Koristesammal ei ker\u00e4\u00e4 p\u00f6ly\u00e4 sein\u00e4lle eik\u00e4 muille pinnoille. Uskotaan my\u00f6s, ett\u00e4 se ty\u00f6nt\u00e4\u00e4 rakenteensa ja tiheytens\u00e4 takia p\u00f6ly\u00e4 kauemmas.[\/vc_column_text]\t<\/div>\n<\/div><h5 class=\"eltdf-accordion-title\">\n    <span class=\"eltdf-accordion-mark\">\n\t\t<span class=\"eltdf_icon_plus icon_plus\"><\/span>\n\t\t<span class=\"eltdf_icon_minus icon_minus-06\"><\/span>\n\t<\/span>\n\t<span class=\"eltdf-tab-title\">KUINKA MONTA VUOTTA SAMMALEEN KORISTEELLISUUS S\u00c4ILYY?<\/span>\n<\/h5>\n<div class=\"eltdf-accordion-content\">\n\t<div class=\"eltdf-accordion-content-inner\">\n\t\t[vc_column_text]<span style=\"font-weight: 400;\">Kun olosuhteet sammaleen s\u00e4ilytt\u00e4miseen ovat suotuisat (kosteuspitoisuus 40\u201360 %, ei suoraa aurinkoa), niin jopa 10 vuotta.<\/span>[\/vc_column_text]\t<\/div>\n<\/div><h5 class=\"eltdf-accordion-title\">\n    <span class=\"eltdf-accordion-mark\">\n\t\t<span class=\"eltdf_icon_plus icon_plus\"><\/span>\n\t\t<span class=\"eltdf_icon_minus icon_minus-06\"><\/span>\n\t<\/span>\n\t<span class=\"eltdf-tab-title\">ONKO SAMMALEELLA ERITYINEN HAJU?<\/span>\n<\/h5>\n<div class=\"eltdf-accordion-content\">\n\t<div class=\"eltdf-accordion-content-inner\">\n\t\t[vc_column_text]<span style=\"font-weight: 400;\">Sammaleella on ominaistuoksu, mutta se ei ole voimakas ja se voidaan havaita vain ensimm\u00e4isin\u00e4 p\u00e4ivin\u00e4 asennuksen j\u00e4lkeen.<\/span>[\/vc_column_text]\t<\/div>\n<\/div><h5 class=\"eltdf-accordion-title\">\n    <span class=\"eltdf-accordion-mark\">\n\t\t<span class=\"eltdf_icon_plus icon_plus\"><\/span>\n\t\t<span class=\"eltdf_icon_minus icon_minus-06\"><\/span>\n\t<\/span>\n\t<span class=\"eltdf-tab-title\">VOIVATKO \u00d6T\u00d6K\u00c4T SIIRTY\u00c4 SAMMALEESTA SEIN\u00c4\u00c4N?<\/span>\n<\/h5>\n<div class=\"eltdf-accordion-content\">\n\t<div class=\"eltdf-accordion-content-inner\">\n\t\t[vc_column_text]Ei.[\/vc_column_text]\t<\/div>\n<\/div><h5 class=\"eltdf-accordion-title\">\n    <span class=\"eltdf-accordion-mark\">\n\t\t<span class=\"eltdf_icon_plus icon_plus\"><\/span>\n\t\t<span class=\"eltdf_icon_minus icon_minus-06\"><\/span>\n\t<\/span>\n\t<span class=\"eltdf-tab-title\">KOTONA ON PIENI LAPSI, VOIKO SAMMAL OLLA T\u00c4LLE HAITALLINEN?<\/span>\n<\/h5>\n<div class=\"eltdf-accordion-content\">\n\t<div class=\"eltdf-accordion-content-inner\">\n\t\t[vc_column_text]Ei. Koristesammal ei ole terveydelle haitallista.[\/vc_column_text]\t<\/div>\n<\/div><h5 class=\"eltdf-accordion-title\">\n    <span class=\"eltdf-accordion-mark\">\n\t\t<span class=\"eltdf_icon_plus icon_plus\"><\/span>\n\t\t<span class=\"eltdf_icon_minus icon_minus-06\"><\/span>\n\t<\/span>\n\t<span class=\"eltdf-tab-title\">MIT\u00c4 TEHD\u00c4, JOS LAPSI TAI VIERAS ON NYPPINYT SAMMALSEIN\u00c4\u00c4 TAI -KUVAA?<\/span>\n<\/h5>\n<div class=\"eltdf-accordion-content\">\n\t<div class=\"eltdf-accordion-content-inner\">\n\t\t[vc_column_text]\u00c4l\u00e4 murehdi! Voit aina soittaa meille ja me korjaamme vahingoittuneen osan.[\/vc_column_text]\t<\/div>\n<\/div><h5 class=\"eltdf-accordion-title\">\n    <span class=\"eltdf-accordion-mark\">\n\t\t<span class=\"eltdf_icon_plus icon_plus\"><\/span>\n\t\t<span class=\"eltdf_icon_minus icon_minus-06\"><\/span>\n\t<\/span>\n\t<span class=\"eltdf-tab-title\">MISS\u00c4 SAMMAL ON TUOTETTU?<\/span>\n<\/h5>\n<div class=\"eltdf-accordion-content\">\n\t<div class=\"eltdf-accordion-content-inner\">\n\t\t[vc_column_text]K\u00e4ytt\u00e4m\u00e4mme sammal on tuotettu Saksassa ja Suomessa.[\/vc_column_text]\t<\/div>\n<\/div><h5 class=\"eltdf-accordion-title\">\n    <span class=\"eltdf-accordion-mark\">\n\t\t<span class=\"eltdf_icon_plus icon_plus\"><\/span>\n\t\t<span class=\"eltdf_icon_minus icon_minus-06\"><\/span>\n\t<\/span>\n\t<span class=\"eltdf-tab-title\">ONKO ISLANNINJ\u00c4K\u00c4L\u00c4 TULENKEST\u00c4V\u00c4\u00c4?<\/span>\n<\/h5>\n<div class=\"eltdf-accordion-content\">\n\t<div class=\"eltdf-accordion-content-inner\">\n\t\t[vc_column_text]Islanninj\u00e4k\u00e4l\u00e4 on tulenkest\u00e4v\u00e4\u00e4. Kaikki tuotteet on my\u00f6s testattu syttyvyyden, \u00e4\u00e4nenvaimennuksen ja allergisten reaktioiden osalta.[\/vc_column_text]\t<\/div>\n<\/div><\/div>\t\t<\/div>\n\t<\/div>\n<\/div>\n\n<\/div>[\/vc_column][\/vc_row]<\/p>\n<\/div>","protected":false},"excerpt":{"rendered":"<p>[vc_row row_content_width=&#8221;grid&#8221;][vc_column][\/vc_column][\/vc_row]<\/p>\n","protected":false},"author":1,"featured_media":0,"parent":0,"menu_order":0,"comment_status":"closed","ping_status":"closed","template":"full-width.php","meta":{"_monsterinsights_skip_tracking":false,"_monsterinsights_sitenote_active":false,"_monsterinsights_sitenote_note":"","_monsterinsights_sitenote_category":0,"footnotes":""},"class_list":["post-34688","page","type-page","status-publish","hentry"],"_links":{"self":[{"href":"https:\/\/phytowall.ee\/fi\/wp-json\/wp\/v2\/pages\/34688","targetHints":{"allow":["GET"]}}],"collection":[{"href":"https:\/\/phytowall.ee\/fi\/wp-json\/wp\/v2\/pages"}],"about":[{"href":"https:\/\/phytowall.ee\/fi\/wp-json\/wp\/v2\/types\/page"}],"author":[{"embeddable":true,"href":"https:\/\/phytowall.ee\/fi\/wp-json\/wp\/v2\/users\/1"}],"replies":[{"embeddable":true,"href":"https:\/\/phytowall.ee\/fi\/wp-json\/wp\/v2\/comments?post=34688"}],"version-history":[{"count":1,"href":"https:\/\/phytowall.ee\/fi\/wp-json\/wp\/v2\/pages\/34688\/revisions"}],"predecessor-version":[{"id":72183,"href":"https:\/\/phytowall.ee\/fi\/wp-json\/wp\/v2\/pages\/34688\/revisions\/72183"}],"wp:attachment":[{"href":"https:\/\/phytowall.ee\/fi\/wp-json\/wp\/v2\/media?parent=34688"}],"curies":[{"name":"wp","href":"https:\/\/api.w.org\/{rel}","templated":true}]}}