{"id":34714,"date":"2023-11-27T13:26:12","date_gmt":"2023-11-27T13:26:12","guid":{"rendered":"https:\/\/phytowall.ee\/how-to-pay\/"},"modified":"2023-12-24T23:25:14","modified_gmt":"2023-12-24T23:25:14","slug":"how-to-pay","status":"publish","type":"page","link":"https:\/\/phytowall.ee\/fi\/how-to-pay\/","title":{"rendered":"Kuinka maksaa"},"content":{"rendered":"<div class=\"wpb-content-wrapper\"><p>[vc_row equal_height=&#8221;yes&#8221; css=&#8221;.vc_custom_1701087283189{padding-top: 120px !important;padding-right: 0px !important;padding-bottom: 120px !important;padding-left: 0px !important;}&#8221; el_class=&#8221;text_page&#8221;][vc_column css=&#8221;.vc_custom_1701087271854{padding-top: 0px !important;padding-right: 0px !important;padding-bottom: 0px !important;padding-left: 0px !important;}&#8221;]<div class=\"eltdf-elements-holder   eltdf-two-columns  eltdf-responsive-mode-768 \" ><div class=\"eltdf-eh-item     \"  data-item-class=\"eltdf-eh-custom-8342\" data-1366-1600=\"157px 149px 126px 94px\" data-1024-1366=\"128px 110px 135px 110px\" data-768-1024=\"0px 100px 40px\" data-680-768=\"0px 100px 40px\" data-680=\"0px 50px 40px\">\n\t\t<div class=\"eltdf-eh-item-inner\">\n\t\t<div class=\"eltdf-eh-item-content eltdf-eh-custom-8342\" style=\"padding: 100px 125px 100px 238px\">\n\t\t\t<div class=\"eltdf-section-title-holder  eltdf-st-standard eltdf-st-title-left eltdf-st-normal-space \" >\n\t<div class=\"eltdf-st-inner\">\n\t\t\t\t\t<h1 class=\"eltdf-st-title\" >\n\t\t\t\tKuinka maksaa\t\t\t<\/h1>\n\t\t\t\t\t\t\t<div class=\"eltdf-separator-holder clearfix   \">\n\t<div class=\"eltdf-separator\" style=\"margin-top: 8px;margin-bottom: 32px\"><\/div>\n<\/div>\n\t\t\t\t\t<\/div>\n<\/div>[vc_column_text]Maksa suoraan kaupan pankkitilille. Kirjoita viestikentt\u00e4\u00e4n tilauksen numero. Tuotteita ei l\u00e4hetet\u00e4 ennen kuin suoritus n\u00e4kyy tilill\u00e4mme.<\/p>\n<p>K\u00e4yt\u00e4 seuraavia pankkitietoja maksun suorittamiseen:<\/p>\n<p>Yrityksen nimi: Konigor Ltd.<\/p>\n<p>Pankkitilin numero\/IBAN: EE427700771004302619<\/p>\n<p>BIC \/ Swift: LHVBEE22<\/p>\n<p>Pankin nimi: AS LHV Pank[\/vc_column_text]\t\t<\/div>\n\t<\/div>\n<\/div>\n\n<div class=\"eltdf-eh-item     \"  data-item-class=\"eltdf-eh-custom-3396\">\n\t\t<div class=\"eltdf-eh-item-inner\">\n\t\t<div class=\"eltdf-eh-item-content eltdf-eh-custom-3396\" >\n\t\t\t<div class=\"eltdf-swaying-image-holder eltdf-si-with-border eltdf-si-to-right\">\n\t\t<div class=\"eltdf-swaying-image\" style=\"background-image: url(https:\/\/phytowall.ee\/wp-content\/uploads\/2023\/11\/15-8.jpg)\"><\/div>\n\t\t\t<div class=\"eltdf-si-border\"  ><\/div>\n\t<\/div>\t\t<\/div>\n\t<\/div>\n<\/div>\n\n<\/div>[\/vc_column][\/vc_row]<\/p>\n<\/div>","protected":false},"excerpt":{"rendered":"<p>[vc_row equal_height=&#8221;yes&#8221; css=&#8221;.vc_custom_1701087283189{padding-top: 120px !important;padding-right: 0px !important;padding-bottom: 120px !important;padding-left: 0px !important;}&#8221; el_class=&#8221;text_page&#8221;][vc_column css=&#8221;.vc_custom_1701087271854{padding-top: 0px !important;padding-right: 0px !important;padding-bottom: 0px !important;padding-left: 0px !important;}&#8221;][\/vc_column][\/vc_row]<\/p>\n","protected":false},"author":1,"featured_media":0,"parent":0,"menu_order":0,"comment_status":"closed","ping_status":"closed","template":"full-width.php","meta":{"_monsterinsights_skip_tracking":false,"_monsterinsights_sitenote_active":false,"_monsterinsights_sitenote_note":"","_monsterinsights_sitenote_category":0,"footnotes":""},"class_list":["post-34714","page","type-page","status-publish","hentry"],"_links":{"self":[{"href":"https:\/\/phytowall.ee\/fi\/wp-json\/wp\/v2\/pages\/34714","targetHints":{"allow":["GET"]}}],"collection":[{"href":"https:\/\/phytowall.ee\/fi\/wp-json\/wp\/v2\/pages"}],"about":[{"href":"https:\/\/phytowall.ee\/fi\/wp-json\/wp\/v2\/types\/page"}],"author":[{"embeddable":true,"href":"https:\/\/phytowall.ee\/fi\/wp-json\/wp\/v2\/users\/1"}],"replies":[{"embeddable":true,"href":"https:\/\/phytowall.ee\/fi\/wp-json\/wp\/v2\/comments?post=34714"}],"version-history":[{"count":0,"href":"https:\/\/phytowall.ee\/fi\/wp-json\/wp\/v2\/pages\/34714\/revisions"}],"wp:attachment":[{"href":"https:\/\/phytowall.ee\/fi\/wp-json\/wp\/v2\/media?parent=34714"}],"curies":[{"name":"wp","href":"https:\/\/api.w.org\/{rel}","templated":true}]}}