{"id":64557,"date":"2024-02-14T11:19:43","date_gmt":"2024-02-14T11:19:43","guid":{"rendered":"https:\/\/phytowall.ee\/products\/trees\/"},"modified":"2024-09-26T15:23:49","modified_gmt":"2024-09-26T15:23:49","slug":"trees","status":"publish","type":"page","link":"https:\/\/phytowall.ee\/fi\/products\/trees\/","title":{"rendered":"S\u00e4ilytetyt puut"},"content":{"rendered":"<div class=\"wpb-content-wrapper\"><p>[vc_row equal_height=&#8221;yes&#8221; css=&#8221;.vc_custom_1717426806385{margin-top: 120px !important;margin-right: 0px !important;margin-left: 0px !important;padding-top: 0px !important;padding-bottom: 0px !important;}&#8221; el_class=&#8221;mobile_adaptive_width&#8221;][vc_column css=&#8221;.vc_custom_1700839650057{padding-top: 0px !important;padding-right: 0px !important;padding-bottom: 0px !important;padding-left: 0px !important;}&#8221;]<div class=\"eltdf-elements-holder   eltdf-two-columns  eltdf-responsive-mode-1024 \" ><div class=\"eltdf-eh-item     \"  data-item-class=\"eltdf-eh-custom-6810\" data-1366-1600=\"157px 149px 126px 94px\" data-1024-1366=\"128px 110px 135px 110px\" data-768-1024=\"0px 100px 40px\" data-680-768=\"0px 100px 40px\" data-680=\"0px 50px 40px\">\n\t\t<div class=\"eltdf-eh-item-inner\">\n\t\t<div class=\"eltdf-eh-item-content eltdf-eh-custom-6810\" style=\"padding: 100px 125px 100px 238px\">\n\t\t\t<div class=\"eltdf-section-title-holder  eltdf-st-standard eltdf-st-title-left eltdf-st-normal-space \" >\n\t<div class=\"eltdf-st-inner\">\n\t\t\t\t\t<h1 class=\"eltdf-st-title\" >\n\t\t\t\tS\u00e4ilytetyt puut\t\t\t<\/h1>\n\t\t\t\t\t\t\t<div class=\"eltdf-separator-holder clearfix   \">\n\t<div class=\"eltdf-separator\" style=\"margin-bottom: 2px\"><\/div>\n<\/div>\n\t\t\t\t\t<\/div>\n<\/div>[vc_column_text]Luonnollisesti s\u00e4ilyneet puut luovat inhimillisi\u00e4 ja nautinnollisia elintiloja, jotka<br \/>\nanna meid\u00e4n rentoutua ja olla luovempia.<\/p>\n<p>Niiden avulla voimme pehment\u00e4\u00e4 arkkitehtuurin rakenteellisia elementtej\u00e4. Luonnon<br \/>\ntuominen sis\u00e4tiloissa lis\u00e4\u00e4 v\u00e4ri\u00e4 ja luo ainutlaatuisen tilan.[\/vc_column_text][vc_empty_space height=&#8221;48px&#8221;]<a itemprop=\"url\" href=\"https:\/\/phytowall.ee\/fi\/tuotekategoria\/preserved-trees-fi\/\" target=\"_self\" style=\"font-size: 16px;font-weight: 500;text-transform: uppercase;margin: 0 0 50px 0\" class=\"eltdf-btn eltdf-btn-medium eltdf-btn-outline eltdf-btn-custom-hover-bg eltdf-btn-custom-border-hover\" data-hover-bg-color=\"#c1b1a3\" data-hover-border-color=\"#c1b1a3\" >\n    <span class=\"eltdf-btn-text\">Osta nyt<\/span>\n    <\/a>\t\t<\/div>\n\t<\/div>\n<\/div>\n\n<div class=\"eltdf-eh-item product_image    \"  data-item-class=\"eltdf-eh-custom-1227\">\n\t\t<div class=\"eltdf-eh-item-inner\">\n\t\t<div class=\"eltdf-eh-item-content eltdf-eh-custom-1227\" >\n\t\t\t<div class=\"eltdf-swaying-image-holder eltdf-si-with-border eltdf-si-to-right\">\n\t\t<div class=\"eltdf-swaying-image\" style=\"background-image: url(https:\/\/phytowall.ee\/wp-content\/uploads\/2024\/09\/arvore-preservada-e509bec8.jpeg)\"><\/div>\n\t\t\t<div class=\"eltdf-si-border\"  ><\/div>\n\t<\/div>\t\t<\/div>\n\t<\/div>\n<\/div>\n\n<\/div>[\/vc_column][\/vc_row][vc_row equal_height=&#8221;yes&#8221; css=&#8221;.vc_custom_1717426812003{margin-top: 0px !important;margin-right: 0px !important;margin-bottom: 120px !important;margin-left: 0px !important;padding-top: 0px !important;padding-bottom: 0px !important;}&#8221; el_class=&#8221;mobile_adaptive_width&#8221;][vc_column css=&#8221;.vc_custom_1700839650057{padding-top: 0px !important;padding-right: 0px !important;padding-bottom: 0px !important;padding-left: 0px !important;}&#8221;]<div class=\"eltdf-elements-holder   eltdf-two-columns  eltdf-responsive-mode-1024 \" ><div class=\"eltdf-eh-item product_image    \" style=\"background-image: url(https:\/\/phytowall.ee\/wp-content\/uploads\/2024\/09\/YPH0220-3-palmera-phoenix.jpg)\" data-item-class=\"eltdf-eh-custom-9259\">\n\t\t<div class=\"eltdf-eh-item-inner\">\n\t\t<div class=\"eltdf-eh-item-content eltdf-eh-custom-9259\" >\n\t\t\t<div class=\"eltdf-swaying-image-holder eltdf-si-with-border eltdf-si-to-left\">\n\t\t<div class=\"eltdf-swaying-image\" style=\"background-image: url(https:\/\/phytowall.ee\/wp-content\/uploads\/2024\/09\/YPH0220-3-palmera-phoenix.jpg)\"><\/div>\n\t\t\t<div class=\"eltdf-si-border\"  ><\/div>\n\t<\/div>\t\t<\/div>\n\t<\/div>\n<\/div>\n\n<div class=\"eltdf-eh-item     \"  data-item-class=\"eltdf-eh-custom-5487\" data-1366-1600=\"124px 149px 126px 94px\" data-1024-1366=\"128px 110px 135px 110px\" data-768-1024=\"80px 100px 0px\" data-680-768=\"80px 100px 0px\" data-680=\"100px 50px 0px\">\n\t\t<div class=\"eltdf-eh-item-inner\">\n\t\t<div class=\"eltdf-eh-item-content eltdf-eh-custom-5487\" style=\"padding: 100px 210px 100px 125px\">\n\t\t\t<div class=\"eltdf-section-title-holder  eltdf-st-standard eltdf-st-title-left eltdf-st-normal-space \" >\n\t<div class=\"eltdf-st-inner\">\n\t\t\t\t\t<h1 class=\"eltdf-st-title\" >\n\t\t\t\tMoss Islands\t\t\t<\/h1>\n\t\t\t\t\t\t\t<div class=\"eltdf-separator-holder clearfix   \">\n\t<div class=\"eltdf-separator\" style=\"margin-bottom: 2px\"><\/div>\n<\/div>\n\t\t\t\t\t<\/div>\n<\/div>[vc_column_text]Ne eiv\u00e4t kasva: s\u00e4il\u00f6nt\u00e4prosessi pys\u00e4ytt\u00e4\u00e4 kaikki biologiset prosessit<br \/>\nedist\u00e4\u00e4 kasvin ik\u00e4\u00e4ntymist\u00e4, joten ne kest\u00e4v\u00e4t vuosia ja merkitt\u00e4v\u00e4sti<br \/>\nv\u00e4hent\u00e4\u00e4 uudelleenostotarvetta.<\/p>\n<p>S\u00e4il\u00f6tyt puut auttavat m\u00e4\u00e4rittelem\u00e4\u00e4n ja mukauttamaan ymp\u00e4rist\u00f6\u00e4![\/vc_column_text][vc_empty_space height=&#8221;48px&#8221;]<a itemprop=\"url\" href=\"https:\/\/phytowall.ee\/fi\/tuotekategoria\/preserved-trees-fi\/\" target=\"_self\" style=\"font-size: 16px;font-weight: 500;text-transform: uppercase;margin: 0 0 50px 0\" class=\"eltdf-btn eltdf-btn-medium eltdf-btn-outline eltdf-btn-custom-hover-bg eltdf-btn-custom-border-hover\" data-hover-bg-color=\"#c1b1a3\" data-hover-border-color=\"#c1b1a3\" >\n    <span class=\"eltdf-btn-text\">osta nyt<\/span>\n    <\/a>\t\t<\/div>\n\t<\/div>\n<\/div>\n\n<\/div>[\/vc_column][\/vc_row][vc_row css=&#8221;.vc_custom_1700848287029{margin-top: 120px !important;margin-bottom: 120px !important;padding-top: 100px !important;padding-bottom: 100px !important;background-color: #f6f2ed !important;}&#8221; el_class=&#8221;product_carousel&#8221;][vc_column]<div class=\"eltdf-image-gallery  eltdf-ig-carousel-type eltdf-normal-space  eltdf-image-behavior-lightbox\">\n\t<div class=\"eltdf-ig-slider eltdf-owl-slider\" data-number-of-items=\"1\" data-enable-loop=\"yes\" data-enable-autoplay=\"yes\" data-enable-auto-width=\"yes\" data-enable-center=\"yes\" data-slider-speed=\"5000\" data-slider-speed-animation=\"600\" data-slider-padding=\"no\" data-enable-navigation=\"yes\" data-enable-pagination=\"no\">\n\t\t\t\t\t<div class=\"eltdf-ig-image\">\n\t\t\t\t<div class=\"eltdf-ig-image-inner\">\n\t\t\t\t\t\t\t\t\t\t\t<a itemprop=\"image\" class=\"eltdf-ig-lightbox eltdf-block-drag-link\" href=\"https:\/\/phytowall.ee\/wp-content\/uploads\/2024\/09\/arvore-preservada-e509bec8.jpeg\" data-rel=\"prettyPhoto[image_gallery_pretty_photo-752]\" title=\"arvore-preservada-e509bec8\">\n\t\t\t\t\t\t\t\t\t\t\t<img loading=\"lazy\" decoding=\"async\" src=\"https:\/\/phytowall.ee\/wp-content\/uploads\/2024\/09\/arvore-preservada-e509bec8-800x400.jpeg\" alt=\"\" width=\"800\" height=\"400\" \/>\t\t\t\t\t\t\t\t\t\t\t<\/a>\n\t\t\t\t\t\t\t\t\t<\/div>\n\t\t\t<\/div>\n\t\t\t\t\t<div class=\"eltdf-ig-image\">\n\t\t\t\t<div class=\"eltdf-ig-image-inner\">\n\t\t\t\t\t\t\t\t\t\t\t<a itemprop=\"image\" class=\"eltdf-ig-lightbox eltdf-block-drag-link\" href=\"https:\/\/phytowall.ee\/wp-content\/uploads\/2024\/09\/Arboles-2.jpg\" data-rel=\"prettyPhoto[image_gallery_pretty_photo-752]\" title=\"Arboles-2\">\n\t\t\t\t\t\t\t\t\t\t\t<img loading=\"lazy\" decoding=\"async\" src=\"https:\/\/phytowall.ee\/wp-content\/uploads\/2024\/09\/Arboles-2-800x400.jpg\" alt=\"\" width=\"800\" height=\"400\" \/>\t\t\t\t\t\t\t\t\t\t\t<\/a>\n\t\t\t\t\t\t\t\t\t<\/div>\n\t\t\t<\/div>\n\t\t\t\t\t<div class=\"eltdf-ig-image\">\n\t\t\t\t<div class=\"eltdf-ig-image-inner\">\n\t\t\t\t\t\t\t\t\t\t\t<a itemprop=\"image\" class=\"eltdf-ig-lightbox eltdf-block-drag-link\" href=\"https:\/\/phytowall.ee\/wp-content\/uploads\/2024\/09\/Arboles-1.jpg\" data-rel=\"prettyPhoto[image_gallery_pretty_photo-752]\" title=\"Arboles-1\">\n\t\t\t\t\t\t\t\t\t\t\t<img loading=\"lazy\" decoding=\"async\" src=\"https:\/\/phytowall.ee\/wp-content\/uploads\/2024\/09\/Arboles-1-800x400.jpg\" alt=\"\" width=\"800\" height=\"400\" \/>\t\t\t\t\t\t\t\t\t\t\t<\/a>\n\t\t\t\t\t\t\t\t\t<\/div>\n\t\t\t<\/div>\n\t\t\t\t\t<div class=\"eltdf-ig-image\">\n\t\t\t\t<div class=\"eltdf-ig-image-inner\">\n\t\t\t\t\t\t\t\t\t\t\t<a itemprop=\"image\" class=\"eltdf-ig-lightbox eltdf-block-drag-link\" href=\"https:\/\/phytowall.ee\/wp-content\/uploads\/2024\/09\/Arboles-5.jpg\" data-rel=\"prettyPhoto[image_gallery_pretty_photo-752]\" title=\"Arboles-5\">\n\t\t\t\t\t\t\t\t\t\t\t<img loading=\"lazy\" decoding=\"async\" src=\"https:\/\/phytowall.ee\/wp-content\/uploads\/2024\/09\/Arboles-5-800x400.jpg\" alt=\"\" width=\"800\" height=\"400\" \/>\t\t\t\t\t\t\t\t\t\t\t<\/a>\n\t\t\t\t\t\t\t\t\t<\/div>\n\t\t\t<\/div>\n\t\t\t\t\t<div class=\"eltdf-ig-image\">\n\t\t\t\t<div class=\"eltdf-ig-image-inner\">\n\t\t\t\t\t\t\t\t\t\t\t<a itemprop=\"image\" class=\"eltdf-ig-lightbox eltdf-block-drag-link\" href=\"https:\/\/phytowall.ee\/wp-content\/uploads\/2024\/09\/Arboles-10.jpg\" data-rel=\"prettyPhoto[image_gallery_pretty_photo-752]\" title=\"Arboles-10\">\n\t\t\t\t\t\t\t\t\t\t\t<img loading=\"lazy\" decoding=\"async\" src=\"https:\/\/phytowall.ee\/wp-content\/uploads\/2024\/09\/Arboles-10-800x400.jpg\" alt=\"\" width=\"800\" height=\"400\" \/>\t\t\t\t\t\t\t\t\t\t\t<\/a>\n\t\t\t\t\t\t\t\t\t<\/div>\n\t\t\t<\/div>\n\t\t\t\t\t<div class=\"eltdf-ig-image\">\n\t\t\t\t<div class=\"eltdf-ig-image-inner\">\n\t\t\t\t\t\t\t\t\t\t\t<a itemprop=\"image\" class=\"eltdf-ig-lightbox eltdf-block-drag-link\" href=\"https:\/\/phytowall.ee\/wp-content\/uploads\/2024\/09\/JJU0110-3-jumbo-juniperus.jpg\" data-rel=\"prettyPhoto[image_gallery_pretty_photo-752]\" title=\"Dispositivos\">\n\t\t\t\t\t\t\t\t\t\t\t<img loading=\"lazy\" decoding=\"async\" src=\"https:\/\/phytowall.ee\/wp-content\/uploads\/2024\/09\/JJU0110-3-jumbo-juniperus-800x400.jpg\" alt=\"\" width=\"800\" height=\"400\" \/>\t\t\t\t\t\t\t\t\t\t\t<\/a>\n\t\t\t\t\t\t\t\t\t<\/div>\n\t\t\t<\/div>\n\t\t\t\t\t<div class=\"eltdf-ig-image\">\n\t\t\t\t<div class=\"eltdf-ig-image-inner\">\n\t\t\t\t\t\t\t\t\t\t\t<a itemprop=\"image\" class=\"eltdf-ig-lightbox eltdf-block-drag-link\" href=\"https:\/\/phytowall.ee\/wp-content\/uploads\/2024\/09\/YPH0220-3-palmera-phoenix.jpg\" data-rel=\"prettyPhoto[image_gallery_pretty_photo-752]\" title=\"Dispositivos\">\n\t\t\t\t\t\t\t\t\t\t\t<img loading=\"lazy\" decoding=\"async\" src=\"https:\/\/phytowall.ee\/wp-content\/uploads\/2024\/09\/YPH0220-3-palmera-phoenix-800x400.jpg\" alt=\"\" width=\"800\" height=\"400\" \/>\t\t\t\t\t\t\t\t\t\t\t<\/a>\n\t\t\t\t\t\t\t\t\t<\/div>\n\t\t\t<\/div>\n\t\t\t\t\t<div class=\"eltdf-ig-image\">\n\t\t\t\t<div class=\"eltdf-ig-image-inner\">\n\t\t\t\t\t\t\t\t\t\t\t<a itemprop=\"image\" class=\"eltdf-ig-lightbox eltdf-block-drag-link\" href=\"https:\/\/phytowall.ee\/wp-content\/uploads\/2024\/09\/WPO0118-3-wide-populus.jpg\" data-rel=\"prettyPhoto[image_gallery_pretty_photo-752]\" title=\"Dispositivos\">\n\t\t\t\t\t\t\t\t\t\t\t<img loading=\"lazy\" decoding=\"async\" src=\"https:\/\/phytowall.ee\/wp-content\/uploads\/2024\/09\/WPO0118-3-wide-populus-800x400.jpg\" alt=\"\" width=\"800\" height=\"400\" \/>\t\t\t\t\t\t\t\t\t\t\t<\/a>\n\t\t\t\t\t\t\t\t\t<\/div>\n\t\t\t<\/div>\n\t\t\t\t\t<div class=\"eltdf-ig-image\">\n\t\t\t\t<div class=\"eltdf-ig-image-inner\">\n\t\t\t\t\t\t\t\t\t\t\t<a itemprop=\"image\" class=\"eltdf-ig-lightbox eltdf-block-drag-link\" href=\"https:\/\/phytowall.ee\/wp-content\/uploads\/2024\/09\/KAG0230-3-palmera-phoenix.jpg\" data-rel=\"prettyPhoto[image_gallery_pretty_photo-752]\" title=\"Dispositivos\">\n\t\t\t\t\t\t\t\t\t\t\t<img loading=\"lazy\" decoding=\"async\" src=\"https:\/\/phytowall.ee\/wp-content\/uploads\/2024\/09\/KAG0230-3-palmera-phoenix-800x400.jpg\" alt=\"\" width=\"800\" height=\"400\" \/>\t\t\t\t\t\t\t\t\t\t\t<\/a>\n\t\t\t\t\t\t\t\t\t<\/div>\n\t\t\t<\/div>\n\t\t\t\t\t<div class=\"eltdf-ig-image\">\n\t\t\t\t<div class=\"eltdf-ig-image-inner\">\n\t\t\t\t\t\t\t\t\t\t\t<a itemprop=\"image\" class=\"eltdf-ig-lightbox eltdf-block-drag-link\" href=\"https:\/\/phytowall.ee\/wp-content\/uploads\/2024\/09\/KPB0100-3-palmera-phoenix.jpg\" data-rel=\"prettyPhoto[image_gallery_pretty_photo-752]\" title=\"Dispositivos\">\n\t\t\t\t\t\t\t\t\t\t\t<img loading=\"lazy\" decoding=\"async\" src=\"https:\/\/phytowall.ee\/wp-content\/uploads\/2024\/09\/KPB0100-3-palmera-phoenix-800x400.jpg\" alt=\"\" width=\"800\" height=\"400\" \/>\t\t\t\t\t\t\t\t\t\t\t<\/a>\n\t\t\t\t\t\t\t\t\t<\/div>\n\t\t\t<\/div>\n\t\t\t\t\t<div class=\"eltdf-ig-image\">\n\t\t\t\t<div class=\"eltdf-ig-image-inner\">\n\t\t\t\t\t\t\t\t\t\t\t<a itemprop=\"image\" class=\"eltdf-ig-lightbox eltdf-block-drag-link\" href=\"https:\/\/phytowall.ee\/wp-content\/uploads\/2024\/09\/JSA0116-3-jumbo-cocolus-salal-1.jpg\" data-rel=\"prettyPhoto[image_gallery_pretty_photo-752]\" title=\"JSA0116-3-jumbo-cocolus-salal\">\n\t\t\t\t\t\t\t\t\t\t\t<img loading=\"lazy\" decoding=\"async\" src=\"https:\/\/phytowall.ee\/wp-content\/uploads\/2024\/09\/JSA0116-3-jumbo-cocolus-salal-1-800x400.jpg\" alt=\"\" width=\"800\" height=\"400\" \/>\t\t\t\t\t\t\t\t\t\t\t<\/a>\n\t\t\t\t\t\t\t\t\t<\/div>\n\t\t\t<\/div>\n\t\t\t\t\t<div class=\"eltdf-ig-image\">\n\t\t\t\t<div class=\"eltdf-ig-image-inner\">\n\t\t\t\t\t\t\t\t\t\t\t<a itemprop=\"image\" class=\"eltdf-ig-lightbox eltdf-block-drag-link\" href=\"https:\/\/phytowall.ee\/wp-content\/uploads\/2024\/09\/JCO0116-3-jumbo-cocolus-salal.jpg\" data-rel=\"prettyPhoto[image_gallery_pretty_photo-752]\" title=\"JCO0116-3-jumbo-cocolus-salal\">\n\t\t\t\t\t\t\t\t\t\t\t<img loading=\"lazy\" decoding=\"async\" src=\"https:\/\/phytowall.ee\/wp-content\/uploads\/2024\/09\/JCO0116-3-jumbo-cocolus-salal-800x400.jpg\" alt=\"\" width=\"800\" height=\"400\" \/>\t\t\t\t\t\t\t\t\t\t\t<\/a>\n\t\t\t\t\t\t\t\t\t<\/div>\n\t\t\t<\/div>\n\t\t\t\t\t<div class=\"eltdf-ig-image\">\n\t\t\t\t<div class=\"eltdf-ig-image-inner\">\n\t\t\t\t\t\t\t\t\t\t\t<a itemprop=\"image\" class=\"eltdf-ig-lightbox eltdf-block-drag-link\" href=\"https:\/\/phytowall.ee\/wp-content\/uploads\/2024\/09\/ANI0124-3-slim-nicoly.jpg\" data-rel=\"prettyPhoto[image_gallery_pretty_photo-752]\" title=\"ANI0124-3-slim-nicoly\">\n\t\t\t\t\t\t\t\t\t\t\t<img loading=\"lazy\" decoding=\"async\" src=\"https:\/\/phytowall.ee\/wp-content\/uploads\/2024\/09\/ANI0124-3-slim-nicoly-800x400.jpg\" alt=\"\" width=\"800\" height=\"400\" \/>\t\t\t\t\t\t\t\t\t\t\t<\/a>\n\t\t\t\t\t\t\t\t\t<\/div>\n\t\t\t<\/div>\n\t\t\t\t\t<div class=\"eltdf-ig-image\">\n\t\t\t\t<div class=\"eltdf-ig-image-inner\">\n\t\t\t\t\t\t\t\t\t\t\t<a itemprop=\"image\" class=\"eltdf-ig-lightbox eltdf-block-drag-link\" href=\"https:\/\/phytowall.ee\/wp-content\/uploads\/2024\/09\/APO0124-2-slim-populus.jpg\" data-rel=\"prettyPhoto[image_gallery_pretty_photo-752]\" title=\"Dispositivos\">\n\t\t\t\t\t\t\t\t\t\t\t<img loading=\"lazy\" decoding=\"async\" src=\"https:\/\/phytowall.ee\/wp-content\/uploads\/2024\/09\/APO0124-2-slim-populus-800x400.jpg\" alt=\"\" width=\"800\" height=\"400\" \/>\t\t\t\t\t\t\t\t\t\t\t<\/a>\n\t\t\t\t\t\t\t\t\t<\/div>\n\t\t\t<\/div>\n\t\t\t<\/div>\n<\/div>[\/vc_column][\/vc_row][vc_row row_content_width=&#8221;grid&#8221; css=&#8221;.vc_custom_1700849213255{margin-top: 120px !important;margin-bottom: 120px !important;}&#8221;][vc_column]<div class=\"eltdf-elements-holder   eltdf-one-column  eltdf-responsive-mode-768 \" ><div class=\"eltdf-eh-item  eltdf-vertical-alignment-top eltdf-horizontal-alignment-center  \"  data-item-class=\"eltdf-eh-custom-8915\" data-1024-1366=\"0px 150px\" data-768-1024=\"0px 0px 0px 0px\" data-680-768=\"0px 0px 0px 0px\" data-680=\"0px 0px 0px 0px\">\n\t\t<div class=\"eltdf-eh-item-inner\">\n\t\t<div class=\"eltdf-eh-item-content eltdf-eh-custom-8915\" style=\"padding: 0 300px\">\n\t\t\t<div class=\"eltdf-section-title-holder  eltdf-st-standard eltdf-st-title-left eltdf-st-normal-space \" style=\"text-align: center\">\n\t<div class=\"eltdf-st-inner\">\n\t\t\t\t\t<h2 class=\"eltdf-st-title\" >\n\t\t\t\tHave a questions?\t\t\t<\/h2>\n\t\t\t\t\t\t\t<div class=\"eltdf-separator-holder clearfix   \">\n\t<div class=\"eltdf-separator\" style=\"margin-bottom: 8px\"><\/div>\n<\/div>\n\t\t\t\t\t\t\t<p class=\"eltdf-st-text\" style=\"font-size: 16px;font-weight: 400\">\n\t\t\t\tLeave us a message below and we will get back to you as soon as we can.\t\t\t<\/p>\n\t\t\t<\/div>\n<\/div>\n<div class=\"wpcf7 no-js\" id=\"wpcf7-f34470-o1\" lang=\"fi\" dir=\"ltr\" data-wpcf7-id=\"34470\">\n<div class=\"screen-reader-response\"><p role=\"status\" aria-live=\"polite\" aria-atomic=\"true\"><\/p> <ul><\/ul><\/div>\n<form action=\"\/fi\/wp-json\/wp\/v2\/pages\/64557#wpcf7-f34470-o1\" method=\"post\" class=\"wpcf7-form init\" aria-label=\"Yhteydenottolomake\" novalidate=\"novalidate\" data-status=\"init\">\n<fieldset class=\"hidden-fields-container\"><input type=\"hidden\" name=\"_wpcf7\" value=\"34470\" \/><input type=\"hidden\" name=\"_wpcf7_version\" value=\"6.1.5\" \/><input type=\"hidden\" name=\"_wpcf7_locale\" value=\"fi\" \/><input type=\"hidden\" name=\"_wpcf7_unit_tag\" value=\"wpcf7-f34470-o1\" \/><input type=\"hidden\" name=\"_wpcf7_container_post\" value=\"0\" \/><input type=\"hidden\" name=\"_wpcf7_posted_data_hash\" value=\"\" \/>\n<\/fieldset>\n<div class=\"eltdf-grid-row eltdf-grid-small-gutter\">\n\t<div class=\"eltdf-grid-col-6\">\n\t\t<p><label>Etunimi <span class=\"required\">*<\/span><\/label><span class=\"wpcf7-form-control-wrap\" data-name=\"your-name\"><input size=\"40\" maxlength=\"400\" class=\"wpcf7-form-control wpcf7-text wpcf7-validates-as-required\" aria-required=\"true\" aria-invalid=\"false\" value=\"\" type=\"text\" name=\"your-name\" \/><\/span>\n\t\t<\/p>\n\t<\/div>\n\t<div class=\"eltdf-grid-col-6\">\n\t\t<p><label>S\u00e4hk\u00f6posti <span class=\"required\">*<\/span><\/label><span class=\"wpcf7-form-control-wrap\" data-name=\"your-email\"><input size=\"40\" maxlength=\"400\" class=\"wpcf7-form-control wpcf7-email wpcf7-validates-as-required wpcf7-text wpcf7-validates-as-email\" aria-required=\"true\" aria-invalid=\"false\" value=\"\" type=\"email\" name=\"your-email\" \/><\/span>\n\t\t<\/p>\n\t<\/div>\n<\/div>\n<p><label>Viesti<\/label><span class=\"wpcf7-form-control-wrap\" data-name=\"your-message\"><textarea cols=\"40\" rows=\"8\" maxlength=\"2000\" class=\"wpcf7-form-control wpcf7-textarea\" aria-invalid=\"false\" name=\"your-message\"><\/textarea><\/span>\n<\/p>\n<div class=\"eltdf-cf7-submit-holder\">\n\t<p><input class=\"wpcf7-form-control wpcf7-submit has-spinner\" type=\"submit\" value=\"L\u00e4hett\u00e4\u00e4\" \/>\n\t<\/p>\n<\/div><div class=\"wpcf7-response-output\" aria-hidden=\"true\"><\/div>\n<\/form>\n<\/div>\n\t\t<\/div>\n\t<\/div>\n<\/div>\n\n<\/div>[\/vc_column][\/vc_row]<\/p>\n<\/div>","protected":false},"excerpt":{"rendered":"<p>[vc_row equal_height=&#8221;yes&#8221; css=&#8221;.vc_custom_1717426806385{margin-top: 120px !important;margin-right: 0px !important;margin-left: 0px !important;padding-top: 0px !important;padding-bottom: 0px !important;}&#8221; el_class=&#8221;mobile_adaptive_width&#8221;][vc_column css=&#8221;.vc_custom_1700839650057{padding-top: 0px !important;padding-right: 0px !important;padding-bottom: 0px !important;padding-left: 0px !important;}&#8221;][\/vc_column][\/vc_row][vc_row equal_height=&#8221;yes&#8221; css=&#8221;.vc_custom_1717426812003{margin-top: 0px !important;margin-right: 0px !important;margin-bottom: 120px !important;margin-left: 0px !important;padding-top: 0px !important;padding-bottom: 0px !important;}&#8221; el_class=&#8221;mobile_adaptive_width&#8221;][vc_column css=&#8221;.vc_custom_1700839650057{padding-top: 0px [&hellip;]<\/p>\n","protected":false},"author":1,"featured_media":0,"parent":34420,"menu_order":0,"comment_status":"closed","ping_status":"closed","template":"full-width.php","meta":{"_monsterinsights_skip_tracking":false,"_monsterinsights_sitenote_active":false,"_monsterinsights_sitenote_note":"","_monsterinsights_sitenote_category":0,"footnotes":""},"class_list":["post-64557","page","type-page","status-publish","hentry"],"_links":{"self":[{"href":"https:\/\/phytowall.ee\/fi\/wp-json\/wp\/v2\/pages\/64557","targetHints":{"allow":["GET"]}}],"collection":[{"href":"https:\/\/phytowall.ee\/fi\/wp-json\/wp\/v2\/pages"}],"about":[{"href":"https:\/\/phytowall.ee\/fi\/wp-json\/wp\/v2\/types\/page"}],"author":[{"embeddable":true,"href":"https:\/\/phytowall.ee\/fi\/wp-json\/wp\/v2\/users\/1"}],"replies":[{"embeddable":true,"href":"https:\/\/phytowall.ee\/fi\/wp-json\/wp\/v2\/comments?post=64557"}],"version-history":[{"count":9,"href":"https:\/\/phytowall.ee\/fi\/wp-json\/wp\/v2\/pages\/64557\/revisions"}],"predecessor-version":[{"id":65943,"href":"https:\/\/phytowall.ee\/fi\/wp-json\/wp\/v2\/pages\/64557\/revisions\/65943"}],"up":[{"embeddable":true,"href":"https:\/\/phytowall.ee\/fi\/wp-json\/wp\/v2\/pages\/34420"}],"wp:attachment":[{"href":"https:\/\/phytowall.ee\/fi\/wp-json\/wp\/v2\/media?parent=64557"}],"curies":[{"name":"wp","href":"https:\/\/api.w.org\/{rel}","templated":true}]}}