{"id":68195,"date":"2024-11-10T14:25:42","date_gmt":"2024-11-10T14:25:42","guid":{"rendered":"https:\/\/phytowall.ee\/products\/articifial-plants-and-trees\/"},"modified":"2024-11-10T19:33:31","modified_gmt":"2024-11-10T19:33:31","slug":"articifial-plants-and-trees","status":"publish","type":"page","link":"https:\/\/phytowall.ee\/fi\/products\/articifial-plants-and-trees\/","title":{"rendered":"Tekopuut ja vihersein\u00e4t"},"content":{"rendered":"<div class=\"wpb-content-wrapper\"><p>[vc_row equal_height=&#8221;yes&#8221; css=&#8221;.vc_custom_1717426466043{margin-top: 120px !important;margin-right: 0px !important;margin-left: 0px !important;padding-top: 0px !important;padding-bottom: 0px !important;}&#8221; el_class=&#8221;mobile_adaptive_width&#8221;][vc_column css=&#8221;.vc_custom_1700839650057{padding-top: 0px !important;padding-right: 0px !important;padding-bottom: 0px !important;padding-left: 0px !important;}&#8221;]<div class=\"eltdf-elements-holder   eltdf-two-columns  eltdf-responsive-mode-1024 \" ><div class=\"eltdf-eh-item     \"  data-item-class=\"eltdf-eh-custom-7255\" data-1366-1600=\"157px 149px 126px 94px\" data-1024-1366=\"128px 110px 135px 110px\" data-768-1024=\"0px 100px 40px\" data-680-768=\"0px 100px 40px\" data-680=\"0px 50px 40px\">\n\t\t<div class=\"eltdf-eh-item-inner\">\n\t\t<div class=\"eltdf-eh-item-content eltdf-eh-custom-7255\" style=\"padding: 100px 125px 100px 238px\">\n\t\t\t<div class=\"eltdf-section-title-holder  eltdf-st-standard eltdf-st-title-left eltdf-st-normal-space \" >\n\t<div class=\"eltdf-st-inner\">\n\t\t\t\t\t<h2 class=\"eltdf-st-title\" >\n\t\t\t\tTekopuut\t\t\t<\/h2>\n\t\t\t\t\t\t\t<div class=\"eltdf-separator-holder clearfix   \">\n\t<div class=\"eltdf-separator\" style=\"margin-bottom: 2px\"><\/div>\n<\/div>\n\t\t\t\t\t<\/div>\n<\/div>[vc_column_text]Valikoimassamme on tekopuita, jotka sopivat t\u00e4ydellisesti jokaiseen sisustukseen. Meilt\u00e4 l\u00f6yd\u00e4t oliivipuita, havupuita, hedelm\u00e4puita ja paljon muuta. N\u00e4m\u00e4 puut luovat viihtyis\u00e4n ja el\u00e4v\u00e4isen ilmapiirin ilman hoidon tarvetta. Laadukkaiden materiaalien ja luonnollisen ulkon\u00e4\u00f6n ansiosta tekopuumme ovat erinomainen lis\u00e4 niin toimistoihin, koteihin kuin julkisiin tiloihin.[\/vc_column_text][vc_empty_space height=&#8221;48px&#8221;]<a itemprop=\"url\" href=\"https:\/\/phytowall.ee\/en\/product-category\/preserved-trees\/\" target=\"_self\" style=\"font-size: 16px;font-weight: 500;text-transform: uppercase;margin: 0 0 50px 0\" class=\"eltdf-btn eltdf-btn-medium eltdf-btn-outline eltdf-btn-custom-hover-bg eltdf-btn-custom-border-hover\" data-hover-bg-color=\"#c1b1a3\" data-hover-border-color=\"#c1b1a3\" >\n    <span class=\"eltdf-btn-text\">shop now<\/span>\n    <\/a>\t\t<\/div>\n\t<\/div>\n<\/div>\n\n<div class=\"eltdf-eh-item product_image    \"  data-item-class=\"eltdf-eh-custom-7656\">\n\t\t<div class=\"eltdf-eh-item-inner\">\n\t\t<div class=\"eltdf-eh-item-content eltdf-eh-custom-7656\" >\n\t\t\t<div class=\"eltdf-swaying-image-holder eltdf-si-with-border eltdf-si-to-right\">\n\t\t<div class=\"eltdf-swaying-image\" style=\"background-image: url(https:\/\/phytowall.ee\/wp-content\/uploads\/2024\/11\/pin-luxury-400-2.jpg)\"><\/div>\n\t\t\t<div class=\"eltdf-si-border\"  ><\/div>\n\t<\/div>\t\t<\/div>\n\t<\/div>\n<\/div>\n\n<\/div>[\/vc_column][\/vc_row][vc_row equal_height=&#8221;yes&#8221; css=&#8221;.vc_custom_1717426490462{margin-top: 0px !important;margin-right: 0px !important;margin-bottom: 120px !important;margin-left: 0px !important;padding-top: 0px !important;padding-bottom: 0px !important;}&#8221; el_class=&#8221;mobile_adaptive_width&#8221;][vc_column css=&#8221;.vc_custom_1700839650057{padding-top: 0px !important;padding-right: 0px !important;padding-bottom: 0px !important;padding-left: 0px !important;}&#8221;]<div class=\"eltdf-elements-holder   eltdf-two-columns  eltdf-responsive-mode-1024 \" ><div class=\"eltdf-eh-item product_image    \"  data-item-class=\"eltdf-eh-custom-2937\">\n\t\t<div class=\"eltdf-eh-item-inner\">\n\t\t<div class=\"eltdf-eh-item-content eltdf-eh-custom-2937\" >\n\t\t\t<div class=\"eltdf-swaying-image-holder eltdf-si-with-border eltdf-si-to-left\">\n\t\t<div class=\"eltdf-swaying-image\" style=\"background-image: url(https:\/\/phytowall.ee\/wp-content\/uploads\/2024\/11\/artificial-green-wall-3.jpg)\"><\/div>\n\t\t\t<div class=\"eltdf-si-border\"  ><\/div>\n\t<\/div>\t\t<\/div>\n\t<\/div>\n<\/div>\n\n<div class=\"eltdf-eh-item     \"  data-item-class=\"eltdf-eh-custom-4504\" data-1366-1600=\"124px 149px 126px 94px\" data-1024-1366=\"128px 110px 135px 110px\" data-768-1024=\"80px 100px 0px\" data-680-768=\"80px 100px 0px\" data-680=\"100px 50px 0px\">\n\t\t<div class=\"eltdf-eh-item-inner\">\n\t\t<div class=\"eltdf-eh-item-content eltdf-eh-custom-4504\" style=\"padding: 100px 210px 100px 125px\">\n\t\t\t<div class=\"eltdf-section-title-holder  eltdf-st-standard eltdf-st-title-left eltdf-st-normal-space \" >\n\t<div class=\"eltdf-st-inner\">\n\t\t\t\t\t<h1 class=\"eltdf-st-title\" >\n\t\t\t\tTeko vihersein\u00e4t\t\t\t<\/h1>\n\t\t\t\t\t\t\t<div class=\"eltdf-separator-holder clearfix   \">\n\t<div class=\"eltdf-separator\" style=\"margin-bottom: 2px\"><\/div>\n<\/div>\n\t\t\t\t\t<\/div>\n<\/div>[vc_column_text]Tarjoamme tekovihersein\u00e4t, jotka ovat tyylik\u00e4s ja omaper\u00e4inen ratkaisu sisustukseesi. T\u00e4llaiset sein\u00e4t tuovat luonnon raikkautta ja luovat viihtyis\u00e4n ilmapiirin ilman huoltoa. Laadukkaat tekokasvit takaavat kest\u00e4vyyden ja s\u00e4ilytt\u00e4v\u00e4t kirkkaat v\u00e4rit, luoden el\u00e4v\u00e4n vehreyden vaikutelman miss\u00e4 tahansa tilassa \u2013 sek\u00e4 toimistoissa ett\u00e4 asuintiloissa. Vihre\u00e4t sein\u00e4mme sopivat jopa kylpyl\u00e4alueille, joissa on suora kosketus veden kanssa, ja niit\u00e4 voidaan k\u00e4ytt\u00e4\u00e4 my\u00f6s ulkona, sill\u00e4 ne kest\u00e4v\u00e4t erilaisia s\u00e4\u00e4olosuhteita.[\/vc_column_text][vc_empty_space height=&#8221;48px&#8221;]<a itemprop=\"url\" href=\"https:\/\/phytowall.ee\/en\/product-category\/preserved-trees\/\" target=\"_self\" style=\"font-size: 16px;font-weight: 500;text-transform: uppercase;margin: 0 0 50px 0\" class=\"eltdf-btn eltdf-btn-medium eltdf-btn-outline eltdf-btn-custom-hover-bg eltdf-btn-custom-border-hover\" data-hover-bg-color=\"#c1b1a3\" data-hover-border-color=\"#c1b1a3\" >\n    <span class=\"eltdf-btn-text\">shop NOW<\/span>\n    <\/a>\t\t<\/div>\n\t<\/div>\n<\/div>\n\n<\/div>[\/vc_column][\/vc_row][vc_row css=&#8221;.vc_custom_1700848287029{margin-top: 120px !important;margin-bottom: 120px !important;padding-top: 100px !important;padding-bottom: 100px !important;background-color: #f6f2ed !important;}&#8221; el_class=&#8221;product_carousel&#8221;][vc_column]<div class=\"eltdf-image-gallery  eltdf-ig-carousel-type eltdf-normal-space  eltdf-image-behavior-lightbox\">\n\t<div class=\"eltdf-ig-slider eltdf-owl-slider\" data-number-of-items=\"1\" data-enable-loop=\"yes\" data-enable-autoplay=\"yes\" data-enable-auto-width=\"yes\" data-enable-center=\"yes\" data-slider-speed=\"5000\" data-slider-speed-animation=\"600\" data-slider-padding=\"no\" data-enable-navigation=\"yes\" data-enable-pagination=\"no\">\n\t\t\t\t\t<div class=\"eltdf-ig-image\">\n\t\t\t\t<div class=\"eltdf-ig-image-inner\">\n\t\t\t\t\t\t\t\t\t\t\t<a itemprop=\"image\" class=\"eltdf-ig-lightbox eltdf-block-drag-link\" href=\"https:\/\/phytowall.ee\/wp-content\/uploads\/2024\/11\/ResidentialLink-1.jpg\" data-rel=\"prettyPhoto[image_gallery_pretty_photo-560]\" title=\"ResidentialLink-1\">\n\t\t\t\t\t\t\t\t\t\t\t<img loading=\"lazy\" decoding=\"async\" src=\"https:\/\/phytowall.ee\/wp-content\/uploads\/2024\/11\/ResidentialLink-1-600x500.jpg\" alt=\"\" width=\"600\" height=\"500\" \/>\t\t\t\t\t\t\t\t\t\t\t<\/a>\n\t\t\t\t\t\t\t\t\t<\/div>\n\t\t\t<\/div>\n\t\t\t\t\t<div class=\"eltdf-ig-image\">\n\t\t\t\t<div class=\"eltdf-ig-image-inner\">\n\t\t\t\t\t\t\t\t\t\t\t<a itemprop=\"image\" class=\"eltdf-ig-lightbox eltdf-block-drag-link\" href=\"https:\/\/phytowall.ee\/wp-content\/uploads\/2024\/11\/artificial-green-wall-3.jpg\" data-rel=\"prettyPhoto[image_gallery_pretty_photo-560]\" title=\"artificial-green-wall-3\">\n\t\t\t\t\t\t\t\t\t\t\t<img loading=\"lazy\" decoding=\"async\" src=\"https:\/\/phytowall.ee\/wp-content\/uploads\/2024\/11\/artificial-green-wall-3-600x500.jpg\" alt=\"\" width=\"600\" height=\"500\" \/>\t\t\t\t\t\t\t\t\t\t\t<\/a>\n\t\t\t\t\t\t\t\t\t<\/div>\n\t\t\t<\/div>\n\t\t\t\t\t<div class=\"eltdf-ig-image\">\n\t\t\t\t<div class=\"eltdf-ig-image-inner\">\n\t\t\t\t\t\t\t\t\t\t\t<a itemprop=\"image\" class=\"eltdf-ig-lightbox eltdf-block-drag-link\" href=\"https:\/\/phytowall.ee\/wp-content\/uploads\/2024\/11\/garigue-pine-plast.jpg\" data-rel=\"prettyPhoto[image_gallery_pretty_photo-560]\" title=\"garigue-pine-plast\">\n\t\t\t\t\t\t\t\t\t\t\t<img loading=\"lazy\" decoding=\"async\" src=\"https:\/\/phytowall.ee\/wp-content\/uploads\/2024\/11\/garigue-pine-plast-600x500.jpg\" alt=\"\" width=\"600\" height=\"500\" \/>\t\t\t\t\t\t\t\t\t\t\t<\/a>\n\t\t\t\t\t\t\t\t\t<\/div>\n\t\t\t<\/div>\n\t\t\t\t\t<div class=\"eltdf-ig-image\">\n\t\t\t\t<div class=\"eltdf-ig-image-inner\">\n\t\t\t\t\t\t\t\t\t\t\t<a itemprop=\"image\" class=\"eltdf-ig-lightbox eltdf-block-drag-link\" href=\"https:\/\/phytowall.ee\/wp-content\/uploads\/2024\/11\/Vistafolia-indoors-7-scaled-2.jpeg\" data-rel=\"prettyPhoto[image_gallery_pretty_photo-560]\" title=\"Vistafolia-indoors-7-scaled-2\">\n\t\t\t\t\t\t\t\t\t\t\t<img loading=\"lazy\" decoding=\"async\" src=\"https:\/\/phytowall.ee\/wp-content\/uploads\/2024\/11\/Vistafolia-indoors-7-scaled-2-600x500.jpeg\" alt=\"\" width=\"600\" height=\"500\" \/>\t\t\t\t\t\t\t\t\t\t\t<\/a>\n\t\t\t\t\t\t\t\t\t<\/div>\n\t\t\t<\/div>\n\t\t\t\t\t<div class=\"eltdf-ig-image\">\n\t\t\t\t<div class=\"eltdf-ig-image-inner\">\n\t\t\t\t\t\t\t\t\t\t\t<a itemprop=\"image\" class=\"eltdf-ig-lightbox eltdf-block-drag-link\" href=\"https:\/\/phytowall.ee\/wp-content\/uploads\/2024\/11\/benabola-hotel-porta-beneuse-skylounge-green-wall.jpg\" data-rel=\"prettyPhoto[image_gallery_pretty_photo-560]\" title=\"benabola-hotel-porta-beneuse-skylounge-green-wall\">\n\t\t\t\t\t\t\t\t\t\t\t<img loading=\"lazy\" decoding=\"async\" src=\"https:\/\/phytowall.ee\/wp-content\/uploads\/2024\/11\/benabola-hotel-porta-beneuse-skylounge-green-wall-600x500.jpg\" alt=\"\" width=\"600\" height=\"500\" \/>\t\t\t\t\t\t\t\t\t\t\t<\/a>\n\t\t\t\t\t\t\t\t\t<\/div>\n\t\t\t<\/div>\n\t\t\t\t\t<div class=\"eltdf-ig-image\">\n\t\t\t\t<div class=\"eltdf-ig-image-inner\">\n\t\t\t\t\t\t\t\t\t\t\t<a itemprop=\"image\" class=\"eltdf-ig-lightbox eltdf-block-drag-link\" href=\"https:\/\/phytowall.ee\/wp-content\/uploads\/2024\/11\/uv-bonsai-pine-6.jpg\" data-rel=\"prettyPhoto[image_gallery_pretty_photo-560]\" title=\"uv-bonsai-pine-6\">\n\t\t\t\t\t\t\t\t\t\t\t<img loading=\"lazy\" decoding=\"async\" src=\"https:\/\/phytowall.ee\/wp-content\/uploads\/2024\/11\/uv-bonsai-pine-6-600x500.jpg\" alt=\"\" width=\"600\" height=\"500\" \/>\t\t\t\t\t\t\t\t\t\t\t<\/a>\n\t\t\t\t\t\t\t\t\t<\/div>\n\t\t\t<\/div>\n\t\t\t\t\t<div class=\"eltdf-ig-image\">\n\t\t\t\t<div class=\"eltdf-ig-image-inner\">\n\t\t\t\t\t\t\t\t\t\t\t<a itemprop=\"image\" class=\"eltdf-ig-lightbox eltdf-block-drag-link\" href=\"https:\/\/phytowall.ee\/wp-content\/uploads\/2024\/11\/migos-recording-studio-artificial-green-wall.webp\" data-rel=\"prettyPhoto[image_gallery_pretty_photo-560]\" title=\"migos-recording-studio-artificial-green-wall\">\n\t\t\t\t\t\t\t\t\t\t\t<img loading=\"lazy\" decoding=\"async\" src=\"https:\/\/phytowall.ee\/wp-content\/uploads\/2024\/11\/migos-recording-studio-artificial-green-wall-600x500.webp\" alt=\"\" width=\"600\" height=\"500\" \/>\t\t\t\t\t\t\t\t\t\t\t<\/a>\n\t\t\t\t\t\t\t\t\t<\/div>\n\t\t\t<\/div>\n\t\t\t\t\t<div class=\"eltdf-ig-image\">\n\t\t\t\t<div class=\"eltdf-ig-image-inner\">\n\t\t\t\t\t\t\t\t\t\t\t<a itemprop=\"image\" class=\"eltdf-ig-lightbox eltdf-block-drag-link\" href=\"https:\/\/phytowall.ee\/wp-content\/uploads\/2024\/11\/okju.jpg\" data-rel=\"prettyPhoto[image_gallery_pretty_photo-560]\" title=\"okju\">\n\t\t\t\t\t\t\t\t\t\t\t<img loading=\"lazy\" decoding=\"async\" src=\"https:\/\/phytowall.ee\/wp-content\/uploads\/2024\/11\/okju-600x500.jpg\" alt=\"\" width=\"600\" height=\"500\" \/>\t\t\t\t\t\t\t\t\t\t\t<\/a>\n\t\t\t\t\t\t\t\t\t<\/div>\n\t\t\t<\/div>\n\t\t\t\t\t<div class=\"eltdf-ig-image\">\n\t\t\t\t<div class=\"eltdf-ig-image-inner\">\n\t\t\t\t\t\t\t\t\t\t\t<a itemprop=\"image\" class=\"eltdf-ig-lightbox eltdf-block-drag-link\" href=\"https:\/\/phytowall.ee\/wp-content\/uploads\/2024\/11\/WhatsAppImage2022-12_f3b73794-369d-40dc-8f0c-c99107988a48.jpg.webp\" data-rel=\"prettyPhoto[image_gallery_pretty_photo-560]\" title=\"WhatsAppImage2022-12_f3b73794-369d-40dc-8f0c-c99107988a48.jpg\">\n\t\t\t\t\t\t\t\t\t\t\t<img loading=\"lazy\" decoding=\"async\" src=\"https:\/\/phytowall.ee\/wp-content\/uploads\/2024\/11\/WhatsAppImage2022-12_f3b73794-369d-40dc-8f0c-c99107988a48.jpg-600x500.webp\" alt=\"\" width=\"600\" height=\"500\" \/>\t\t\t\t\t\t\t\t\t\t\t<\/a>\n\t\t\t\t\t\t\t\t\t<\/div>\n\t\t\t<\/div>\n\t\t\t\t\t<div class=\"eltdf-ig-image\">\n\t\t\t\t<div class=\"eltdf-ig-image-inner\">\n\t\t\t\t\t\t\t\t\t\t\t<a itemprop=\"image\" class=\"eltdf-ig-lightbox eltdf-block-drag-link\" href=\"https:\/\/phytowall.ee\/wp-content\/uploads\/2024\/11\/artificial-green-wall-vertical-garden-office-front-desk-side-nicosia-cyprus.jpg.webp\" data-rel=\"prettyPhoto[image_gallery_pretty_photo-560]\" title=\"artificial-green-wall-vertical-garden-office-front-desk-side-nicosia-cyprus.jpg\">\n\t\t\t\t\t\t\t\t\t\t\t<img loading=\"lazy\" decoding=\"async\" src=\"https:\/\/phytowall.ee\/wp-content\/uploads\/2024\/11\/artificial-green-wall-vertical-garden-office-front-desk-side-nicosia-cyprus.jpg-600x500.webp\" alt=\"\" width=\"600\" height=\"500\" \/>\t\t\t\t\t\t\t\t\t\t\t<\/a>\n\t\t\t\t\t\t\t\t\t<\/div>\n\t\t\t<\/div>\n\t\t\t\t\t<div class=\"eltdf-ig-image\">\n\t\t\t\t<div class=\"eltdf-ig-image-inner\">\n\t\t\t\t\t\t\t\t\t\t\t<a itemprop=\"image\" class=\"eltdf-ig-lightbox eltdf-block-drag-link\" href=\"https:\/\/phytowall.ee\/wp-content\/uploads\/2024\/11\/92dba3_c90a649bca2b4ee4a07defa41eab46a5mv2.jpg.webp\" data-rel=\"prettyPhoto[image_gallery_pretty_photo-560]\" title=\"92dba3_c90a649bca2b4ee4a07defa41eab46a5~mv2.jpg\">\n\t\t\t\t\t\t\t\t\t\t\t<img loading=\"lazy\" decoding=\"async\" src=\"https:\/\/phytowall.ee\/wp-content\/uploads\/2024\/11\/92dba3_c90a649bca2b4ee4a07defa41eab46a5mv2.jpg-600x500.webp\" alt=\"\" width=\"600\" height=\"500\" \/>\t\t\t\t\t\t\t\t\t\t\t<\/a>\n\t\t\t\t\t\t\t\t\t<\/div>\n\t\t\t<\/div>\n\t\t\t\t\t<div class=\"eltdf-ig-image\">\n\t\t\t\t<div class=\"eltdf-ig-image-inner\">\n\t\t\t\t\t\t\t\t\t\t\t<a itemprop=\"image\" class=\"eltdf-ig-lightbox eltdf-block-drag-link\" href=\"https:\/\/phytowall.ee\/wp-content\/uploads\/2024\/11\/artificial-green-walls-inline-1-875x575-1.jpg\" data-rel=\"prettyPhoto[image_gallery_pretty_photo-560]\" title=\"artificial-green-walls-inline-1-875&#215;575-1\">\n\t\t\t\t\t\t\t\t\t\t\t<img loading=\"lazy\" decoding=\"async\" src=\"https:\/\/phytowall.ee\/wp-content\/uploads\/2024\/11\/artificial-green-walls-inline-1-875x575-1-600x500.jpg\" alt=\"\" width=\"600\" height=\"500\" \/>\t\t\t\t\t\t\t\t\t\t\t<\/a>\n\t\t\t\t\t\t\t\t\t<\/div>\n\t\t\t<\/div>\n\t\t\t\t\t<div class=\"eltdf-ig-image\">\n\t\t\t\t<div class=\"eltdf-ig-image-inner\">\n\t\t\t\t\t\t\t\t\t\t\t<a itemprop=\"image\" class=\"eltdf-ig-lightbox eltdf-block-drag-link\" href=\"https:\/\/phytowall.ee\/wp-content\/uploads\/2024\/11\/chester-square3_preview-500x500-1.jpg\" data-rel=\"prettyPhoto[image_gallery_pretty_photo-560]\" title=\"chester-square3_preview-500&#215;500\">\n\t\t\t\t\t\t\t\t\t\t\t<img loading=\"lazy\" decoding=\"async\" src=\"https:\/\/phytowall.ee\/wp-content\/uploads\/2024\/11\/chester-square3_preview-500x500-1-600x500.jpg\" alt=\"\" width=\"600\" height=\"500\" \/>\t\t\t\t\t\t\t\t\t\t\t<\/a>\n\t\t\t\t\t\t\t\t\t<\/div>\n\t\t\t<\/div>\n\t\t\t<\/div>\n<\/div>[\/vc_column][\/vc_row][vc_row row_content_width=&#8221;grid&#8221; css=&#8221;.vc_custom_1700849213255{margin-top: 120px !important;margin-bottom: 120px !important;}&#8221;][vc_column]<div class=\"eltdf-elements-holder   eltdf-one-column  eltdf-responsive-mode-768 \" ><div class=\"eltdf-eh-item  eltdf-vertical-alignment-top eltdf-horizontal-alignment-center  \"  data-item-class=\"eltdf-eh-custom-1387\" data-1024-1366=\"0px 150px\" data-768-1024=\"0px 0px 0px 0px\" data-680-768=\"0px 0px 0px 0px\" data-680=\"0px 0px 0px 0px\">\n\t\t<div class=\"eltdf-eh-item-inner\">\n\t\t<div class=\"eltdf-eh-item-content eltdf-eh-custom-1387\" style=\"padding: 0 300px\">\n\t\t\t<div class=\"eltdf-section-title-holder  eltdf-st-standard eltdf-st-title-left eltdf-st-normal-space \" style=\"text-align: center\">\n\t<div class=\"eltdf-st-inner\">\n\t\t\t\t\t<h2 class=\"eltdf-st-title\" >\n\t\t\t\tHave a questions?\t\t\t<\/h2>\n\t\t\t\t\t\t\t<div class=\"eltdf-separator-holder clearfix   \">\n\t<div class=\"eltdf-separator\" style=\"margin-bottom: 8px\"><\/div>\n<\/div>\n\t\t\t\t\t\t\t<p class=\"eltdf-st-text\" style=\"font-size: 16px;font-weight: 400\">\n\t\t\t\tLeave us a message below and we will get back to you as soon as we can.\t\t\t<\/p>\n\t\t\t<\/div>\n<\/div>\n<div class=\"wpcf7 no-js\" id=\"wpcf7-f34470-o1\" lang=\"fi\" dir=\"ltr\" data-wpcf7-id=\"34470\">\n<div class=\"screen-reader-response\"><p role=\"status\" aria-live=\"polite\" aria-atomic=\"true\"><\/p> <ul><\/ul><\/div>\n<form action=\"\/fi\/wp-json\/wp\/v2\/pages\/68195#wpcf7-f34470-o1\" method=\"post\" class=\"wpcf7-form init\" aria-label=\"Yhteydenottolomake\" novalidate=\"novalidate\" data-status=\"init\">\n<fieldset class=\"hidden-fields-container\"><input type=\"hidden\" name=\"_wpcf7\" value=\"34470\" \/><input type=\"hidden\" name=\"_wpcf7_version\" value=\"6.1.5\" \/><input type=\"hidden\" name=\"_wpcf7_locale\" value=\"fi\" \/><input type=\"hidden\" name=\"_wpcf7_unit_tag\" value=\"wpcf7-f34470-o1\" \/><input type=\"hidden\" name=\"_wpcf7_container_post\" value=\"0\" \/><input type=\"hidden\" name=\"_wpcf7_posted_data_hash\" value=\"\" \/>\n<\/fieldset>\n<div class=\"eltdf-grid-row eltdf-grid-small-gutter\">\n\t<div class=\"eltdf-grid-col-6\">\n\t\t<p><label>Etunimi <span class=\"required\">*<\/span><\/label><span class=\"wpcf7-form-control-wrap\" data-name=\"your-name\"><input size=\"40\" maxlength=\"400\" class=\"wpcf7-form-control wpcf7-text wpcf7-validates-as-required\" aria-required=\"true\" aria-invalid=\"false\" value=\"\" type=\"text\" name=\"your-name\" \/><\/span>\n\t\t<\/p>\n\t<\/div>\n\t<div class=\"eltdf-grid-col-6\">\n\t\t<p><label>S\u00e4hk\u00f6posti <span class=\"required\">*<\/span><\/label><span class=\"wpcf7-form-control-wrap\" data-name=\"your-email\"><input size=\"40\" maxlength=\"400\" class=\"wpcf7-form-control wpcf7-email wpcf7-validates-as-required wpcf7-text wpcf7-validates-as-email\" aria-required=\"true\" aria-invalid=\"false\" value=\"\" type=\"email\" name=\"your-email\" \/><\/span>\n\t\t<\/p>\n\t<\/div>\n<\/div>\n<p><label>Viesti<\/label><span class=\"wpcf7-form-control-wrap\" data-name=\"your-message\"><textarea cols=\"40\" rows=\"8\" maxlength=\"2000\" class=\"wpcf7-form-control wpcf7-textarea\" aria-invalid=\"false\" name=\"your-message\"><\/textarea><\/span>\n<\/p>\n<div class=\"eltdf-cf7-submit-holder\">\n\t<p><input class=\"wpcf7-form-control wpcf7-submit has-spinner\" type=\"submit\" value=\"L\u00e4hett\u00e4\u00e4\" \/>\n\t<\/p>\n<\/div><div class=\"wpcf7-response-output\" aria-hidden=\"true\"><\/div>\n<\/form>\n<\/div>\n\t\t<\/div>\n\t<\/div>\n<\/div>\n\n<\/div>[\/vc_column][\/vc_row]<\/p>\n<\/div>","protected":false},"excerpt":{"rendered":"<p>[vc_row equal_height=&#8221;yes&#8221; css=&#8221;.vc_custom_1717426466043{margin-top: 120px !important;margin-right: 0px !important;margin-left: 0px !important;padding-top: 0px !important;padding-bottom: 0px !important;}&#8221; el_class=&#8221;mobile_adaptive_width&#8221;][vc_column css=&#8221;.vc_custom_1700839650057{padding-top: 0px !important;padding-right: 0px !important;padding-bottom: 0px !important;padding-left: 0px !important;}&#8221;][\/vc_column][\/vc_row][vc_row equal_height=&#8221;yes&#8221; css=&#8221;.vc_custom_1717426490462{margin-top: 0px !important;margin-right: 0px !important;margin-bottom: 120px !important;margin-left: 0px !important;padding-top: 0px !important;padding-bottom: 0px !important;}&#8221; el_class=&#8221;mobile_adaptive_width&#8221;][vc_column css=&#8221;.vc_custom_1700839650057{padding-top: 0px [&hellip;]<\/p>\n","protected":false},"author":2,"featured_media":0,"parent":34420,"menu_order":0,"comment_status":"closed","ping_status":"closed","template":"full-width.php","meta":{"_monsterinsights_skip_tracking":false,"_monsterinsights_sitenote_active":false,"_monsterinsights_sitenote_note":"","_monsterinsights_sitenote_category":0,"footnotes":""},"class_list":["post-68195","page","type-page","status-publish","hentry"],"_links":{"self":[{"href":"https:\/\/phytowall.ee\/fi\/wp-json\/wp\/v2\/pages\/68195","targetHints":{"allow":["GET"]}}],"collection":[{"href":"https:\/\/phytowall.ee\/fi\/wp-json\/wp\/v2\/pages"}],"about":[{"href":"https:\/\/phytowall.ee\/fi\/wp-json\/wp\/v2\/types\/page"}],"author":[{"embeddable":true,"href":"https:\/\/phytowall.ee\/fi\/wp-json\/wp\/v2\/users\/2"}],"replies":[{"embeddable":true,"href":"https:\/\/phytowall.ee\/fi\/wp-json\/wp\/v2\/comments?post=68195"}],"version-history":[{"count":6,"href":"https:\/\/phytowall.ee\/fi\/wp-json\/wp\/v2\/pages\/68195\/revisions"}],"predecessor-version":[{"id":68226,"href":"https:\/\/phytowall.ee\/fi\/wp-json\/wp\/v2\/pages\/68195\/revisions\/68226"}],"up":[{"embeddable":true,"href":"https:\/\/phytowall.ee\/fi\/wp-json\/wp\/v2\/pages\/34420"}],"wp:attachment":[{"href":"https:\/\/phytowall.ee\/fi\/wp-json\/wp\/v2\/media?parent=68195"}],"curies":[{"name":"wp","href":"https:\/\/api.w.org\/{rel}","templated":true}]}}