{"id":35520,"date":"2025-07-17T14:31:05","date_gmt":"2025-07-17T14:31:05","guid":{"rendered":"https:\/\/phytowall.ee\/product\/hexagons\/"},"modified":"2025-08-10T19:01:17","modified_gmt":"2025-08-10T19:01:17","slug":"hexagons","status":"publish","type":"product","link":"https:\/\/phytowall.ee\/fi\/tuote\/hexagons\/","title":{"rendered":"Hexagons"},"content":{"rendered":"","protected":false},"excerpt":{"rendered":"<div class=\"woocommerce-product-details__short-description\">\n[playlist type=\"video\" ids=\"72132\"]\n<p>&nbsp;<\/p>\n<p>Poronj\u00e4k\u00e4l\u00e4n kuusikulmio, halkaisija 450 mm.<\/p>\n<ul>\n<li>100% LUONNOLLINEN<\/li>\n<li>0% HUOLTOA<\/li>\n<li>EI TARVITA VETT\u00c4<\/li>\n<\/ul>\n<p>Materiaalit: Poronj\u00e4k\u00e4l\u00e4<\/p>\n<p>&nbsp;<\/p>\n<p>Arvioitu toimitusaika: 2-5 viikkoa.<\/p>\n<p>&nbsp;<\/p>\n<\/div>\n<p>Yksinomainen sis\u00e4k\u00e4ytt\u00f6 \/ \u00c4l\u00e4 kastele \/ \u00c4l\u00e4 altista auringonvalolle \/ Pid\u00e4 kaukana l\u00e4mm\u00f6nl\u00e4hteist\u00e4<\/p>\n<div class=\"woocommerce-product-details__short-description\">\n<p>&nbsp;<\/p>\n<p>*V\u00e4ri ja yhdistelm\u00e4 saattavat poiketa hieman alkuper\u00e4isest\u00e4 kuvasta.<\/p>\n<\/div>\n","protected":false},"featured_media":17675,"comment_status":"open","ping_status":"closed","template":"","meta":{"_monsterinsights_skip_tracking":false,"_monsterinsights_sitenote_active":false,"_monsterinsights_sitenote_note":"","_monsterinsights_sitenote_category":0},"product_brand":[],"product_cat":[471,506,661,492],"product_tag":[627,628,625],"class_list":{"0":"post-35520","1":"product","2":"type-product","3":"status-publish","4":"has-post-thumbnail","6":"product_cat-moss-panels-fi","7":"product_cat-products-in-sale-fi","8":"product_cat-office-solutions-fi","9":"product_cat-small-moss-art-fi","10":"product_tag-sale-fi","11":"product_tag-small-fi","12":"product_tag-reindeer-fi","13":"product_shipping_class-class-ii-fi","14":"pa_color-black-fi","15":"pa_color-blue-fi","16":"pa_color-green-fi","17":"pa_color-green-grass-fi","18":"pa_color-green-grass-light-fi","19":"pa_color-lavender-blue-fi","20":"pa_color-light-blue-fi","21":"pa_color-medium-green-fi","22":"pa_color-natural-fi","23":"pa_color-olive-fi","24":"pa_color-orange-fi","25":"pa_color-red-fi","26":"pa_color-spring-green-fi","27":"pa_color-yellow-fi","29":"first","30":"instock","31":"sale","32":"taxable","33":"shipping-taxable","34":"purchasable","35":"product-type-variable","36":"has-default-attributes"},"_links":{"self":[{"href":"https:\/\/phytowall.ee\/fi\/wp-json\/wp\/v2\/product\/35520","targetHints":{"allow":["GET"]}}],"collection":[{"href":"https:\/\/phytowall.ee\/fi\/wp-json\/wp\/v2\/product"}],"about":[{"href":"https:\/\/phytowall.ee\/fi\/wp-json\/wp\/v2\/types\/product"}],"replies":[{"embeddable":true,"href":"https:\/\/phytowall.ee\/fi\/wp-json\/wp\/v2\/comments?post=35520"}],"wp:featuredmedia":[{"embeddable":true,"href":"https:\/\/phytowall.ee\/fi\/wp-json\/wp\/v2\/media\/17675"}],"wp:attachment":[{"href":"https:\/\/phytowall.ee\/fi\/wp-json\/wp\/v2\/media?parent=35520"}],"wp:term":[{"taxonomy":"product_brand","embeddable":true,"href":"https:\/\/phytowall.ee\/fi\/wp-json\/wp\/v2\/product_brand?post=35520"},{"taxonomy":"product_cat","embeddable":true,"href":"https:\/\/phytowall.ee\/fi\/wp-json\/wp\/v2\/product_cat?post=35520"},{"taxonomy":"product_tag","embeddable":true,"href":"https:\/\/phytowall.ee\/fi\/wp-json\/wp\/v2\/product_tag?post=35520"}],"curies":[{"name":"wp","href":"https:\/\/api.w.org\/{rel}","templated":true}]}}