{"id":35583,"date":"2023-12-22T14:30:49","date_gmt":"2023-12-22T14:30:49","guid":{"rendered":"https:\/\/phytowall.ee\/product\/gerberat-kukinta-sailytetty-kukka\/"},"modified":"2024-09-27T13:13:08","modified_gmt":"2024-09-27T13:13:08","slug":"gerberat-kukinta-sailytetty-kukka","status":"publish","type":"product","link":"https:\/\/phytowall.ee\/fi\/tuote\/gerberat-kukinta-sailytetty-kukka\/","title":{"rendered":"Gerberat Kukinta s\u00e4ilytetty kukka, 4 pc"},"content":{"rendered":"<p>Gerbera Daisy &#8211; s\u00e4ilytetty kukka, 4 kpl<\/p>\n<ul>\n<li>100% luonnolliset s\u00e4ilytetyt kukat;<\/li>\n<li>Ei huoltoa;<\/li>\n<li>Ei tarvetta keinotekoiselle valolle, kastelulle tai lannoitukselle;<\/li>\n<li>Helppo k\u00e4ytt\u00e4\u00e4;<\/li>\n<li>Gerbera Daisy -s\u00e4ilytetyt kukat sopivat mihin tahansa sis\u00e4tilojen asetelmaan.<\/li>\n<\/ul>\n<p>&nbsp;<\/p>\n<p>Gerbera-daisy on viidenneksi k\u00e4ytetyin leikko kukka sen tarjoamien eri koon ja v\u00e4rin vaihtoehtojen vuoksi. Nyky\u00e4\u00e4n sen viljely on tullut suosituksi ymp\u00e4ri maailmaa, sek\u00e4 leikkokukkina ett\u00e4 koristekasvina. Se on kukka, joka sopii luomaan popo- tai boho chic -tiloja. Yhdistettyn\u00e4 vihre\u00e4\u00e4n ja oksiin se luo hyvin rustiikkisen ilmeen.<\/p>\n<p>&nbsp;<\/p>\n<p>S\u00e4ilytetyt kasvit<\/p>\n<div class=\"content-wrapper\">S\u00e4ilytetyt kasvit ovat 100% luonnollisia. Kasvin s\u00e4il\u00f6nt\u00e4 on t\u00e4ysin ekologinen prosessi, jossa kasvin luonnollinen mahlavirta korvataan s\u00e4il\u00f6nt\u00e4aineella. Kyseinen aine on l\u00e4hell\u00e4 sokeria ja se on 100% biohajoavaa. T\u00e4m\u00e4n luonnollisen s\u00e4il\u00f6nt\u00e4tekniikan ansiosta <strong>s\u00e4ilytetyt kasvit ja kukat s\u00e4ilytt\u00e4v\u00e4t joustavuutensa ja luonnollisen tuoreutensa jopa 12 vuotta. Ne eiv\u00e4t tarvitse kastelua, erityiskohtelua tai valoa.<\/strong><\/div>\n<p>Lue lis\u00e4\u00e4 materiaaleistamme <a href=\"https:\/\/phytowall.ee\/fi\/faq\/\">t\u00e4\u00e4lt\u00e4<\/a>.<\/p>\n<p>&nbsp;<\/p>\n<p>Gerbera<\/p>\n<p><i><b>Gerbera<\/b><\/i> on <a title=\"Suku (biologia)\" href=\"https:\/\/fi.wikipedia.org\/wiki\/Suku_(biologia)\">suku<\/a> kasveja <a title=\"Asterikasvit\" href=\"https:\/\/fi.wikipedia.org\/wiki\/Asterikasvit\">asterikasvien (asterikasvit)<\/a> heimossa. Se nimettiin saksalaisen kasvitieteilij\u00e4n ja l\u00e4\u00e4k\u00e4rin Traugott Gerberin (1710\u20131743) mukaan, joka matkusti laajasti Ven\u00e4j\u00e4ll\u00e4 ja oli yst\u00e4v\u00e4 Carl Linnaeuksen kanssa.<\/p>\n<p><i>Gerbera<\/i> on kotoisin trooppisilta alueilta <a title=\"Etel\u00e4-Amerikka\" href=\"https:\/\/fi.wikipedia.org\/wiki\/Etel%C3%A4-Amerikka\">Etel\u00e4-Amerikasta<\/a>, <a title=\"Afrikka\" href=\"https:\/\/fi.wikipedia.org\/wiki\/Afrikka\">Afrikasta<\/a> ja <a title=\"Aasia\" href=\"https:\/\/fi.wikipedia.org\/wiki\/Aasia\">Aasiasta<\/a>. Ensimm\u00e4inen tieteellinen kuvaus <i>Gerberasta<\/i> tehtiin J.D. Hookerin toimesta lehdess\u00e4 <i><a title=\"Curtis's Botanical Magazine\" href=\"https:\/\/en.wikipedia.org\/wiki\/Curtis%27s_Botanical_Magazine\">Curtis&#8217;s Botanical Magazine<\/a><\/i> vuonna 1889, jolloin h\u00e4n kuvaili <i><a title=\"Gerbera jamesonii\" href=\"https:\/\/en.wikipedia.org\/wiki\/Gerbera_jamesonii\">Gerbera jamesonii<\/a><\/i>, etel\u00e4afrikkalaisen lajin, jota kutsutaan my\u00f6s nimill\u00e4 Transvaal daisy tai Barberton daisy. <i>Gerbera<\/i>a kutsutaan my\u00f6s usein afrikkalaiseksi daaliaksi.<\/p>\n<p><i>Gerbera<\/i>-lajit kantavat suurta kukkakiehkuraa, jossa on silmiinpist\u00e4vi\u00e4, kaksilipaisia ter\u00e4lehti\u00e4 keltaisena, oranssina, valkoisena, vaaleanpunaisena tai punaisena. Kukkakiehkura, joka n\u00e4ytt\u00e4\u00e4 yhdelt\u00e4 kukalta, koostuu itse asiassa sadoista yksitt\u00e4isist\u00e4 kukista. Kukkien <a title=\"Morfologia\" href=\"https:\/\/fi.wikipedia.org\/wiki\/Morfologia\">morfologia<\/a> vaihtelee niiden sijainnin mukaan kukkakiehkurassa. Kukkien p\u00e4\u00e4 voi olla halkaisijaltaan jopa 7\u00a0cm (Gerbera mini &#8217;Harley&#8217;) tai jopa 12\u00a0cm (Gerbera \u2018Golden Serena\u2019).<\/p>\n<p><i>Gerbera<\/i>a k\u00e4ytet\u00e4\u00e4n laajalti koristekasvina tai leikko kukkina. Keskittyneet viljelylajikkeet ovat p\u00e4\u00e4osin per\u00e4isin risteytyksest\u00e4 <i><a title=\"Gerbera jamesonii\" href=\"https:\/\/en.wikipedia.org\/wiki\/Gerbera_jamesonii\">Gerbera jamesonii<\/a><\/i> ja toisen etel\u00e4afrikkalaisen lajin, <i><a class=\"new\" title=\"Gerbera viridifolia (sivua ei ole)\" href=\"https:\/\/en.wikipedia.org\/w\/index.php?title=Gerbera_viridifolia&amp;action=edit&amp;redlink=1\">Gerbera viridifolia<\/a><\/i> v\u00e4lill\u00e4. Risteytys tunnetaan nimell\u00e4 <i><b>Gerbera hybrida<\/b><\/i>. Tuotevalikoimaan kuuluu tuhansia viljelylajeja, jotka vaihtelevat muodoltaan ja kooltaan. V\u00e4reihin kuuluvat valkoinen, keltainen, oranssi, punainen ja vaaleanpunainen. Kukan keskus voi joskus olla musta. Usein samalla kukalla voi olla<\/p>\n","protected":false},"excerpt":{"rendered":"<p>Gerbera Daisy &#8211; s\u00e4il\u00f6tty kukka, 4 kpl<\/p>\n<ul>\n<li>100% Luonnollisia s\u00e4il\u00f6ttyj\u00e4 kukkia;<\/li>\n<li>Ei vaadi huoltoa;<\/li>\n<li>Ei tarvetta keinotekoiselle valolle, kastelulle tai lannoitukselle;<\/li>\n<li>Helppo k\u00e4ytt\u00e4\u00e4;<\/li>\n<li>Gerbera Daisy -s\u00e4il\u00f6tty kukka sopii mihin tahansa sis\u00e4tilojen asetelmaan.<\/li>\n<\/ul>\n<p>&nbsp;<\/p>\n<p>Yksinomainen sis\u00e4k\u00e4ytt\u00f6 \/ \u00c4l\u00e4 kastele \/ \u00c4l\u00e4 altista suoralle auringonvalolle \/ Pid\u00e4 kaukana l\u00e4mm\u00f6nl\u00e4hteist\u00e4<\/p>\n","protected":false},"featured_media":17751,"comment_status":"open","ping_status":"closed","template":"","meta":{"_monsterinsights_skip_tracking":false,"_monsterinsights_sitenote_active":false,"_monsterinsights_sitenote_note":"","_monsterinsights_sitenote_category":0},"product_brand":[],"product_cat":[483],"product_tag":[615],"class_list":{"0":"post-35583","1":"product","2":"type-product","3":"status-publish","4":"has-post-thumbnail","6":"product_cat-preserved-plants-flowers-fi","7":"product_tag-bulkplants-fi","8":"pa_color-pastel-pink-fi","9":"pa_color-red-fi","10":"pa_color-white-fi","11":"pa_color-yellow-fi","13":"first","14":"instock","15":"taxable","16":"shipping-taxable","17":"purchasable","18":"product-type-variable","19":"has-default-attributes"},"_links":{"self":[{"href":"https:\/\/phytowall.ee\/fi\/wp-json\/wp\/v2\/product\/35583","targetHints":{"allow":["GET"]}}],"collection":[{"href":"https:\/\/phytowall.ee\/fi\/wp-json\/wp\/v2\/product"}],"about":[{"href":"https:\/\/phytowall.ee\/fi\/wp-json\/wp\/v2\/types\/product"}],"replies":[{"embeddable":true,"href":"https:\/\/phytowall.ee\/fi\/wp-json\/wp\/v2\/comments?post=35583"}],"wp:featuredmedia":[{"embeddable":true,"href":"https:\/\/phytowall.ee\/fi\/wp-json\/wp\/v2\/media\/17751"}],"wp:attachment":[{"href":"https:\/\/phytowall.ee\/fi\/wp-json\/wp\/v2\/media?parent=35583"}],"wp:term":[{"taxonomy":"product_brand","embeddable":true,"href":"https:\/\/phytowall.ee\/fi\/wp-json\/wp\/v2\/product_brand?post=35583"},{"taxonomy":"product_cat","embeddable":true,"href":"https:\/\/phytowall.ee\/fi\/wp-json\/wp\/v2\/product_cat?post=35583"},{"taxonomy":"product_tag","embeddable":true,"href":"https:\/\/phytowall.ee\/fi\/wp-json\/wp\/v2\/product_tag?post=35583"}],"curies":[{"name":"wp","href":"https:\/\/api.w.org\/{rel}","templated":true}]}}