{"id":35737,"date":"2025-06-02T14:30:29","date_gmt":"2025-06-02T14:30:29","guid":{"rendered":"https:\/\/phytowall.ee\/product\/world-map-3000-x-2000-mm\/"},"modified":"2024-02-28T10:43:40","modified_gmt":"2024-02-28T10:43:40","slug":"world-map-3000-x-2000-mm","status":"publish","type":"product","link":"https:\/\/phytowall.ee\/fi\/tuote\/world-map-3000-x-2000-mm\/","title":{"rendered":"World map 3000 x 2000 mm"},"content":{"rendered":"<p>Maailmankartta porosammalesta<\/p>\n<ul>\n<li>100% luonnollinen<\/li>\n<li>0% hoitoa<\/li>\n<li>Ei tarvetta vedelle<\/li>\n<\/ul>\n<p>Materiaalit: Porosammal<\/p>\n<p>&nbsp;<\/p>\n<p>Arvioitu toimitusaika: 2-5 viikkoa.<\/p>\n<p>&nbsp;<\/p>\n<p>Yksinomainen sis\u00e4k\u00e4ytt\u00f6 \/ \u00c4l\u00e4 kastele \/ \u00c4l\u00e4 altista auringonvalolle \/ Pid\u00e4 poissa l\u00e4mm\u00f6nl\u00e4hteist\u00e4<\/p>\n<p>&nbsp;<\/p>\n<p>* V\u00e4ri ja yhdistelm\u00e4 voivat poiketa hieman alkuper\u00e4isest\u00e4 kuvasta.<\/p>\n","protected":false},"excerpt":{"rendered":"<p>Maailmankartta porosammalesta<\/p>\n<ul>\n<li>100% luonnollinen<\/li>\n<li>0% hoitoa<\/li>\n<li>Ei tarvita vett\u00e4<\/li>\n<\/ul>\n","protected":false},"featured_media":25687,"comment_status":"open","ping_status":"closed","template":"","meta":{"_monsterinsights_skip_tracking":false,"_monsterinsights_sitenote_active":false,"_monsterinsights_sitenote_note":"","_monsterinsights_sitenote_category":0},"product_brand":[],"product_cat":[471,498],"product_tag":[591,623,625,558],"class_list":{"0":"post-35737","1":"product","2":"type-product","3":"status-publish","4":"has-post-thumbnail","6":"product_cat-moss-panels-fi","7":"product_cat-wall-moss-art-fi","8":"product_tag-bestseller-fi","9":"product_tag-other-fi","10":"product_tag-reindeer-fi","11":"product_tag-big-fi","12":"product_shipping_class-class-iii-fi","13":"pa_moss-color-yellow-fi","14":"pa_moss-color-medium-green-fi","15":"pa_moss-color-spring-green-fi","16":"pa_moss-color-lavender-blue-fi","17":"pa_moss-color-natural-fi","18":"pa_moss-color-black-fi","19":"pa_moss-color-olive-fi","20":"pa_moss-color-orange-fi","21":"pa_moss-color-red-fi","22":"pa_moss-color-blue-fi","23":"pa_moss-color-green-fi","24":"pa_moss-color-green-grass-fi","25":"pa_moss-color-green-grass-light-fi","26":"pa_size-2200-x-1200-mm-fi","27":"pa_size-3000-x-1700-fi","28":"pa_size-4000-x-2100-mm-fi","29":"pa_size-5000-x-2800-fi","31":"first","32":"instock","33":"taxable","34":"shipping-taxable","35":"purchasable","36":"product-type-variable","37":"has-default-attributes"},"_links":{"self":[{"href":"https:\/\/phytowall.ee\/fi\/wp-json\/wp\/v2\/product\/35737","targetHints":{"allow":["GET"]}}],"collection":[{"href":"https:\/\/phytowall.ee\/fi\/wp-json\/wp\/v2\/product"}],"about":[{"href":"https:\/\/phytowall.ee\/fi\/wp-json\/wp\/v2\/types\/product"}],"replies":[{"embeddable":true,"href":"https:\/\/phytowall.ee\/fi\/wp-json\/wp\/v2\/comments?post=35737"}],"wp:featuredmedia":[{"embeddable":true,"href":"https:\/\/phytowall.ee\/fi\/wp-json\/wp\/v2\/media\/25687"}],"wp:attachment":[{"href":"https:\/\/phytowall.ee\/fi\/wp-json\/wp\/v2\/media?parent=35737"}],"wp:term":[{"taxonomy":"product_brand","embeddable":true,"href":"https:\/\/phytowall.ee\/fi\/wp-json\/wp\/v2\/product_brand?post=35737"},{"taxonomy":"product_cat","embeddable":true,"href":"https:\/\/phytowall.ee\/fi\/wp-json\/wp\/v2\/product_cat?post=35737"},{"taxonomy":"product_tag","embeddable":true,"href":"https:\/\/phytowall.ee\/fi\/wp-json\/wp\/v2\/product_tag?post=35737"}],"curies":[{"name":"wp","href":"https:\/\/api.w.org\/{rel}","templated":true}]}}