{"id":35763,"date":"2025-06-22T14:30:02","date_gmt":"2025-06-22T14:30:02","guid":{"rendered":"https:\/\/phytowall.ee\/product\/black-rose-glass\/"},"modified":"2024-02-28T11:07:33","modified_gmt":"2024-02-28T11:07:33","slug":"black-rose-glass","status":"publish","type":"product","link":"https:\/\/phytowall.ee\/fi\/tuote\/black-rose-glass\/","title":{"rendered":"Black Rose in glass"},"content":{"rendered":"<p><img loading=\"lazy\" decoding=\"async\" class=\"alignnone size-medium wp-image-4085\" src=\"https:\/\/phytowall.ee\/wp-content\/uploads\/2019\/10\/DSC09813-1-1-3-scaled.jpg\" alt=\"\" width=\"300\" height=\"300\" \/><\/p>\n<p>Premium s\u00e4il\u00f6tty ruusu lasissa.<\/p>\n<p>S\u00e4il\u00f6tyt ruusut ovat luonnollisia ruusuja, jotka s\u00e4ilyv\u00e4t jopa 5 vuotta.<\/p>\n","protected":false},"excerpt":{"rendered":"<p>Premium s\u00e4ilytetty ruusu lasissa.<\/p>\n<p>S\u00e4ilytetyt ruusut ovat luonnollisia ruusuja, jotka kest\u00e4v\u00e4t jopa 5 vuotta.<\/p>\n<p>Koko: 27 cm korkeus; 15 cm halkaisija<\/p>\n<p>Materiaali: Lasia, metallia, s\u00e4ilytetty ruusu<\/p>\n<p>Yksinomainen sis\u00e4k\u00e4ytt\u00f6 \/ \u00c4l\u00e4 kastele \/ \u00c4l\u00e4 altista auringonvalolle \/ Pid\u00e4 poissa l\u00e4mm\u00f6nl\u00e4hteist\u00e4<\/p>\n","protected":false},"featured_media":35761,"comment_status":"open","ping_status":"closed","template":"","meta":{"_monsterinsights_skip_tracking":false,"_monsterinsights_sitenote_active":false,"_monsterinsights_sitenote_note":"","_monsterinsights_sitenote_category":0},"product_brand":[],"product_cat":[489],"product_tag":[591,618,619],"class_list":{"0":"post-35763","1":"product","2":"type-product","3":"status-publish","4":"has-post-thumbnail","6":"product_cat-rose-in-glass-fi","7":"product_tag-bestseller-fi","8":"product_tag-flowers-fi","9":"product_tag-glass-fi","10":"product_shipping_class-class-i-fi","12":"first","13":"instock","14":"taxable","15":"shipping-taxable","16":"purchasable","17":"product-type-simple"},"_links":{"self":[{"href":"https:\/\/phytowall.ee\/fi\/wp-json\/wp\/v2\/product\/35763","targetHints":{"allow":["GET"]}}],"collection":[{"href":"https:\/\/phytowall.ee\/fi\/wp-json\/wp\/v2\/product"}],"about":[{"href":"https:\/\/phytowall.ee\/fi\/wp-json\/wp\/v2\/types\/product"}],"replies":[{"embeddable":true,"href":"https:\/\/phytowall.ee\/fi\/wp-json\/wp\/v2\/comments?post=35763"}],"wp:featuredmedia":[{"embeddable":true,"href":"https:\/\/phytowall.ee\/fi\/wp-json\/wp\/v2\/media\/35761"}],"wp:attachment":[{"href":"https:\/\/phytowall.ee\/fi\/wp-json\/wp\/v2\/media?parent=35763"}],"wp:term":[{"taxonomy":"product_brand","embeddable":true,"href":"https:\/\/phytowall.ee\/fi\/wp-json\/wp\/v2\/product_brand?post=35763"},{"taxonomy":"product_cat","embeddable":true,"href":"https:\/\/phytowall.ee\/fi\/wp-json\/wp\/v2\/product_cat?post=35763"},{"taxonomy":"product_tag","embeddable":true,"href":"https:\/\/phytowall.ee\/fi\/wp-json\/wp\/v2\/product_tag?post=35763"}],"curies":[{"name":"wp","href":"https:\/\/api.w.org\/{rel}","templated":true}]}}