{"id":35765,"date":"2025-07-04T14:29:56","date_gmt":"2025-07-04T14:29:56","guid":{"rendered":"https:\/\/phytowall.ee\/product\/red-rose-glass\/"},"modified":"2025-07-29T08:54:03","modified_gmt":"2025-07-29T08:54:03","slug":"red-rose-glass","status":"publish","type":"product","link":"https:\/\/phytowall.ee\/fi\/tuote\/red-rose-glass\/","title":{"rendered":"Red Rose in glass"},"content":{"rendered":"<p><img loading=\"lazy\" decoding=\"async\" class=\"alignnone size-medium wp-image-4117\" src=\"https:\/\/phytowall.ee\/wp-content\/uploads\/2019\/10\/DSC09803-1-1-2-scaled.jpg\" alt=\"\" width=\"300\" height=\"300\" \/><\/p>\n<p>Premium s\u00e4il\u00f6tty ruusu lasissa.<\/p>\n<p>S\u00e4il\u00f6tyt ruusut ovat luonnollisia ruusuja, jotka s\u00e4ilyv\u00e4t jopa 5 vuotta.<\/p>\n","protected":false},"excerpt":{"rendered":"[playlist type=\"video\" ids=\"71950\"]\n<p>&nbsp;<\/p>\n<p>Premium s\u00e4il\u00f6tty ruusu lasissa.<\/p>\n<p>S\u00e4il\u00f6tyt ruusut ovat luonnollisia ruusuja, jotka s\u00e4ilyv\u00e4t jopa 5 vuotta.<\/p>\n<p>Koko: 27 cm korkeus; 15 cm halkaisija<\/p>\n<p>&nbsp;<\/p>\n","protected":false},"featured_media":45206,"comment_status":"open","ping_status":"closed","template":"","meta":{"_monsterinsights_skip_tracking":false,"_monsterinsights_sitenote_active":false,"_monsterinsights_sitenote_note":"","_monsterinsights_sitenote_category":0},"product_brand":[],"product_cat":[506,489],"product_tag":[618,619],"class_list":{"0":"post-35765","1":"product","2":"type-product","3":"status-publish","4":"has-post-thumbnail","6":"product_cat-products-in-sale-fi","7":"product_cat-rose-in-glass-fi","8":"product_tag-flowers-fi","9":"product_tag-glass-fi","10":"product_shipping_class-class-i-fi","12":"first","13":"instock","14":"sale","15":"taxable","16":"shipping-taxable","17":"purchasable","18":"product-type-simple"},"_links":{"self":[{"href":"https:\/\/phytowall.ee\/fi\/wp-json\/wp\/v2\/product\/35765","targetHints":{"allow":["GET"]}}],"collection":[{"href":"https:\/\/phytowall.ee\/fi\/wp-json\/wp\/v2\/product"}],"about":[{"href":"https:\/\/phytowall.ee\/fi\/wp-json\/wp\/v2\/types\/product"}],"replies":[{"embeddable":true,"href":"https:\/\/phytowall.ee\/fi\/wp-json\/wp\/v2\/comments?post=35765"}],"wp:featuredmedia":[{"embeddable":true,"href":"https:\/\/phytowall.ee\/fi\/wp-json\/wp\/v2\/media\/45206"}],"wp:attachment":[{"href":"https:\/\/phytowall.ee\/fi\/wp-json\/wp\/v2\/media?parent=35765"}],"wp:term":[{"taxonomy":"product_brand","embeddable":true,"href":"https:\/\/phytowall.ee\/fi\/wp-json\/wp\/v2\/product_brand?post=35765"},{"taxonomy":"product_cat","embeddable":true,"href":"https:\/\/phytowall.ee\/fi\/wp-json\/wp\/v2\/product_cat?post=35765"},{"taxonomy":"product_tag","embeddable":true,"href":"https:\/\/phytowall.ee\/fi\/wp-json\/wp\/v2\/product_tag?post=35765"}],"curies":[{"name":"wp","href":"https:\/\/api.w.org\/{rel}","templated":true}]}}