{"id":35786,"date":"2025-06-10T14:30:00","date_gmt":"2025-06-10T14:30:00","guid":{"rendered":"https:\/\/phytowall.ee\/product\/pastel-pink-rose\/"},"modified":"2025-07-29T08:59:13","modified_gmt":"2025-07-29T08:59:13","slug":"pastel-pink-rose","status":"publish","type":"product","link":"https:\/\/phytowall.ee\/fi\/tuote\/pastel-pink-rose\/","title":{"rendered":"Pastel Pink Rose"},"content":{"rendered":"<p>Premium s\u00e4ilytetty ruusu lasissa.<\/p>\n<p>S\u00e4ilytetyt ruusut ovat luonnollisia ruusuja, jotka kest\u00e4v\u00e4t jopa 5 vuotta.<\/p>\n<p>Koko: 27 cm korkeus; 15 cm halkaisija<\/p>\n<p>Materiaali: Lasia, metallia, s\u00e4ilytetty ruusu<\/p>\n<p><strong>Yksinomainen sis\u00e4k\u00e4ytt\u00f6 \/ \u00c4l\u00e4 kastele \/ \u00c4l\u00e4 altista suoralle auringonvalolle \/ Pid\u00e4 poissa l\u00e4mp\u00f6l\u00e4hteist\u00e4<\/strong><\/p>\n","protected":false},"excerpt":{"rendered":"[playlist type=\"video\" ids=\"71950\"]\n<p>&nbsp;<\/p>\n<p>Premium s\u00e4ilytetty ruusu lasissa.<\/p>\n<p>S\u00e4ilytetyt ruusut ovat luonnollisia ruusuja, jotka kest\u00e4v\u00e4t jopa 5 vuotta.<\/p>\n<p>Koko: 27 cm korkeus; 15 cm halkaisija<\/p>\n<p>&nbsp;<\/p>\n","protected":false},"featured_media":17889,"comment_status":"open","ping_status":"closed","template":"","meta":{"_monsterinsights_skip_tracking":false,"_monsterinsights_sitenote_active":false,"_monsterinsights_sitenote_note":"","_monsterinsights_sitenote_category":0},"product_brand":[],"product_cat":[489],"product_tag":[618,619],"class_list":{"0":"post-35786","1":"product","2":"type-product","3":"status-publish","4":"has-post-thumbnail","6":"product_cat-rose-in-glass-fi","7":"product_tag-flowers-fi","8":"product_tag-glass-fi","9":"product_shipping_class-class-i-fi","11":"first","12":"instock","13":"taxable","14":"shipping-taxable","15":"purchasable","16":"product-type-simple"},"_links":{"self":[{"href":"https:\/\/phytowall.ee\/fi\/wp-json\/wp\/v2\/product\/35786","targetHints":{"allow":["GET"]}}],"collection":[{"href":"https:\/\/phytowall.ee\/fi\/wp-json\/wp\/v2\/product"}],"about":[{"href":"https:\/\/phytowall.ee\/fi\/wp-json\/wp\/v2\/types\/product"}],"replies":[{"embeddable":true,"href":"https:\/\/phytowall.ee\/fi\/wp-json\/wp\/v2\/comments?post=35786"}],"wp:featuredmedia":[{"embeddable":true,"href":"https:\/\/phytowall.ee\/fi\/wp-json\/wp\/v2\/media\/17889"}],"wp:attachment":[{"href":"https:\/\/phytowall.ee\/fi\/wp-json\/wp\/v2\/media?parent=35786"}],"wp:term":[{"taxonomy":"product_brand","embeddable":true,"href":"https:\/\/phytowall.ee\/fi\/wp-json\/wp\/v2\/product_brand?post=35786"},{"taxonomy":"product_cat","embeddable":true,"href":"https:\/\/phytowall.ee\/fi\/wp-json\/wp\/v2\/product_cat?post=35786"},{"taxonomy":"product_tag","embeddable":true,"href":"https:\/\/phytowall.ee\/fi\/wp-json\/wp\/v2\/product_tag?post=35786"}],"curies":[{"name":"wp","href":"https:\/\/api.w.org\/{rel}","templated":true}]}}