{"id":35789,"date":"2025-06-08T14:30:01","date_gmt":"2025-06-08T14:30:01","guid":{"rendered":"https:\/\/phytowall.ee\/product\/cherry-blossom-rose\/"},"modified":"2024-02-28T11:09:16","modified_gmt":"2024-02-28T11:09:16","slug":"cherry-blossom-rose","status":"publish","type":"product","link":"https:\/\/phytowall.ee\/fi\/tuote\/cherry-blossom-rose\/","title":{"rendered":"Cherry Blossom Rose"},"content":{"rendered":"","protected":false},"excerpt":{"rendered":"<p>Premium s\u00e4ilytetty ruusu lasissa.<\/p>\n<p>S\u00e4ilytetyt ruusut ovat luonnollisia ruusuja, jotka s\u00e4ilyv\u00e4t jopa 5 vuotta.<\/p>\n<p>Koko: 27 cm korkeus; 15 cm halkaisija<\/p>\n<p>Materiaali: Lasia, metallia, s\u00e4ilytetty ruusu<\/p>\n<p>Yksinomainen sis\u00e4k\u00e4ytt\u00f6 \/ \u00c4l\u00e4 kastele \/ \u00c4l\u00e4 altista auringonvalolle \/ Pid\u00e4 poissa l\u00e4mm\u00f6nl\u00e4hteist\u00e4<\/p>\n","protected":false},"featured_media":35792,"comment_status":"open","ping_status":"closed","template":"","meta":{"_monsterinsights_skip_tracking":false,"_monsterinsights_sitenote_active":false,"_monsterinsights_sitenote_note":"","_monsterinsights_sitenote_category":0},"product_brand":[],"product_cat":[489],"product_tag":[618,619],"class_list":{"0":"post-35789","1":"product","2":"type-product","3":"status-publish","4":"has-post-thumbnail","6":"product_cat-rose-in-glass-fi","7":"product_tag-flowers-fi","8":"product_tag-glass-fi","9":"product_shipping_class-class-i-fi","11":"first","12":"instock","13":"taxable","14":"shipping-taxable","15":"purchasable","16":"product-type-simple"},"_links":{"self":[{"href":"https:\/\/phytowall.ee\/fi\/wp-json\/wp\/v2\/product\/35789","targetHints":{"allow":["GET"]}}],"collection":[{"href":"https:\/\/phytowall.ee\/fi\/wp-json\/wp\/v2\/product"}],"about":[{"href":"https:\/\/phytowall.ee\/fi\/wp-json\/wp\/v2\/types\/product"}],"replies":[{"embeddable":true,"href":"https:\/\/phytowall.ee\/fi\/wp-json\/wp\/v2\/comments?post=35789"}],"wp:featuredmedia":[{"embeddable":true,"href":"https:\/\/phytowall.ee\/fi\/wp-json\/wp\/v2\/media\/35792"}],"wp:attachment":[{"href":"https:\/\/phytowall.ee\/fi\/wp-json\/wp\/v2\/media?parent=35789"}],"wp:term":[{"taxonomy":"product_brand","embeddable":true,"href":"https:\/\/phytowall.ee\/fi\/wp-json\/wp\/v2\/product_brand?post=35789"},{"taxonomy":"product_cat","embeddable":true,"href":"https:\/\/phytowall.ee\/fi\/wp-json\/wp\/v2\/product_cat?post=35789"},{"taxonomy":"product_tag","embeddable":true,"href":"https:\/\/phytowall.ee\/fi\/wp-json\/wp\/v2\/product_tag?post=35789"}],"curies":[{"name":"wp","href":"https:\/\/api.w.org\/{rel}","templated":true}]}}