{"id":35806,"date":"2023-12-22T14:30:49","date_gmt":"2023-12-22T14:30:49","guid":{"rendered":"https:\/\/phytowall.ee\/product\/garden-rose-2\/"},"modified":"2024-02-28T10:04:43","modified_gmt":"2024-02-28T10:04:43","slug":"garden-rose","status":"publish","type":"product","link":"https:\/\/phytowall.ee\/fi\/tuote\/garden-rose\/","title":{"rendered":"Garden Rose 6 pc"},"content":{"rendered":"","protected":false},"excerpt":{"rendered":"<p>Puutarharuusu on sopiva kukka sek\u00e4 varsien ett\u00e4 nuppujen takia. Lajikkeita ja kokoja on lukuisia. Se on erityisen huomiota her\u00e4tt\u00e4v\u00e4, koska siin\u00e4 on paljon litistettyj\u00e4 ter\u00e4lehti\u00e4. Se on romanttisen n\u00e4k\u00f6inen ja sopii maalaistyyliseen koristeluun, vie meid\u00e4t viktoriaanisiin puutarhoihin ja luo luonnon nurkkia ilman temppuja tai teeskentely\u00e4.<\/p>\n<p>&nbsp;<\/p>\n<p>Yksinomainen sis\u00e4k\u00e4ytt\u00f6 \/ \u00c4l\u00e4 kastele \/ \u00c4l\u00e4 altista suoralle auringonvalolle \/ Pid\u00e4 kaukana l\u00e4mm\u00f6nl\u00e4hteist\u00e4<\/p>\n","protected":false},"featured_media":17904,"comment_status":"open","ping_status":"closed","template":"","meta":{"_monsterinsights_skip_tracking":false,"_monsterinsights_sitenote_active":false,"_monsterinsights_sitenote_note":"","_monsterinsights_sitenote_category":0},"product_brand":[],"product_cat":[483],"product_tag":[615],"class_list":{"0":"post-35806","1":"product","2":"type-product","3":"status-publish","4":"has-post-thumbnail","6":"product_cat-preserved-plants-flowers-fi","7":"product_tag-bulkplants-fi","8":"pa_color-red-fi","9":"pa_color-white-fi","11":"first","12":"instock","13":"taxable","14":"shipping-taxable","15":"purchasable","16":"product-type-variable"},"_links":{"self":[{"href":"https:\/\/phytowall.ee\/fi\/wp-json\/wp\/v2\/product\/35806","targetHints":{"allow":["GET"]}}],"collection":[{"href":"https:\/\/phytowall.ee\/fi\/wp-json\/wp\/v2\/product"}],"about":[{"href":"https:\/\/phytowall.ee\/fi\/wp-json\/wp\/v2\/types\/product"}],"replies":[{"embeddable":true,"href":"https:\/\/phytowall.ee\/fi\/wp-json\/wp\/v2\/comments?post=35806"}],"wp:featuredmedia":[{"embeddable":true,"href":"https:\/\/phytowall.ee\/fi\/wp-json\/wp\/v2\/media\/17904"}],"wp:attachment":[{"href":"https:\/\/phytowall.ee\/fi\/wp-json\/wp\/v2\/media?parent=35806"}],"wp:term":[{"taxonomy":"product_brand","embeddable":true,"href":"https:\/\/phytowall.ee\/fi\/wp-json\/wp\/v2\/product_brand?post=35806"},{"taxonomy":"product_cat","embeddable":true,"href":"https:\/\/phytowall.ee\/fi\/wp-json\/wp\/v2\/product_cat?post=35806"},{"taxonomy":"product_tag","embeddable":true,"href":"https:\/\/phytowall.ee\/fi\/wp-json\/wp\/v2\/product_tag?post=35806"}],"curies":[{"name":"wp","href":"https:\/\/api.w.org\/{rel}","templated":true}]}}