{"id":35902,"date":"2023-12-22T14:30:49","date_gmt":"2023-12-22T14:30:49","guid":{"rendered":"https:\/\/phytowall.ee\/product\/tube-rose-2\/"},"modified":"2024-02-28T10:08:30","modified_gmt":"2024-02-28T10:08:30","slug":"tube-rose","status":"publish","type":"product","link":"https:\/\/phytowall.ee\/fi\/tuote\/tube-rose\/","title":{"rendered":"Tube Rose 12 pc"},"content":{"rendered":"","protected":false},"excerpt":{"rendered":"<p>Sit\u00e4 kutsutaan my\u00f6s nimell\u00e4 gamba (Nardostachys grandiflora ilman N. jatamansia), valeriaanikasvi, joka on per\u00e4isin Himalajalta, arvostettu antiikin ajoista l\u00e4htien sen aromatisoituneiden ja l\u00e4\u00e4kinn\u00e4llisten ominaisuuksiensa vuoksi; sit\u00e4 kutsutaan my\u00f6s nimell\u00e4 kultapiisku (Polianthes tuberosa).<\/p>\n<p>Yksinomainen sis\u00e4k\u00e4ytt\u00f6 \/ \u00c4l\u00e4 kastele \/ \u00c4l\u00e4 altista suoralle auringonvalolle \/ Pid\u00e4 kaukana l\u00e4mm\u00f6nl\u00e4hteist\u00e4<\/p>\n","protected":false},"featured_media":18027,"comment_status":"open","ping_status":"closed","template":"","meta":{"_monsterinsights_skip_tracking":false,"_monsterinsights_sitenote_active":false,"_monsterinsights_sitenote_note":"","_monsterinsights_sitenote_category":0},"product_brand":[],"product_cat":[483],"product_tag":[615],"class_list":{"0":"post-35902","1":"product","2":"type-product","3":"status-publish","4":"has-post-thumbnail","6":"product_cat-preserved-plants-flowers-fi","7":"product_tag-bulkplants-fi","8":"pa_color-light-blue-fi","9":"pa_color-pastel-pink-fi","10":"pa_color-white-fi","12":"first","13":"instock","14":"sale","15":"taxable","16":"shipping-taxable","17":"purchasable","18":"product-type-variable","19":"has-default-attributes"},"_links":{"self":[{"href":"https:\/\/phytowall.ee\/fi\/wp-json\/wp\/v2\/product\/35902","targetHints":{"allow":["GET"]}}],"collection":[{"href":"https:\/\/phytowall.ee\/fi\/wp-json\/wp\/v2\/product"}],"about":[{"href":"https:\/\/phytowall.ee\/fi\/wp-json\/wp\/v2\/types\/product"}],"replies":[{"embeddable":true,"href":"https:\/\/phytowall.ee\/fi\/wp-json\/wp\/v2\/comments?post=35902"}],"wp:featuredmedia":[{"embeddable":true,"href":"https:\/\/phytowall.ee\/fi\/wp-json\/wp\/v2\/media\/18027"}],"wp:attachment":[{"href":"https:\/\/phytowall.ee\/fi\/wp-json\/wp\/v2\/media?parent=35902"}],"wp:term":[{"taxonomy":"product_brand","embeddable":true,"href":"https:\/\/phytowall.ee\/fi\/wp-json\/wp\/v2\/product_brand?post=35902"},{"taxonomy":"product_cat","embeddable":true,"href":"https:\/\/phytowall.ee\/fi\/wp-json\/wp\/v2\/product_cat?post=35902"},{"taxonomy":"product_tag","embeddable":true,"href":"https:\/\/phytowall.ee\/fi\/wp-json\/wp\/v2\/product_tag?post=35902"}],"curies":[{"name":"wp","href":"https:\/\/api.w.org\/{rel}","templated":true}]}}