{"id":35952,"date":"2023-12-22T14:30:49","date_gmt":"2023-12-22T14:30:49","guid":{"rendered":"https:\/\/phytowall.ee\/product\/hydrangea-2\/"},"modified":"2024-02-28T10:09:56","modified_gmt":"2024-02-28T10:09:56","slug":"hydrangea","status":"publish","type":"product","link":"https:\/\/phytowall.ee\/fi\/tuote\/hydrangea\/","title":{"rendered":"Hydrangea 1 pc"},"content":{"rendered":"","protected":false},"excerpt":{"rendered":"<p>N\u00e4ill\u00e4 kukilla on historiaa. Hortensiasukuun kuuluu 70\u201375 koristekasvilajia. Ne ovat kotoisin Aasian etel\u00e4- ja it\u00e4osista ja niit\u00e4 on viljelty pitk\u00e4\u00e4n koristekasveina Japanissa. 1800-luvun puoliv\u00e4list\u00e4 l\u00e4htien niit\u00e4 on tuotu my\u00f6s muihin maailman osiin.<\/p>\n<p>Yksinomainen sis\u00e4k\u00e4ytt\u00f6 \/ \u00c4l\u00e4 kastele \/ \u00c4l\u00e4 altista suoralle auringonvalolle \/ Pid\u00e4 kaukana l\u00e4mm\u00f6nl\u00e4hteist\u00e4<\/p>\n","protected":false},"featured_media":18079,"comment_status":"open","ping_status":"closed","template":"","meta":{"_monsterinsights_skip_tracking":false,"_monsterinsights_sitenote_active":false,"_monsterinsights_sitenote_note":"","_monsterinsights_sitenote_category":0},"product_brand":[],"product_cat":[506,483],"product_tag":[615],"class_list":{"0":"post-35952","1":"product","2":"type-product","3":"status-publish","4":"has-post-thumbnail","6":"product_cat-products-in-sale-fi","7":"product_cat-preserved-plants-flowers-fi","8":"product_tag-bulkplants-fi","9":"product_shipping_class-class-i-fi","10":"pa_color-green-fi","11":"pa_color-lavender-fi","12":"pa_color-light-blue-fi","13":"pa_color-orange-fi","14":"pa_color-pastel-pink-fi","15":"pa_color-red-fi","16":"pa_color-white-fi","18":"first","19":"instock","20":"sale","21":"taxable","22":"shipping-taxable","23":"purchasable","24":"product-type-variable","25":"has-default-attributes"},"_links":{"self":[{"href":"https:\/\/phytowall.ee\/fi\/wp-json\/wp\/v2\/product\/35952","targetHints":{"allow":["GET"]}}],"collection":[{"href":"https:\/\/phytowall.ee\/fi\/wp-json\/wp\/v2\/product"}],"about":[{"href":"https:\/\/phytowall.ee\/fi\/wp-json\/wp\/v2\/types\/product"}],"replies":[{"embeddable":true,"href":"https:\/\/phytowall.ee\/fi\/wp-json\/wp\/v2\/comments?post=35952"}],"wp:featuredmedia":[{"embeddable":true,"href":"https:\/\/phytowall.ee\/fi\/wp-json\/wp\/v2\/media\/18079"}],"wp:attachment":[{"href":"https:\/\/phytowall.ee\/fi\/wp-json\/wp\/v2\/media?parent=35952"}],"wp:term":[{"taxonomy":"product_brand","embeddable":true,"href":"https:\/\/phytowall.ee\/fi\/wp-json\/wp\/v2\/product_brand?post=35952"},{"taxonomy":"product_cat","embeddable":true,"href":"https:\/\/phytowall.ee\/fi\/wp-json\/wp\/v2\/product_cat?post=35952"},{"taxonomy":"product_tag","embeddable":true,"href":"https:\/\/phytowall.ee\/fi\/wp-json\/wp\/v2\/product_tag?post=35952"}],"curies":[{"name":"wp","href":"https:\/\/api.w.org\/{rel}","templated":true}]}}