{"id":36066,"date":"2023-12-22T14:30:48","date_gmt":"2023-12-22T14:30:48","guid":{"rendered":"https:\/\/phytowall.ee\/product\/rose-premium-2\/"},"modified":"2024-02-28T10:13:08","modified_gmt":"2024-02-28T10:13:08","slug":"rose-premium","status":"publish","type":"product","link":"https:\/\/phytowall.ee\/fi\/tuote\/rose-premium\/","title":{"rendered":"Rose Blossoms Premium 4 pc"},"content":{"rendered":"","protected":false},"excerpt":{"rendered":"<p>Kaikkien suosikki. Ruusut ovat kukista yleisimmin k\u00e4ytettyj\u00e4 floristien toimesta. Lajien lukum\u00e4\u00e4r\u00e4 on noin 100. Suurin osa niist\u00e4 on per\u00e4isin Aasiasta, ja muutama on kotoisin Euroopasta, Pohjois-Amerikasta ja Luoteis-Afrikasta.<\/p>\n<p>Yksinomainen sis\u00e4k\u00e4ytt\u00f6 \/ \u00c4l\u00e4 kastele \/ \u00c4l\u00e4 altista suoralle auringonvalolle \/ Pid\u00e4 kaukana l\u00e4mm\u00f6nl\u00e4hteist\u00e4<\/p>\n","protected":false},"featured_media":18187,"comment_status":"open","ping_status":"closed","template":"","meta":{"_monsterinsights_skip_tracking":false,"_monsterinsights_sitenote_active":false,"_monsterinsights_sitenote_note":"","_monsterinsights_sitenote_category":0},"product_brand":[],"product_cat":[483],"product_tag":[615],"class_list":{"0":"post-36066","1":"product","2":"type-product","3":"status-publish","4":"has-post-thumbnail","6":"product_cat-preserved-plants-flowers-fi","7":"product_tag-bulkplants-fi","8":"product_shipping_class-class-i-fi","9":"pa_color-black-fi","10":"pa_color-dark-blue-fi","11":"pa_color-light-blue-fi","12":"pa_color-lilac-fi","13":"pa_color-orange-fi","14":"pa_color-pastel-pink-fi","15":"pa_color-purple-fi","16":"pa_color-red-fi","17":"pa_color-white-fi","18":"pa_color-yellow-fi","20":"first","21":"instock","22":"taxable","23":"shipping-taxable","24":"purchasable","25":"product-type-variable","26":"has-default-attributes"},"_links":{"self":[{"href":"https:\/\/phytowall.ee\/fi\/wp-json\/wp\/v2\/product\/36066","targetHints":{"allow":["GET"]}}],"collection":[{"href":"https:\/\/phytowall.ee\/fi\/wp-json\/wp\/v2\/product"}],"about":[{"href":"https:\/\/phytowall.ee\/fi\/wp-json\/wp\/v2\/types\/product"}],"replies":[{"embeddable":true,"href":"https:\/\/phytowall.ee\/fi\/wp-json\/wp\/v2\/comments?post=36066"}],"wp:featuredmedia":[{"embeddable":true,"href":"https:\/\/phytowall.ee\/fi\/wp-json\/wp\/v2\/media\/18187"}],"wp:attachment":[{"href":"https:\/\/phytowall.ee\/fi\/wp-json\/wp\/v2\/media?parent=36066"}],"wp:term":[{"taxonomy":"product_brand","embeddable":true,"href":"https:\/\/phytowall.ee\/fi\/wp-json\/wp\/v2\/product_brand?post=36066"},{"taxonomy":"product_cat","embeddable":true,"href":"https:\/\/phytowall.ee\/fi\/wp-json\/wp\/v2\/product_cat?post=36066"},{"taxonomy":"product_tag","embeddable":true,"href":"https:\/\/phytowall.ee\/fi\/wp-json\/wp\/v2\/product_tag?post=36066"}],"curies":[{"name":"wp","href":"https:\/\/api.w.org\/{rel}","templated":true}]}}