{"id":36267,"date":"2023-12-22T14:30:45","date_gmt":"2023-12-22T14:30:45","guid":{"rendered":"https:\/\/phytowall.ee\/product\/plants-parvifolia-2\/"},"modified":"2024-02-28T10:14:51","modified_gmt":"2024-02-28T10:14:51","slug":"plants-parvifolia","status":"publish","type":"product","link":"https:\/\/phytowall.ee\/fi\/tuote\/plants-parvifolia\/","title":{"rendered":"Plants Parvifolia"},"content":{"rendered":"","protected":false},"excerpt":{"rendered":"<p>Yksi t\u00e4ydellisist\u00e4 kasveista rustiikkisten ja maalaismaisten tilojen luomiseen. Sen luonnollinen ulkon\u00e4k\u00f6 tekee siit\u00e4 n\u00e4iden koristelujen t\u00e4htikasvin.<\/p>\n<p>Koristeellinen ruukku ei sis\u00e4lly.<\/p>\n<p>Yksinomainen sis\u00e4k\u00e4ytt\u00f6 \/ \u00c4l\u00e4 kastele \/ \u00c4l\u00e4 altista suoralle auringonvalolle \/ Pid\u00e4 kaukana l\u00e4mm\u00f6nl\u00e4hteist\u00e4<\/p>\n","protected":false},"featured_media":18337,"comment_status":"open","ping_status":"closed","template":"","meta":{"_monsterinsights_skip_tracking":false,"_monsterinsights_sitenote_active":false,"_monsterinsights_sitenote_note":"","_monsterinsights_sitenote_category":0},"product_brand":[],"product_cat":[486],"product_tag":[596],"class_list":{"0":"post-36267","1":"product","2":"type-product","3":"status-publish","4":"has-post-thumbnail","6":"product_cat-preserved-trees-fi","7":"product_tag-sailotyt-puut","8":"product_shipping_class-class-iii-fi","9":"pa_size-0-7-m-fi","11":"first","12":"instock","13":"taxable","14":"shipping-taxable","15":"purchasable","16":"product-type-variable","17":"has-default-attributes"},"_links":{"self":[{"href":"https:\/\/phytowall.ee\/fi\/wp-json\/wp\/v2\/product\/36267","targetHints":{"allow":["GET"]}}],"collection":[{"href":"https:\/\/phytowall.ee\/fi\/wp-json\/wp\/v2\/product"}],"about":[{"href":"https:\/\/phytowall.ee\/fi\/wp-json\/wp\/v2\/types\/product"}],"replies":[{"embeddable":true,"href":"https:\/\/phytowall.ee\/fi\/wp-json\/wp\/v2\/comments?post=36267"}],"wp:featuredmedia":[{"embeddable":true,"href":"https:\/\/phytowall.ee\/fi\/wp-json\/wp\/v2\/media\/18337"}],"wp:attachment":[{"href":"https:\/\/phytowall.ee\/fi\/wp-json\/wp\/v2\/media?parent=36267"}],"wp:term":[{"taxonomy":"product_brand","embeddable":true,"href":"https:\/\/phytowall.ee\/fi\/wp-json\/wp\/v2\/product_brand?post=36267"},{"taxonomy":"product_cat","embeddable":true,"href":"https:\/\/phytowall.ee\/fi\/wp-json\/wp\/v2\/product_cat?post=36267"},{"taxonomy":"product_tag","embeddable":true,"href":"https:\/\/phytowall.ee\/fi\/wp-json\/wp\/v2\/product_tag?post=36267"}],"curies":[{"name":"wp","href":"https:\/\/api.w.org\/{rel}","templated":true}]}}