{"id":36324,"date":"2023-12-22T14:30:45","date_gmt":"2023-12-22T14:30:45","guid":{"rendered":"https:\/\/phytowall.ee\/product\/palmera-phoenix-agave-2\/"},"modified":"2024-02-28T10:17:20","modified_gmt":"2024-02-28T10:17:20","slug":"palmera-phoenix-agave","status":"publish","type":"product","link":"https:\/\/phytowall.ee\/fi\/tuote\/palmera-phoenix-agave\/","title":{"rendered":"Palmera Phoenix Agave"},"content":{"rendered":"","protected":false},"excerpt":{"rendered":"<p>Huomiota her\u00e4tt\u00e4v\u00e4 trooppisen koristelun elementti vihreill\u00e4 s\u00e4vyill\u00e4\u00e4n ja okran s\u00e4vyisill\u00e4 s\u00e4vyill\u00e4\u00e4n. Kaikki t\u00e4m\u00e4 on v\u00e4ltt\u00e4m\u00e4t\u00f6nt\u00e4 t\u00e4m\u00e4n tyylin saavuttamiseksi.<\/p>\n<p>Koristeellinen ruukku ei sis\u00e4lly.<\/p>\n<p>Yksinomainen sis\u00e4k\u00e4ytt\u00f6 \/ \u00c4l\u00e4 kastele \/ \u00c4l\u00e4 altista suoralle auringonvalolle \/ Pid\u00e4 kaukana l\u00e4mm\u00f6nl\u00e4hteist\u00e4<\/p>\n","protected":false},"featured_media":18386,"comment_status":"open","ping_status":"closed","template":"","meta":{"_monsterinsights_skip_tracking":false,"_monsterinsights_sitenote_active":false,"_monsterinsights_sitenote_note":"","_monsterinsights_sitenote_category":0},"product_brand":[],"product_cat":[486],"product_tag":[591,1459,596],"class_list":{"0":"post-36324","1":"product","2":"type-product","3":"status-publish","4":"has-post-thumbnail","6":"product_cat-preserved-trees-fi","7":"product_tag-bestseller-fi","8":"product_tag-palm","9":"product_tag-sailotyt-puut","10":"product_shipping_class-class-iii-fi","11":"pa_size-1-00-m-fi","12":"pa_size-1-5-m-fi","13":"pa_size-2-0-m-fi","14":"pa_size-2-3-m-fi","16":"first","17":"instock","18":"taxable","19":"shipping-taxable","20":"purchasable","21":"product-type-variable","22":"has-default-attributes"},"_links":{"self":[{"href":"https:\/\/phytowall.ee\/fi\/wp-json\/wp\/v2\/product\/36324","targetHints":{"allow":["GET"]}}],"collection":[{"href":"https:\/\/phytowall.ee\/fi\/wp-json\/wp\/v2\/product"}],"about":[{"href":"https:\/\/phytowall.ee\/fi\/wp-json\/wp\/v2\/types\/product"}],"replies":[{"embeddable":true,"href":"https:\/\/phytowall.ee\/fi\/wp-json\/wp\/v2\/comments?post=36324"}],"wp:featuredmedia":[{"embeddable":true,"href":"https:\/\/phytowall.ee\/fi\/wp-json\/wp\/v2\/media\/18386"}],"wp:attachment":[{"href":"https:\/\/phytowall.ee\/fi\/wp-json\/wp\/v2\/media?parent=36324"}],"wp:term":[{"taxonomy":"product_brand","embeddable":true,"href":"https:\/\/phytowall.ee\/fi\/wp-json\/wp\/v2\/product_brand?post=36324"},{"taxonomy":"product_cat","embeddable":true,"href":"https:\/\/phytowall.ee\/fi\/wp-json\/wp\/v2\/product_cat?post=36324"},{"taxonomy":"product_tag","embeddable":true,"href":"https:\/\/phytowall.ee\/fi\/wp-json\/wp\/v2\/product_tag?post=36324"}],"curies":[{"name":"wp","href":"https:\/\/api.w.org\/{rel}","templated":true}]}}