{"id":36377,"date":"2023-12-22T14:30:44","date_gmt":"2023-12-22T14:30:44","guid":{"rendered":"https:\/\/phytowall.ee\/product\/topiary-hedera-2\/"},"modified":"2024-02-28T10:18:40","modified_gmt":"2024-02-28T10:18:40","slug":"topiary-hedera","status":"publish","type":"product","link":"https:\/\/phytowall.ee\/fi\/tuote\/topiary-hedera\/","title":{"rendered":"Topiary Hedera"},"content":{"rendered":"","protected":false},"excerpt":{"rendered":"<p>Pensaspuuleikkaus. Se on ihanteellinen lis\u00e4 V\u00e4limeren sisustukseen, p\u00e4\u00e4asiassa sen vihreiden s\u00e4vyjen vuoksi, jotka tuovat klassisuutta.<\/p>\n<p>Koristeellinen ruukku ei sis\u00e4lly.<\/p>\n<p>Yksinomainen sis\u00e4k\u00e4ytt\u00f6 \/ \u00c4l\u00e4 kastele \/ \u00c4l\u00e4 altista suoralle auringonvalolle \/ Pid\u00e4 kaukana l\u00e4mm\u00f6nl\u00e4hteist\u00e4<\/p>\n","protected":false},"featured_media":18456,"comment_status":"open","ping_status":"closed","template":"","meta":{"_monsterinsights_skip_tracking":false,"_monsterinsights_sitenote_active":false,"_monsterinsights_sitenote_note":"","_monsterinsights_sitenote_category":0},"product_brand":[],"product_cat":[486],"product_tag":[596],"class_list":{"0":"post-36377","1":"product","2":"type-product","3":"status-publish","4":"has-post-thumbnail","6":"product_cat-preserved-trees-fi","7":"product_tag-sailotyt-puut","8":"product_shipping_class-class-iii-fi","9":"pa_size-0-50-m-fi","10":"pa_size-0-65-m-fi","11":"pa_size-1-00-m-fi","12":"pa_size-1-4-m-fi","14":"first","15":"instock","16":"taxable","17":"shipping-taxable","18":"purchasable","19":"product-type-variable","20":"has-default-attributes"},"_links":{"self":[{"href":"https:\/\/phytowall.ee\/fi\/wp-json\/wp\/v2\/product\/36377","targetHints":{"allow":["GET"]}}],"collection":[{"href":"https:\/\/phytowall.ee\/fi\/wp-json\/wp\/v2\/product"}],"about":[{"href":"https:\/\/phytowall.ee\/fi\/wp-json\/wp\/v2\/types\/product"}],"replies":[{"embeddable":true,"href":"https:\/\/phytowall.ee\/fi\/wp-json\/wp\/v2\/comments?post=36377"}],"wp:featuredmedia":[{"embeddable":true,"href":"https:\/\/phytowall.ee\/fi\/wp-json\/wp\/v2\/media\/18456"}],"wp:attachment":[{"href":"https:\/\/phytowall.ee\/fi\/wp-json\/wp\/v2\/media?parent=36377"}],"wp:term":[{"taxonomy":"product_brand","embeddable":true,"href":"https:\/\/phytowall.ee\/fi\/wp-json\/wp\/v2\/product_brand?post=36377"},{"taxonomy":"product_cat","embeddable":true,"href":"https:\/\/phytowall.ee\/fi\/wp-json\/wp\/v2\/product_cat?post=36377"},{"taxonomy":"product_tag","embeddable":true,"href":"https:\/\/phytowall.ee\/fi\/wp-json\/wp\/v2\/product_tag?post=36377"}],"curies":[{"name":"wp","href":"https:\/\/api.w.org\/{rel}","templated":true}]}}