{"id":36414,"date":"2023-12-22T14:30:44","date_gmt":"2023-12-22T14:30:44","guid":{"rendered":"https:\/\/phytowall.ee\/product\/topiary-tenuifolium-2\/"},"modified":"2024-02-28T10:17:53","modified_gmt":"2024-02-28T10:17:53","slug":"topiary-tenuifolium","status":"publish","type":"product","link":"https:\/\/phytowall.ee\/fi\/tuote\/topiary-tenuifolium\/","title":{"rendered":"Topiary Tenuifolium"},"content":{"rendered":"","protected":false},"excerpt":{"rendered":"<p>Sen pallomainen muoto luo tilavuutta pohjoismaisissa ymp\u00e4rist\u00f6iss\u00e4. Molempien lajikkeiden v\u00e4rit sopivat t\u00e4ydellisesti t\u00e4h\u00e4n koristetyyliin.<\/p>\n<p>Koristeellinen ruukku ei sis\u00e4lly.<\/p>\n<p>Yksinomainen sis\u00e4k\u00e4ytt\u00f6 \/ \u00c4l\u00e4 kastele \/ \u00c4l\u00e4 altista suoralle auringonvalolle \/ Pid\u00e4 kaukana l\u00e4mm\u00f6nl\u00e4hteist\u00e4<\/p>\n","protected":false},"featured_media":18492,"comment_status":"open","ping_status":"closed","template":"","meta":{"_monsterinsights_skip_tracking":false,"_monsterinsights_sitenote_active":false,"_monsterinsights_sitenote_note":"","_monsterinsights_sitenote_category":0},"product_brand":[],"product_cat":[486],"product_tag":[596],"class_list":{"0":"post-36414","1":"product","2":"type-product","3":"status-publish","4":"has-post-thumbnail","6":"product_cat-preserved-trees-fi","7":"product_tag-sailotyt-puut","8":"product_shipping_class-class-iii-fi","9":"pa_size-0-50-m-fi","10":"pa_size-0-65-m-fi","11":"pa_size-1-00-m-fi","12":"pa_size-1-4-m-fi","14":"first","15":"instock","16":"taxable","17":"shipping-taxable","18":"purchasable","19":"product-type-variable","20":"has-default-attributes"},"_links":{"self":[{"href":"https:\/\/phytowall.ee\/fi\/wp-json\/wp\/v2\/product\/36414","targetHints":{"allow":["GET"]}}],"collection":[{"href":"https:\/\/phytowall.ee\/fi\/wp-json\/wp\/v2\/product"}],"about":[{"href":"https:\/\/phytowall.ee\/fi\/wp-json\/wp\/v2\/types\/product"}],"replies":[{"embeddable":true,"href":"https:\/\/phytowall.ee\/fi\/wp-json\/wp\/v2\/comments?post=36414"}],"wp:featuredmedia":[{"embeddable":true,"href":"https:\/\/phytowall.ee\/fi\/wp-json\/wp\/v2\/media\/18492"}],"wp:attachment":[{"href":"https:\/\/phytowall.ee\/fi\/wp-json\/wp\/v2\/media?parent=36414"}],"wp:term":[{"taxonomy":"product_brand","embeddable":true,"href":"https:\/\/phytowall.ee\/fi\/wp-json\/wp\/v2\/product_brand?post=36414"},{"taxonomy":"product_cat","embeddable":true,"href":"https:\/\/phytowall.ee\/fi\/wp-json\/wp\/v2\/product_cat?post=36414"},{"taxonomy":"product_tag","embeddable":true,"href":"https:\/\/phytowall.ee\/fi\/wp-json\/wp\/v2\/product_tag?post=36414"}],"curies":[{"name":"wp","href":"https:\/\/api.w.org\/{rel}","templated":true}]}}