{"id":36568,"date":"2023-12-22T14:30:42","date_gmt":"2023-12-22T14:30:42","guid":{"rendered":"https:\/\/phytowall.ee\/product\/preserved-tree-crown-populus\/"},"modified":"2024-02-28T10:27:46","modified_gmt":"2024-02-28T10:27:46","slug":"preserved-tree-crown-populus","status":"publish","type":"product","link":"https:\/\/phytowall.ee\/fi\/tuote\/preserved-tree-crown-populus\/","title":{"rendered":"Preserved tree Crown populus"},"content":{"rendered":"<p>S\u00e4ilytetty puukruunu, Populus<\/p>\n<p>Lis\u00e4osa, joka tuo herkkyytt\u00e4 pohjoismaisimpiin ja avantgardistisimpiin koristeluihin.<\/p>\n<p>Saatavilla olevat koot: 130 cm, 200 cm, 240 cm<\/p>\n<p>S\u00e4il\u00f6tyt puut eiv\u00e4t kasva: s\u00e4il\u00f6nt\u00e4prosessi pys\u00e4ytt\u00e4\u00e4 kaikki biologiset prosessit, jotka edist\u00e4v\u00e4t kasvin vanhenemista, joten ne kest\u00e4v\u00e4t vuosia ja v\u00e4hent\u00e4v\u00e4t merkitt\u00e4v\u00e4sti tarvetta uudelleenostoon.<\/p>\n<p><strong>Koristeellinen ruukku ei sis\u00e4lly.<\/strong><\/p>\n<p>Yksinomainen sis\u00e4k\u00e4ytt\u00f6 \/ \u00c4l\u00e4 kastele \/ \u00c4l\u00e4 altista suoralle auringonvalolle \/ Pid\u00e4 kaukana l\u00e4mm\u00f6nl\u00e4hteist\u00e4<\/p>\n<p><img loading=\"lazy\" decoding=\"async\" class=\"alignnone size-medium wp-image-4832\" src=\"https:\/\/phytowall.ee\/wp-content\/uploads\/2023\/11\/CPO0120-1-crown.jpg\" alt=\"\" width=\"225\" height=\"300\" \/><\/p>\n","protected":false},"excerpt":{"rendered":"<p>S\u00e4ilytetty puukruunu, Populus<br \/>\nSaatavilla olevat koot: 130 cm, 200 cm, 240 cm<\/p>\n","protected":false},"featured_media":18640,"comment_status":"open","ping_status":"closed","template":"","meta":{"_monsterinsights_skip_tracking":false,"_monsterinsights_sitenote_active":false,"_monsterinsights_sitenote_note":"","_monsterinsights_sitenote_category":0},"product_brand":[],"product_cat":[486],"product_tag":[627,596],"class_list":{"0":"post-36568","1":"product","2":"type-product","3":"status-publish","4":"has-post-thumbnail","6":"product_cat-preserved-trees-fi","7":"product_tag-sale-fi","8":"product_tag-sailotyt-puut","9":"product_shipping_class-class-iii-fi","10":"pa_size-1-30-m-fi","11":"pa_size-2-0-m-fi","12":"pa_size-2-4-m-fi","14":"first","15":"instock","16":"taxable","17":"shipping-taxable","18":"purchasable","19":"product-type-variable","20":"has-default-attributes"},"_links":{"self":[{"href":"https:\/\/phytowall.ee\/fi\/wp-json\/wp\/v2\/product\/36568","targetHints":{"allow":["GET"]}}],"collection":[{"href":"https:\/\/phytowall.ee\/fi\/wp-json\/wp\/v2\/product"}],"about":[{"href":"https:\/\/phytowall.ee\/fi\/wp-json\/wp\/v2\/types\/product"}],"replies":[{"embeddable":true,"href":"https:\/\/phytowall.ee\/fi\/wp-json\/wp\/v2\/comments?post=36568"}],"wp:featuredmedia":[{"embeddable":true,"href":"https:\/\/phytowall.ee\/fi\/wp-json\/wp\/v2\/media\/18640"}],"wp:attachment":[{"href":"https:\/\/phytowall.ee\/fi\/wp-json\/wp\/v2\/media?parent=36568"}],"wp:term":[{"taxonomy":"product_brand","embeddable":true,"href":"https:\/\/phytowall.ee\/fi\/wp-json\/wp\/v2\/product_brand?post=36568"},{"taxonomy":"product_cat","embeddable":true,"href":"https:\/\/phytowall.ee\/fi\/wp-json\/wp\/v2\/product_cat?post=36568"},{"taxonomy":"product_tag","embeddable":true,"href":"https:\/\/phytowall.ee\/fi\/wp-json\/wp\/v2\/product_tag?post=36568"}],"curies":[{"name":"wp","href":"https:\/\/api.w.org\/{rel}","templated":true}]}}