{"id":36589,"date":"2023-12-22T14:30:41","date_gmt":"2023-12-22T14:30:41","guid":{"rendered":"https:\/\/phytowall.ee\/product\/preserved-tree-crown-nicoly\/"},"modified":"2024-02-28T10:29:58","modified_gmt":"2024-02-28T10:29:58","slug":"preserved-tree-crown-nicoly","status":"publish","type":"product","link":"https:\/\/phytowall.ee\/fi\/tuote\/preserved-tree-crown-nicoly\/","title":{"rendered":"Preserved tree Crown Nicoly"},"content":{"rendered":"<p>S\u00e4ilytetty puu Crown Nicoly<\/p>\n<p>Koristeellinen ruukku ei sis\u00e4lly.<\/p>\n<ul>\n<li>100% LUONNOLLINEN<\/li>\n<li>0% HOITO<\/li>\n<li>EI TARVITA VETT\u00c4<\/li>\n<\/ul>\n<p>Yksinomainen sis\u00e4k\u00e4ytt\u00f6 \/ \u00c4l\u00e4 kastele \/ \u00c4l\u00e4 altista auringonvalolle \/ Pid\u00e4 poissa l\u00e4mm\u00f6nl\u00e4hteist\u00e4<\/p>\n<p><img loading=\"lazy\" decoding=\"async\" class=\"alignnone size-medium wp-image-4803\" src=\"https:\/\/phytowall.ee\/wp-content\/uploads\/2023\/11\/CNI0113-1-crown.jpg\" alt=\"\" width=\"225\" height=\"300\" \/> <img loading=\"lazy\" decoding=\"async\" class=\"alignnone size-medium wp-image-4811\" src=\"https:\/\/phytowall.ee\/wp-content\/uploads\/2023\/11\/CNI0120-1-crown.jpg\" alt=\"\" width=\"225\" height=\"300\" \/><\/p>\n","protected":false},"excerpt":{"rendered":"<p>S\u00e4ilynyt puu Crown Nicoly<\/p>\n<p>Koristeellista ruukkua ei sis\u00e4lly.<\/p>\n<ul>\n<li>100% LUONNOLLINEN<\/li>\n<li>0% HOITOA<\/li>\n<li>EI TARVITA VETT\u00c4<\/li>\n<\/ul>\n","protected":false},"featured_media":18660,"comment_status":"open","ping_status":"closed","template":"","meta":{"_monsterinsights_skip_tracking":false,"_monsterinsights_sitenote_active":false,"_monsterinsights_sitenote_note":"","_monsterinsights_sitenote_category":0},"product_brand":[],"product_cat":[486],"product_tag":[596],"class_list":{"0":"post-36589","1":"product","2":"type-product","3":"status-publish","4":"has-post-thumbnail","6":"product_cat-preserved-trees-fi","7":"product_tag-sailotyt-puut","8":"product_shipping_class-class-iii-fi","9":"pa_size-1-30-m-fi","10":"pa_size-2-0-m-fi","11":"pa_size-2-4-m-fi","13":"first","14":"instock","15":"taxable","16":"shipping-taxable","17":"purchasable","18":"product-type-variable","19":"has-default-attributes"},"_links":{"self":[{"href":"https:\/\/phytowall.ee\/fi\/wp-json\/wp\/v2\/product\/36589","targetHints":{"allow":["GET"]}}],"collection":[{"href":"https:\/\/phytowall.ee\/fi\/wp-json\/wp\/v2\/product"}],"about":[{"href":"https:\/\/phytowall.ee\/fi\/wp-json\/wp\/v2\/types\/product"}],"replies":[{"embeddable":true,"href":"https:\/\/phytowall.ee\/fi\/wp-json\/wp\/v2\/comments?post=36589"}],"wp:featuredmedia":[{"embeddable":true,"href":"https:\/\/phytowall.ee\/fi\/wp-json\/wp\/v2\/media\/18660"}],"wp:attachment":[{"href":"https:\/\/phytowall.ee\/fi\/wp-json\/wp\/v2\/media?parent=36589"}],"wp:term":[{"taxonomy":"product_brand","embeddable":true,"href":"https:\/\/phytowall.ee\/fi\/wp-json\/wp\/v2\/product_brand?post=36589"},{"taxonomy":"product_cat","embeddable":true,"href":"https:\/\/phytowall.ee\/fi\/wp-json\/wp\/v2\/product_cat?post=36589"},{"taxonomy":"product_tag","embeddable":true,"href":"https:\/\/phytowall.ee\/fi\/wp-json\/wp\/v2\/product_tag?post=36589"}],"curies":[{"name":"wp","href":"https:\/\/api.w.org\/{rel}","templated":true}]}}