{"id":36661,"date":"2023-12-22T14:30:39","date_gmt":"2023-12-22T14:30:39","guid":{"rendered":"https:\/\/phytowall.ee\/product\/preserved-tree-slim-nicoly\/"},"modified":"2024-02-28T10:33:38","modified_gmt":"2024-02-28T10:33:38","slug":"preserved-tree-slim-nicoly","status":"publish","type":"product","link":"https:\/\/phytowall.ee\/fi\/tuote\/preserved-tree-slim-nicoly\/","title":{"rendered":"Preserved tree Slim Nicoly"},"content":{"rendered":"<p>S\u00e4ilytetty puu Slim Nicoly<\/p>\n<p>Saatavilla olevat koot: 130 cm, 180 cm, 240 cm<\/p>\n<p>S\u00e4ilytetyt puut eiv\u00e4t kasva: s\u00e4ilytysprosessi pys\u00e4ytt\u00e4\u00e4 kaikki biologiset prosessit, jotka edist\u00e4v\u00e4t kasvin vanhenemista, joten ne kest\u00e4v\u00e4t vuosia ja v\u00e4hent\u00e4v\u00e4t merkitt\u00e4v\u00e4sti tarvetta uudelleenostoon.<\/p>\n<p><strong>Koristeellista ruukkua ei sis\u00e4lly.<\/strong><\/p>\n<p>Yksinomainen sis\u00e4k\u00e4ytt\u00f6 \/ \u00c4l\u00e4 kastele \/ \u00c4l\u00e4 altista auringonvalolle \/ Pid\u00e4 poissa l\u00e4mm\u00f6nl\u00e4hteist\u00e4<\/p>\n<p><img loading=\"lazy\" decoding=\"async\" class=\"alignnone size-medium wp-image-4698\" src=\"https:\/\/phytowall.ee\/wp-content\/uploads\/2023\/11\/ANI0124-1-slim-nicoly.jpg\" alt=\"\" width=\"300\" height=\"294\" \/><\/p>\n","protected":false},"excerpt":{"rendered":"<p>Se on yksi Eucalyptus-lajikkeista, joilla on pienimm\u00e4t lehdet. Herkk\u00e4 puu t\u00e4ydellinen luonnollisimpiin koristeisiin.<\/p>\n<p>Koristeellista ruukkua ei sis\u00e4lly.<\/p>\n<p>Yksinomainen sis\u00e4k\u00e4ytt\u00f6 \/ \u00c4l\u00e4 kastele \/ \u00c4l\u00e4 altista auringonvalolle \/ Pid\u00e4 poissa l\u00e4mm\u00f6nl\u00e4hteist\u00e4<\/p>\n","protected":false},"featured_media":18743,"comment_status":"open","ping_status":"closed","template":"","meta":{"_monsterinsights_skip_tracking":false,"_monsterinsights_sitenote_active":false,"_monsterinsights_sitenote_note":"","_monsterinsights_sitenote_category":0},"product_brand":[],"product_cat":[486],"product_tag":[596],"class_list":{"0":"post-36661","1":"product","2":"type-product","3":"status-publish","4":"has-post-thumbnail","6":"product_cat-preserved-trees-fi","7":"product_tag-sailotyt-puut","8":"product_shipping_class-class-iii-fi","9":"pa_size-1-30-m-fi","10":"pa_size-1-80-m-fi","11":"pa_size-2-4-m-fi","13":"first","14":"instock","15":"taxable","16":"shipping-taxable","17":"purchasable","18":"product-type-variable","19":"has-default-attributes"},"_links":{"self":[{"href":"https:\/\/phytowall.ee\/fi\/wp-json\/wp\/v2\/product\/36661","targetHints":{"allow":["GET"]}}],"collection":[{"href":"https:\/\/phytowall.ee\/fi\/wp-json\/wp\/v2\/product"}],"about":[{"href":"https:\/\/phytowall.ee\/fi\/wp-json\/wp\/v2\/types\/product"}],"replies":[{"embeddable":true,"href":"https:\/\/phytowall.ee\/fi\/wp-json\/wp\/v2\/comments?post=36661"}],"wp:featuredmedia":[{"embeddable":true,"href":"https:\/\/phytowall.ee\/fi\/wp-json\/wp\/v2\/media\/18743"}],"wp:attachment":[{"href":"https:\/\/phytowall.ee\/fi\/wp-json\/wp\/v2\/media?parent=36661"}],"wp:term":[{"taxonomy":"product_brand","embeddable":true,"href":"https:\/\/phytowall.ee\/fi\/wp-json\/wp\/v2\/product_brand?post=36661"},{"taxonomy":"product_cat","embeddable":true,"href":"https:\/\/phytowall.ee\/fi\/wp-json\/wp\/v2\/product_cat?post=36661"},{"taxonomy":"product_tag","embeddable":true,"href":"https:\/\/phytowall.ee\/fi\/wp-json\/wp\/v2\/product_tag?post=36661"}],"curies":[{"name":"wp","href":"https:\/\/api.w.org\/{rel}","templated":true}]}}