{"id":36686,"date":"2023-12-22T14:30:38","date_gmt":"2023-12-22T14:30:38","guid":{"rendered":"https:\/\/phytowall.ee\/product\/bonsai-tobira-tenuifolium-2\/"},"modified":"2024-02-28T10:35:26","modified_gmt":"2024-02-28T10:35:26","slug":"bonsai-tobira-tenuifolium","status":"publish","type":"product","link":"https:\/\/phytowall.ee\/fi\/tuote\/bonsai-tobira-tenuifolium\/","title":{"rendered":"Bonsai Tobira \/ Tenuifolium"},"content":{"rendered":"","protected":false},"excerpt":{"rendered":"<p>Sopii koristetyyleihin, jotka edustavat Feng Shuita. Kevyt ja sopiva tuote kaikkein zen-tiloihin.<\/p>\n<p>Yksinomainen sis\u00e4k\u00e4ytt\u00f6 \/ \u00c4l\u00e4 kastele \/ \u00c4l\u00e4 altista auringonvalolle \/ Pid\u00e4 poissa l\u00e4mm\u00f6nl\u00e4hteist\u00e4<\/p>\n","protected":false},"featured_media":18755,"comment_status":"open","ping_status":"closed","template":"","meta":{"_monsterinsights_skip_tracking":false,"_monsterinsights_sitenote_active":false,"_monsterinsights_sitenote_note":"","_monsterinsights_sitenote_category":0},"product_brand":[],"product_cat":[474],"product_tag":[1194,596],"class_list":{"0":"post-36686","1":"product","2":"type-product","3":"status-publish","4":"has-post-thumbnail","6":"product_cat-other-products-fi","7":"product_tag-bonsai-fi","8":"product_tag-sailotyt-puut","9":"product_shipping_class-class-ii-fi","10":"pa_size-0-25-m-fi","11":"pa_size-0-50-m-fi","12":"pa_size-0-7-m-fi","14":"first","15":"instock","16":"taxable","17":"shipping-taxable","18":"purchasable","19":"product-type-variable","20":"has-default-attributes"},"_links":{"self":[{"href":"https:\/\/phytowall.ee\/fi\/wp-json\/wp\/v2\/product\/36686","targetHints":{"allow":["GET"]}}],"collection":[{"href":"https:\/\/phytowall.ee\/fi\/wp-json\/wp\/v2\/product"}],"about":[{"href":"https:\/\/phytowall.ee\/fi\/wp-json\/wp\/v2\/types\/product"}],"replies":[{"embeddable":true,"href":"https:\/\/phytowall.ee\/fi\/wp-json\/wp\/v2\/comments?post=36686"}],"wp:featuredmedia":[{"embeddable":true,"href":"https:\/\/phytowall.ee\/fi\/wp-json\/wp\/v2\/media\/18755"}],"wp:attachment":[{"href":"https:\/\/phytowall.ee\/fi\/wp-json\/wp\/v2\/media?parent=36686"}],"wp:term":[{"taxonomy":"product_brand","embeddable":true,"href":"https:\/\/phytowall.ee\/fi\/wp-json\/wp\/v2\/product_brand?post=36686"},{"taxonomy":"product_cat","embeddable":true,"href":"https:\/\/phytowall.ee\/fi\/wp-json\/wp\/v2\/product_cat?post=36686"},{"taxonomy":"product_tag","embeddable":true,"href":"https:\/\/phytowall.ee\/fi\/wp-json\/wp\/v2\/product_tag?post=36686"}],"curies":[{"name":"wp","href":"https:\/\/api.w.org\/{rel}","templated":true}]}}