{"id":36770,"date":"2023-12-22T14:30:38","date_gmt":"2023-12-22T14:30:38","guid":{"rendered":"https:\/\/phytowall.ee\/product\/preserved-tree-jumbo-thuja\/"},"modified":"2024-02-28T10:38:27","modified_gmt":"2024-02-28T10:38:27","slug":"preserved-tree-jumbo-thuja","status":"publish","type":"product","link":"https:\/\/phytowall.ee\/fi\/tuote\/preserved-tree-jumbo-thuja\/","title":{"rendered":"Preserved tree Jumbo Thuja"},"content":{"rendered":"<div dir=\"auto\">S\u00e4ilytetty puu Jumbo Thuja<\/div>\n<div dir=\"auto\"><\/div>\n<div dir=\"auto\"><\/div>\n<div dir=\"auto\">Saatavilla olevat koot: 160 cm, 190 cm<\/div>\n<div dir=\"auto\"><\/div>\n<div dir=\"auto\">Jumbo Thuja lis\u00e4\u00e4 tilavuutta rustiikkisiin sisustuksiin lehtiens\u00e4 ja runkonsa mittasuhteiden ansiosta.<\/div>\n<div dir=\"auto\">S\u00e4ilytetyt puut eiv\u00e4t kasva: s\u00e4ilytysprosessi pys\u00e4ytt\u00e4\u00e4 kaikki biologiset prosessit, jotka edist\u00e4v\u00e4t kasvin vanhenemista, joten ne kest\u00e4v\u00e4t vuosia ja v\u00e4hent\u00e4v\u00e4t merkitt\u00e4v\u00e4sti tarvetta uudelleenostoon.<\/div>\n<div dir=\"auto\"><\/div>\n<div dir=\"auto\"><\/div>\n<div dir=\"auto\">\n<p><strong>Koristeellista ruukkua ei sis\u00e4lly.<\/strong><\/p>\n<p>&nbsp;<\/p>\n<p>Yksinomainen sis\u00e4k\u00e4ytt\u00f6 \/ \u00c4l\u00e4 kastele \/ \u00c4l\u00e4 altista auringonvalolle \/ Pid\u00e4 poissa l\u00e4mm\u00f6nl\u00e4hteist\u00e4<\/p>\n<p><img loading=\"lazy\" decoding=\"async\" class=\"alignnone size-medium wp-image-4543\" src=\"https:\/\/phytowall.ee\/wp-content\/uploads\/2023\/11\/JTH0116-3-jumbo-thuja.jpg\" alt=\"\" width=\"300\" height=\"200\" \/><\/p>\n<\/div>\n","protected":false},"excerpt":{"rendered":"<p>Jumbo Thuja lis\u00e4\u00e4 tilavuutta rustiikkisiin sisustuksiin lehtiens\u00e4 ja runkonsa mittasuhteiden ansiosta.<\/p>\n<p>&nbsp;<\/p>\n<p>Koristeellista ruukkua ei sis\u00e4lly.<\/p>\n<p>&nbsp;<\/p>\n<p>Yksinomainen sis\u00e4k\u00e4ytt\u00f6 \/ \u00c4l\u00e4 kastele \/ \u00c4l\u00e4 altista auringonvalolle \/ Pid\u00e4 poissa l\u00e4mm\u00f6nl\u00e4hteist\u00e4<\/p>\n","protected":false},"featured_media":18819,"comment_status":"open","ping_status":"closed","template":"","meta":{"_monsterinsights_skip_tracking":false,"_monsterinsights_sitenote_active":false,"_monsterinsights_sitenote_note":"","_monsterinsights_sitenote_category":0},"product_brand":[],"product_cat":[486],"product_tag":[596],"class_list":{"0":"post-36770","1":"product","2":"type-product","3":"status-publish","4":"has-post-thumbnail","6":"product_cat-preserved-trees-fi","7":"product_tag-sailotyt-puut","8":"product_shipping_class-class-iii-fi","9":"pa_size-1-60-m-fi","10":"pa_size-1-90-m-fi","12":"first","13":"instock","14":"taxable","15":"shipping-taxable","16":"purchasable","17":"product-type-variable","18":"has-default-attributes"},"_links":{"self":[{"href":"https:\/\/phytowall.ee\/fi\/wp-json\/wp\/v2\/product\/36770","targetHints":{"allow":["GET"]}}],"collection":[{"href":"https:\/\/phytowall.ee\/fi\/wp-json\/wp\/v2\/product"}],"about":[{"href":"https:\/\/phytowall.ee\/fi\/wp-json\/wp\/v2\/types\/product"}],"replies":[{"embeddable":true,"href":"https:\/\/phytowall.ee\/fi\/wp-json\/wp\/v2\/comments?post=36770"}],"wp:featuredmedia":[{"embeddable":true,"href":"https:\/\/phytowall.ee\/fi\/wp-json\/wp\/v2\/media\/18819"}],"wp:attachment":[{"href":"https:\/\/phytowall.ee\/fi\/wp-json\/wp\/v2\/media?parent=36770"}],"wp:term":[{"taxonomy":"product_brand","embeddable":true,"href":"https:\/\/phytowall.ee\/fi\/wp-json\/wp\/v2\/product_brand?post=36770"},{"taxonomy":"product_cat","embeddable":true,"href":"https:\/\/phytowall.ee\/fi\/wp-json\/wp\/v2\/product_cat?post=36770"},{"taxonomy":"product_tag","embeddable":true,"href":"https:\/\/phytowall.ee\/fi\/wp-json\/wp\/v2\/product_tag?post=36770"}],"curies":[{"name":"wp","href":"https:\/\/api.w.org\/{rel}","templated":true}]}}