{"id":36787,"date":"2023-12-22T14:30:36","date_gmt":"2023-12-22T14:30:36","guid":{"rendered":"https:\/\/phytowall.ee\/product\/preserved-tree-jumbo-juniperus\/"},"modified":"2024-02-28T10:41:06","modified_gmt":"2024-02-28T10:41:06","slug":"preserved-tree-jumbo-juniperus","status":"publish","type":"product","link":"https:\/\/phytowall.ee\/fi\/tuote\/preserved-tree-jumbo-juniperus\/","title":{"rendered":"Preserved tree Jumbo Juniperus"},"content":{"rendered":"<p>S\u00e4ilytetty puu Jumbo Juniperus<\/p>\n<p>&nbsp;<\/p>\n<p>Saatavilla olevat koot: 100 cm, 160 cm, 190 cm<\/p>\n<p>&nbsp;<\/p>\n<p>Sopiva puu sisustukseen, kykenee v\u00e4litt\u00e4m\u00e4\u00e4n raikkautta minimalistisimpiin ymp\u00e4rist\u00f6ihin.<\/p>\n<p>&nbsp;<\/p>\n<p><strong>Koristeellista ruukkua ei sis\u00e4lly.<\/strong><\/p>\n<p>&nbsp;<\/p>\n<p>Yksinomainen sis\u00e4k\u00e4ytt\u00f6 \/ \u00c4l\u00e4 kastele \/ \u00c4l\u00e4 altista auringonvalolle \/ Pid\u00e4 poissa l\u00e4mm\u00f6nl\u00e4hteist\u00e4<\/p>\n<p>&nbsp;<\/p>\n<p><img loading=\"lazy\" decoding=\"async\" class=\"alignnone size-medium wp-image-4502\" src=\"https:\/\/phytowall.ee\/wp-content\/uploads\/2023\/11\/JJU0110-3-jumbo-juniperus.jpg\" alt=\"\" width=\"300\" height=\"259\" \/> <img loading=\"lazy\" decoding=\"async\" class=\"alignnone size-medium wp-image-4497\" src=\"https:\/\/phytowall.ee\/wp-content\/uploads\/2023\/11\/JJU0110-1-jumbo-juniperus.jpg\" alt=\"\" width=\"300\" height=\"294\" \/><\/p>\n","protected":false},"excerpt":{"rendered":"<p>S\u00e4ilytetty puu Jumbo Juniperus<\/p>\n<p>Koristeellista ruukkua ei sis\u00e4lly.<\/p>\n<p>&nbsp;<\/p>\n","protected":false},"featured_media":18831,"comment_status":"open","ping_status":"closed","template":"","meta":{"_monsterinsights_skip_tracking":false,"_monsterinsights_sitenote_active":false,"_monsterinsights_sitenote_note":"","_monsterinsights_sitenote_category":0},"product_brand":[],"product_cat":[486],"product_tag":[591,596],"class_list":{"0":"post-36787","1":"product","2":"type-product","3":"status-publish","4":"has-post-thumbnail","6":"product_cat-preserved-trees-fi","7":"product_tag-bestseller-fi","8":"product_tag-sailotyt-puut","9":"product_shipping_class-class-iii-fi","10":"pa_size-1-00-m-fi","11":"pa_size-1-60-m-fi","12":"pa_size-1-90-m-fi","14":"first","15":"instock","16":"taxable","17":"shipping-taxable","18":"purchasable","19":"product-type-variable","20":"has-default-attributes"},"_links":{"self":[{"href":"https:\/\/phytowall.ee\/fi\/wp-json\/wp\/v2\/product\/36787","targetHints":{"allow":["GET"]}}],"collection":[{"href":"https:\/\/phytowall.ee\/fi\/wp-json\/wp\/v2\/product"}],"about":[{"href":"https:\/\/phytowall.ee\/fi\/wp-json\/wp\/v2\/types\/product"}],"replies":[{"embeddable":true,"href":"https:\/\/phytowall.ee\/fi\/wp-json\/wp\/v2\/comments?post=36787"}],"wp:featuredmedia":[{"embeddable":true,"href":"https:\/\/phytowall.ee\/fi\/wp-json\/wp\/v2\/media\/18831"}],"wp:attachment":[{"href":"https:\/\/phytowall.ee\/fi\/wp-json\/wp\/v2\/media?parent=36787"}],"wp:term":[{"taxonomy":"product_brand","embeddable":true,"href":"https:\/\/phytowall.ee\/fi\/wp-json\/wp\/v2\/product_brand?post=36787"},{"taxonomy":"product_cat","embeddable":true,"href":"https:\/\/phytowall.ee\/fi\/wp-json\/wp\/v2\/product_cat?post=36787"},{"taxonomy":"product_tag","embeddable":true,"href":"https:\/\/phytowall.ee\/fi\/wp-json\/wp\/v2\/product_tag?post=36787"}],"curies":[{"name":"wp","href":"https:\/\/api.w.org\/{rel}","templated":true}]}}