{"id":36802,"date":"2023-12-22T14:30:33","date_gmt":"2023-12-22T14:30:33","guid":{"rendered":"https:\/\/phytowall.ee\/product\/stabiloitu-laventeli\/"},"modified":"2024-02-28T10:42:13","modified_gmt":"2024-02-28T10:42:13","slug":"stabiloitu-laventeli","status":"publish","type":"product","link":"https:\/\/phytowall.ee\/fi\/tuote\/stabiloitu-laventeli\/","title":{"rendered":"Stabiloitu Laventeli"},"content":{"rendered":"<p>S\u00e4il\u00f6tty laventeli<br \/>\nKoko: noin 50 cm<\/p>\n<p><img loading=\"lazy\" decoding=\"async\" class=\"alignnone size-medium wp-image-4343\" src=\"https:\/\/phytowall.ee\/wp-content\/uploads\/2023\/11\/0129B80B-74A0-421C-8C05-6CBFB2167EFA.jpeg\" alt=\"\" width=\"300\" height=\"300\" \/> <img loading=\"lazy\" decoding=\"async\" class=\"alignnone size-medium wp-image-4347\" src=\"https:\/\/phytowall.ee\/wp-content\/uploads\/2023\/11\/E6AFC4AB-1345-44E0-B657-366567EF2E83.jpeg\" alt=\"\" width=\"300\" height=\"294\" \/> <img loading=\"lazy\" decoding=\"async\" class=\"alignnone size-medium wp-image-4351\" src=\"https:\/\/phytowall.ee\/wp-content\/uploads\/2023\/11\/505B436B-9BBE-472C-A4F5-67C12D1E8C1A.jpeg\" alt=\"\" width=\"225\" height=\"300\" \/> <img loading=\"lazy\" decoding=\"async\" class=\"alignnone size-medium wp-image-4355\" src=\"https:\/\/phytowall.ee\/wp-content\/uploads\/2023\/11\/769ECE2F-0580-4D77-8B7D-348E23D7D732.jpeg\" alt=\"\" width=\"300\" height=\"300\" \/><\/p>\n","protected":false},"excerpt":{"rendered":"<p>S\u00e4il\u00f6tty laventeli<br \/>\nKoko: noin 50 cm<\/p>\n<p>&nbsp;<\/p>\n<p>Yksinomainen sis\u00e4k\u00e4ytt\u00f6 \/ \u00c4l\u00e4 kastele \/ \u00c4l\u00e4 altista auringonvalolle \/ Pid\u00e4 poissa l\u00e4mm\u00f6nl\u00e4hteist\u00e4<\/p>\n","protected":false},"featured_media":18872,"comment_status":"open","ping_status":"closed","template":"","meta":{"_monsterinsights_skip_tracking":false,"_monsterinsights_sitenote_active":false,"_monsterinsights_sitenote_note":"","_monsterinsights_sitenote_category":0},"product_brand":[],"product_cat":[483],"product_tag":[591,615],"class_list":{"0":"post-36802","1":"product","2":"type-product","3":"status-publish","4":"has-post-thumbnail","6":"product_cat-preserved-plants-flowers-fi","7":"product_tag-bestseller-fi","8":"product_tag-bulkplants-fi","9":"product_shipping_class-class-i-fi","11":"first","12":"instock","13":"taxable","14":"shipping-taxable","15":"purchasable","16":"product-type-simple"},"_links":{"self":[{"href":"https:\/\/phytowall.ee\/fi\/wp-json\/wp\/v2\/product\/36802","targetHints":{"allow":["GET"]}}],"collection":[{"href":"https:\/\/phytowall.ee\/fi\/wp-json\/wp\/v2\/product"}],"about":[{"href":"https:\/\/phytowall.ee\/fi\/wp-json\/wp\/v2\/types\/product"}],"replies":[{"embeddable":true,"href":"https:\/\/phytowall.ee\/fi\/wp-json\/wp\/v2\/comments?post=36802"}],"wp:featuredmedia":[{"embeddable":true,"href":"https:\/\/phytowall.ee\/fi\/wp-json\/wp\/v2\/media\/18872"}],"wp:attachment":[{"href":"https:\/\/phytowall.ee\/fi\/wp-json\/wp\/v2\/media?parent=36802"}],"wp:term":[{"taxonomy":"product_brand","embeddable":true,"href":"https:\/\/phytowall.ee\/fi\/wp-json\/wp\/v2\/product_brand?post=36802"},{"taxonomy":"product_cat","embeddable":true,"href":"https:\/\/phytowall.ee\/fi\/wp-json\/wp\/v2\/product_cat?post=36802"},{"taxonomy":"product_tag","embeddable":true,"href":"https:\/\/phytowall.ee\/fi\/wp-json\/wp\/v2\/product_tag?post=36802"}],"curies":[{"name":"wp","href":"https:\/\/api.w.org\/{rel}","templated":true}]}}