{"id":36845,"date":"2024-01-01T14:30:21","date_gmt":"2024-01-01T14:30:21","guid":{"rendered":"https:\/\/phytowall.ee\/product\/reindeer-moss-panel\/"},"modified":"2025-07-13T20:18:21","modified_gmt":"2025-07-13T20:18:21","slug":"reindeer-moss-panel","status":"publish","type":"product","link":"https:\/\/phytowall.ee\/fi\/tuote\/reindeer-moss-panel\/","title":{"rendered":"Akustiset paneelit s\u00e4il\u00f6tyst\u00e4 poronj\u00e4k\u00e4l\u00e4st\u00e4"},"content":{"rendered":"<p data-start=\"0\" data-end=\"87\">Akustiset paneelit s\u00e4il\u00f6tyst\u00e4 poronj\u00e4k\u00e4l\u00e4st\u00e4 ovat saatavilla eri kokoisina ja v\u00e4risin\u00e4.<\/p>\n<p data-start=\"89\" data-end=\"126\"><strong data-start=\"89\" data-end=\"105\">Materiaalit:<\/strong> s\u00e4il\u00f6tty poronj\u00e4k\u00e4l\u00e4<\/p>\n<p data-start=\"128\" data-end=\"195\"><strong data-start=\"128\" data-end=\"150\">100 % LUONNOLLINEN<\/strong><br data-start=\"150\" data-end=\"153\" \/><strong data-start=\"153\" data-end=\"168\">0 % HUOLTOA<\/strong><br data-start=\"168\" data-end=\"171\" \/><strong data-start=\"171\" data-end=\"195\">EI TARVITSE KASTELUA<\/strong><\/p>\n<p data-start=\"197\" data-end=\"290\"><strong data-start=\"197\" data-end=\"290\">S\u00e4il\u00f6tyst\u00e4 poronj\u00e4k\u00e4l\u00e4st\u00e4 valmistetut akustiset paneelit \u2014 kehystettyn\u00e4 tai ilman kehyst\u00e4<\/strong><\/p>\n<p data-start=\"292\" data-end=\"566\">S\u00e4il\u00f6tyst\u00e4 poronj\u00e4k\u00e4l\u00e4st\u00e4 valmistetut akustiset paneelit ovat tyylik\u00e4s ratkaisu sisustukseen ja tilojen akustiikan parantamiseen. Paneelit voidaan kehyst\u00e4\u00e4 kuin taideteos tai j\u00e4tt\u00e4\u00e4 ilman kehyst\u00e4 \u2014 t\u00e4ydellinen ratkaisu yhten\u00e4isen j\u00e4k\u00e4l\u00e4sein\u00e4n luomiseen ilman n\u00e4kyvi\u00e4 rajoja.<\/p>\n<p data-start=\"568\" data-end=\"787\">Luonnollinen j\u00e4k\u00e4l\u00e4 vaimentaa tehokkaasti \u00e4\u00e4nt\u00e4, v\u00e4hent\u00e4\u00e4 kaikumista ja parantaa akustista mukavuutta miss\u00e4 tahansa tilassa. Se on t\u00e4ysin huoltovapaa, ei tarvitse kastelua ja s\u00e4ilytt\u00e4\u00e4 raikkaan ulkon\u00e4k\u00f6ns\u00e4 vuosien ajan.<\/p>\n<p data-start=\"789\" data-end=\"1016\">J\u00e4k\u00e4l\u00e4paneelit sopivat erinomaisesti toimistoihin, neuvotteluhuoneisiin, studioihin, asuintiloihin, kahviloihin ja julkisiin tiloihin. Saatavilla on useita kokoja ja j\u00e4k\u00e4l\u00e4n s\u00e4vyj\u00e4 ainutlaatuisen ilmeen ja tunnelman luomiseksi.<\/p>\n<p data-start=\"1018\" data-end=\"1215\">Kehystetyt paneelit on helppo asentaa itsen\u00e4isin\u00e4 sisustuselementtein\u00e4, kun taas kehyksett\u00f6m\u00e4t paneelit sopivat t\u00e4ydellisesti suurten pintojen verhoiluun ja el\u00e4vien vihreiden seinien rakentamiseen.<\/p>\n<p data-start=\"1217\" data-end=\"1319\" data-is-last-node=\"\" data-is-only-node=\"\"><strong><em data-start=\"1217\" data-end=\"1319\" data-is-last-node=\"\">Vain sis\u00e4k\u00e4ytt\u00f6\u00f6n \/ \u00c4l\u00e4 kastele \/ \u00c4l\u00e4 altista suoralle auringonvalolle \/ Pid\u00e4 poissa l\u00e4mm\u00f6nl\u00e4hteist\u00e4<\/em><\/strong><\/p>\n<p>&nbsp;<\/p>\n<p><img loading=\"lazy\" decoding=\"async\" class=\"alignnone  wp-image-4181\" src=\"https:\/\/phytowall.ee\/wp-content\/uploads\/2023\/11\/islmos2.jpg\" alt=\"\" width=\"300\" height=\"300\" \/> \u00a0<img loading=\"lazy\" decoding=\"async\" class=\"alignnone size-medium wp-image-4189\" src=\"https:\/\/phytowall.ee\/wp-content\/uploads\/2023\/11\/islmoss43.jpg\" alt=\"\" width=\"247\" height=\"300\" \/><\/p>\n","protected":false},"excerpt":{"rendered":"<p data-start=\"0\" data-end=\"87\">Akustiset paneelit s\u00e4il\u00f6tyst\u00e4 poronj\u00e4k\u00e4l\u00e4st\u00e4 ovat saatavilla eri kokoisina ja v\u00e4risin\u00e4.<\/p>\n<p data-start=\"89\" data-end=\"126\"><strong data-start=\"89\" data-end=\"105\">Materiaalit:<\/strong> s\u00e4il\u00f6tty poronj\u00e4k\u00e4l\u00e4<\/p>\n<p data-start=\"128\" data-end=\"195\"><strong data-start=\"128\" data-end=\"150\">100 % LUONNOLLINEN<\/strong><br data-start=\"150\" data-end=\"153\" \/><strong data-start=\"153\" data-end=\"168\">0 % HUOLTOA<\/strong><br data-start=\"168\" data-end=\"171\" \/><strong data-start=\"171\" data-end=\"195\">EI TARVITSE KASTELUA<\/strong><\/p>\n<p data-start=\"197\" data-end=\"290\"><strong data-start=\"197\" data-end=\"290\">S\u00e4il\u00f6tyst\u00e4 poronj\u00e4k\u00e4l\u00e4st\u00e4 valmistetut akustiset paneelit \u2014 kehystettyn\u00e4 tai ilman kehyst\u00e4<\/strong><\/p>\n","protected":false},"featured_media":18892,"comment_status":"open","ping_status":"closed","template":"","meta":{"_monsterinsights_skip_tracking":false,"_monsterinsights_sitenote_active":false,"_monsterinsights_sitenote_note":"","_monsterinsights_sitenote_category":0},"product_brand":[],"product_cat":[471,492],"product_tag":[628,625],"class_list":{"0":"post-36845","1":"product","2":"type-product","3":"status-publish","4":"has-post-thumbnail","6":"product_cat-moss-panels-fi","7":"product_cat-small-moss-art-fi","8":"product_tag-small-fi","9":"product_tag-reindeer-fi","10":"product_shipping_class-class-ii-fi","11":"pa_moss-color-yellow-fi","12":"pa_moss-color-spring-green-fi","13":"pa_moss-color-lavender-blue-fi","14":"pa_moss-color-natural-fi","15":"pa_moss-color-black-fi","16":"pa_moss-color-olive-fi","17":"pa_moss-color-orange-fi","18":"pa_moss-color-red-fi","19":"pa_moss-color-blue-fi","20":"pa_moss-color-green-fi","21":"pa_moss-color-green-grass-fi","22":"pa_moss-color-green-grass-light-fi","23":"pa_size-100-x-100-cm-fi","24":"pa_size-40-x-40-cm-fi","25":"pa_size-60-x-60-cm-fi","26":"pa_size-80-x-80-cm-fi","28":"first","29":"instock","30":"taxable","31":"shipping-taxable","32":"purchasable","33":"product-type-variable"},"_links":{"self":[{"href":"https:\/\/phytowall.ee\/fi\/wp-json\/wp\/v2\/product\/36845","targetHints":{"allow":["GET"]}}],"collection":[{"href":"https:\/\/phytowall.ee\/fi\/wp-json\/wp\/v2\/product"}],"about":[{"href":"https:\/\/phytowall.ee\/fi\/wp-json\/wp\/v2\/types\/product"}],"replies":[{"embeddable":true,"href":"https:\/\/phytowall.ee\/fi\/wp-json\/wp\/v2\/comments?post=36845"}],"wp:featuredmedia":[{"embeddable":true,"href":"https:\/\/phytowall.ee\/fi\/wp-json\/wp\/v2\/media\/18892"}],"wp:attachment":[{"href":"https:\/\/phytowall.ee\/fi\/wp-json\/wp\/v2\/media?parent=36845"}],"wp:term":[{"taxonomy":"product_brand","embeddable":true,"href":"https:\/\/phytowall.ee\/fi\/wp-json\/wp\/v2\/product_brand?post=36845"},{"taxonomy":"product_cat","embeddable":true,"href":"https:\/\/phytowall.ee\/fi\/wp-json\/wp\/v2\/product_cat?post=36845"},{"taxonomy":"product_tag","embeddable":true,"href":"https:\/\/phytowall.ee\/fi\/wp-json\/wp\/v2\/product_tag?post=36845"}],"curies":[{"name":"wp","href":"https:\/\/api.w.org\/{rel}","templated":true}]}}