{"id":37023,"date":"2023-12-22T14:30:12","date_gmt":"2023-12-22T14:30:12","guid":{"rendered":"https:\/\/phytowall.ee\/product\/preserved-bonsai-procumbens-2\/"},"modified":"2024-02-28T10:53:52","modified_gmt":"2024-02-28T10:53:52","slug":"preserved-bonsai-procumbens","status":"publish","type":"product","link":"https:\/\/phytowall.ee\/fi\/tuote\/preserved-bonsai-procumbens\/","title":{"rendered":"Preserved Bonsai Procumbens"},"content":{"rendered":"<p><img loading=\"lazy\" decoding=\"async\" class=\"alignnone size-medium wp-image-3912\" src=\"https:\/\/phytowall.ee\/wp-content\/uploads\/2019\/11\/BJU70-1-bonsai-procumbens.jpg\" alt=\"\" width=\"225\" height=\"300\" \/><\/p>\n<p>S\u00e4il\u00f6tty k\u00e4\u00e4pi\u00f6m\u00e4nty bonsai.<\/p>\n<p>T\u00e4m\u00e4 bonsai on Feng Shuin koristelun t\u00e4hti. Se on ihanteellinen hienostuneiden ja kevyiden tyylien koristeluun.<\/p>\n","protected":false},"excerpt":{"rendered":"<p>S\u00e4il\u00f6tty k\u00e4\u00e4pi\u00f6m\u00e4nty bonsai.<\/p>\n<p>T\u00e4m\u00e4 bonsai on Feng Shuin koristelun t\u00e4hti. Se sopii ihanteellisesti hienostuneiden ja kevyiden tyylien koristeluun.<\/p>\n<p>Yksinomainen sis\u00e4k\u00e4ytt\u00f6 \/ \u00c4l\u00e4 kastele \/ \u00c4l\u00e4 altista auringonvalolle \/ Pid\u00e4 poissa l\u00e4mm\u00f6nl\u00e4hteist\u00e4<\/p>\n","protected":false},"featured_media":18975,"comment_status":"open","ping_status":"closed","template":"","meta":{"_monsterinsights_skip_tracking":false,"_monsterinsights_sitenote_active":false,"_monsterinsights_sitenote_note":"","_monsterinsights_sitenote_category":0},"product_brand":[],"product_cat":[474],"product_tag":[591,1194,596],"class_list":{"0":"post-37023","1":"product","2":"type-product","3":"status-publish","4":"has-post-thumbnail","6":"product_cat-other-products-fi","7":"product_tag-bestseller-fi","8":"product_tag-bonsai-fi","9":"product_tag-sailotyt-puut","10":"product_shipping_class-class-ii-fi","11":"pa_size-0-15-m-fi","12":"pa_size-0-25-m-fi","13":"pa_size-0-50-m-fi","14":"pa_size-0-7-m-fi","16":"first","17":"instock","18":"taxable","19":"shipping-taxable","20":"purchasable","21":"product-type-variable","22":"has-default-attributes"},"_links":{"self":[{"href":"https:\/\/phytowall.ee\/fi\/wp-json\/wp\/v2\/product\/37023","targetHints":{"allow":["GET"]}}],"collection":[{"href":"https:\/\/phytowall.ee\/fi\/wp-json\/wp\/v2\/product"}],"about":[{"href":"https:\/\/phytowall.ee\/fi\/wp-json\/wp\/v2\/types\/product"}],"replies":[{"embeddable":true,"href":"https:\/\/phytowall.ee\/fi\/wp-json\/wp\/v2\/comments?post=37023"}],"wp:featuredmedia":[{"embeddable":true,"href":"https:\/\/phytowall.ee\/fi\/wp-json\/wp\/v2\/media\/18975"}],"wp:attachment":[{"href":"https:\/\/phytowall.ee\/fi\/wp-json\/wp\/v2\/media?parent=37023"}],"wp:term":[{"taxonomy":"product_brand","embeddable":true,"href":"https:\/\/phytowall.ee\/fi\/wp-json\/wp\/v2\/product_brand?post=37023"},{"taxonomy":"product_cat","embeddable":true,"href":"https:\/\/phytowall.ee\/fi\/wp-json\/wp\/v2\/product_cat?post=37023"},{"taxonomy":"product_tag","embeddable":true,"href":"https:\/\/phytowall.ee\/fi\/wp-json\/wp\/v2\/product_tag?post=37023"}],"curies":[{"name":"wp","href":"https:\/\/api.w.org\/{rel}","templated":true}]}}