{"id":37172,"date":"2023-12-22T14:36:33","date_gmt":"2023-12-22T14:36:33","guid":{"rendered":"https:\/\/phytowall.ee\/product\/sprengeri-2\/"},"modified":"2024-02-28T09:43:43","modified_gmt":"2024-02-28T09:43:43","slug":"sprengeri","status":"publish","type":"product","link":"https:\/\/phytowall.ee\/fi\/tuote\/sprengeri\/","title":{"rendered":"Sprengeri"},"content":{"rendered":"<p>Sen tieteellinen nimi on Asparagus aethiopicus. Se on monivuotinen yrtti, jolla on kaartuvia varret ja litte\u00e4t, lineaariset, j\u00e4yk\u00e4t, eritt\u00e4in mucronoidut lehdet. Siin\u00e4 on my\u00f6s hyvin pieni\u00e4 valkoisia ja vihreit\u00e4 kukkia, jotka kasvavat ryhmiss\u00e4.<\/p>\n<p>Yksinoikeudellinen sis\u00e4k\u00e4ytt\u00f6\u00f6n \/ \u00c4l\u00e4 kastele \/ \u00c4l\u00e4 altista suoralle auringonvalolle \/ Pid\u00e4 poissa l\u00e4mm\u00f6nl\u00e4hteist\u00e4<\/p>\n","protected":false},"excerpt":{"rendered":"<p>Sen tieteellinen nimi on Asparagus aethiopicus. Se on monivuotinen yrtti, jolla on kaartuvia varret ja litte\u00e4t, lineaariset, j\u00e4yk\u00e4t, eritt\u00e4in mucronoidut lehdet. Siin\u00e4 on my\u00f6s hyvin pieni\u00e4 valkoisia ja vihreit\u00e4 kukkia, jotka kasvavat ryhmiss\u00e4.<\/p>\n","protected":false},"featured_media":23606,"comment_status":"open","ping_status":"closed","template":"","meta":{"_monsterinsights_skip_tracking":false,"_monsterinsights_sitenote_active":false,"_monsterinsights_sitenote_note":"","_monsterinsights_sitenote_category":0},"product_brand":[],"product_cat":[483],"product_tag":[615],"class_list":{"0":"post-37172","1":"product","2":"type-product","3":"status-publish","4":"has-post-thumbnail","6":"product_cat-preserved-plants-flowers-fi","7":"product_tag-bulkplants-fi","8":"product_shipping_class-class-i-fi","10":"first","11":"instock","12":"taxable","13":"shipping-taxable","14":"purchasable","15":"product-type-simple"},"_links":{"self":[{"href":"https:\/\/phytowall.ee\/fi\/wp-json\/wp\/v2\/product\/37172","targetHints":{"allow":["GET"]}}],"collection":[{"href":"https:\/\/phytowall.ee\/fi\/wp-json\/wp\/v2\/product"}],"about":[{"href":"https:\/\/phytowall.ee\/fi\/wp-json\/wp\/v2\/types\/product"}],"replies":[{"embeddable":true,"href":"https:\/\/phytowall.ee\/fi\/wp-json\/wp\/v2\/comments?post=37172"}],"wp:featuredmedia":[{"embeddable":true,"href":"https:\/\/phytowall.ee\/fi\/wp-json\/wp\/v2\/media\/23606"}],"wp:attachment":[{"href":"https:\/\/phytowall.ee\/fi\/wp-json\/wp\/v2\/media?parent=37172"}],"wp:term":[{"taxonomy":"product_brand","embeddable":true,"href":"https:\/\/phytowall.ee\/fi\/wp-json\/wp\/v2\/product_brand?post=37172"},{"taxonomy":"product_cat","embeddable":true,"href":"https:\/\/phytowall.ee\/fi\/wp-json\/wp\/v2\/product_cat?post=37172"},{"taxonomy":"product_tag","embeddable":true,"href":"https:\/\/phytowall.ee\/fi\/wp-json\/wp\/v2\/product_tag?post=37172"}],"curies":[{"name":"wp","href":"https:\/\/api.w.org\/{rel}","templated":true}]}}