{"id":37178,"date":"2023-12-22T14:36:33","date_gmt":"2023-12-22T14:36:33","guid":{"rendered":"https:\/\/phytowall.ee\/product\/tike-fern-2\/"},"modified":"2024-02-28T10:00:16","modified_gmt":"2024-02-28T10:00:16","slug":"tike-fern","status":"publish","type":"product","link":"https:\/\/phytowall.ee\/fi\/tuote\/tike-fern\/","title":{"rendered":"Tike Fern"},"content":{"rendered":"<p>Sen tieteellinen nimi on Asparagus virgatus. Asparagus-suku kuuluu Asparagaceae-heimoon ja sis\u00e4lt\u00e4\u00e4 lukuisia lajeja, jotka ovat kotoisin Euroopasta, Aasiasta ja Afrikasta. Niiden lehdet ovat monivuotisia, ry\u00f6mivi\u00e4 ja piikkisi\u00e4.<\/p>\n<p>Yksinoikeudellinen sis\u00e4k\u00e4ytt\u00f6\u00f6n \/ \u00c4l\u00e4 kastele \/ \u00c4l\u00e4 altista suoralle auringonvalolle \/ Pid\u00e4 poissa l\u00e4mm\u00f6nl\u00e4hteist\u00e4<\/p>\n","protected":false},"excerpt":{"rendered":"<p>Sen tieteellinen nimi on Asparagus virgatus. Asparagus-suku kuuluu Asparagaceae-heimoon ja sis\u00e4lt\u00e4\u00e4 lukuisia lajeja, jotka ovat kotoisin Euroopasta, Aasiasta ja Afrikasta. Niiden lehdet ovat monivuotisia, ry\u00f6mivi\u00e4 ja piikkisi\u00e4.<\/p>\n","protected":false},"featured_media":23590,"comment_status":"open","ping_status":"closed","template":"","meta":{"_monsterinsights_skip_tracking":false,"_monsterinsights_sitenote_active":false,"_monsterinsights_sitenote_note":"","_monsterinsights_sitenote_category":0},"product_brand":[],"product_cat":[483],"product_tag":[615],"class_list":{"0":"post-37178","1":"product","2":"type-product","3":"status-publish","4":"has-post-thumbnail","6":"product_cat-preserved-plants-flowers-fi","7":"product_tag-bulkplants-fi","8":"product_shipping_class-class-i-fi","10":"first","11":"instock","12":"taxable","13":"shipping-taxable","14":"purchasable","15":"product-type-simple"},"_links":{"self":[{"href":"https:\/\/phytowall.ee\/fi\/wp-json\/wp\/v2\/product\/37178","targetHints":{"allow":["GET"]}}],"collection":[{"href":"https:\/\/phytowall.ee\/fi\/wp-json\/wp\/v2\/product"}],"about":[{"href":"https:\/\/phytowall.ee\/fi\/wp-json\/wp\/v2\/types\/product"}],"replies":[{"embeddable":true,"href":"https:\/\/phytowall.ee\/fi\/wp-json\/wp\/v2\/comments?post=37178"}],"wp:featuredmedia":[{"embeddable":true,"href":"https:\/\/phytowall.ee\/fi\/wp-json\/wp\/v2\/media\/23590"}],"wp:attachment":[{"href":"https:\/\/phytowall.ee\/fi\/wp-json\/wp\/v2\/media?parent=37178"}],"wp:term":[{"taxonomy":"product_brand","embeddable":true,"href":"https:\/\/phytowall.ee\/fi\/wp-json\/wp\/v2\/product_brand?post=37178"},{"taxonomy":"product_cat","embeddable":true,"href":"https:\/\/phytowall.ee\/fi\/wp-json\/wp\/v2\/product_cat?post=37178"},{"taxonomy":"product_tag","embeddable":true,"href":"https:\/\/phytowall.ee\/fi\/wp-json\/wp\/v2\/product_tag?post=37178"}],"curies":[{"name":"wp","href":"https:\/\/api.w.org\/{rel}","templated":true}]}}