{"id":37181,"date":"2023-12-22T14:36:36","date_gmt":"2023-12-22T14:36:36","guid":{"rendered":"https:\/\/phytowall.ee\/product\/bear-grass-2\/"},"modified":"2024-02-28T09:42:54","modified_gmt":"2024-02-28T09:42:54","slug":"bear-grass","status":"publish","type":"product","link":"https:\/\/phytowall.ee\/fi\/tuote\/bear-grass\/","title":{"rendered":"Bear Grass"},"content":{"rendered":"<p>Sen tieteellinen nimi on Xerophyllum tenax, ja sit\u00e4 kutsutaan yleisesti &#8221;karhun ruohoksi&#8221;. Esteettisesti sen lehdet ovat vihreit\u00e4, pitki\u00e4, hienoja, taipuisia ja eritt\u00e4in ohuita.<\/p>\n<p>Yksinoikeudellinen sis\u00e4k\u00e4ytt\u00f6\u00f6n \/ \u00c4l\u00e4 kastele \/ \u00c4l\u00e4 altista suoralle auringonvalolle \/ Pid\u00e4 poissa l\u00e4mm\u00f6nl\u00e4hteist\u00e4<\/p>\n","protected":false},"excerpt":{"rendered":"<p>Sen tieteellinen nimi on Xerophyllum tenax, ja sit\u00e4 kutsutaan yleisesti &#8221;karhun ruohoksi&#8221;. Esteettisesti sen lehdet ovat vihreit\u00e4, pitki\u00e4, hienoja, taipuisia ja eritt\u00e4in ohuita.<\/p>\n","protected":false},"featured_media":23614,"comment_status":"open","ping_status":"closed","template":"","meta":{"_monsterinsights_skip_tracking":false,"_monsterinsights_sitenote_active":false,"_monsterinsights_sitenote_note":"","_monsterinsights_sitenote_category":0},"product_brand":[],"product_cat":[483],"product_tag":[615],"class_list":{"0":"post-37181","1":"product","2":"type-product","3":"status-publish","4":"has-post-thumbnail","6":"product_cat-preserved-plants-flowers-fi","7":"product_tag-bulkplants-fi","8":"product_shipping_class-class-i-fi","10":"first","11":"instock","12":"taxable","13":"shipping-taxable","14":"purchasable","15":"product-type-simple"},"_links":{"self":[{"href":"https:\/\/phytowall.ee\/fi\/wp-json\/wp\/v2\/product\/37181","targetHints":{"allow":["GET"]}}],"collection":[{"href":"https:\/\/phytowall.ee\/fi\/wp-json\/wp\/v2\/product"}],"about":[{"href":"https:\/\/phytowall.ee\/fi\/wp-json\/wp\/v2\/types\/product"}],"replies":[{"embeddable":true,"href":"https:\/\/phytowall.ee\/fi\/wp-json\/wp\/v2\/comments?post=37181"}],"wp:featuredmedia":[{"embeddable":true,"href":"https:\/\/phytowall.ee\/fi\/wp-json\/wp\/v2\/media\/23614"}],"wp:attachment":[{"href":"https:\/\/phytowall.ee\/fi\/wp-json\/wp\/v2\/media?parent=37181"}],"wp:term":[{"taxonomy":"product_brand","embeddable":true,"href":"https:\/\/phytowall.ee\/fi\/wp-json\/wp\/v2\/product_brand?post=37181"},{"taxonomy":"product_cat","embeddable":true,"href":"https:\/\/phytowall.ee\/fi\/wp-json\/wp\/v2\/product_cat?post=37181"},{"taxonomy":"product_tag","embeddable":true,"href":"https:\/\/phytowall.ee\/fi\/wp-json\/wp\/v2\/product_tag?post=37181"}],"curies":[{"name":"wp","href":"https:\/\/api.w.org\/{rel}","templated":true}]}}