{"id":37184,"date":"2023-12-22T14:36:38","date_gmt":"2023-12-22T14:36:38","guid":{"rendered":"https:\/\/phytowall.ee\/product\/preserved-cinerea\/"},"modified":"2024-02-28T09:41:58","modified_gmt":"2024-02-28T09:41:58","slug":"preserved-cinerea","status":"publish","type":"product","link":"https:\/\/phytowall.ee\/fi\/tuote\/preserved-cinerea\/","title":{"rendered":"Preserved Cinerea"},"content":{"rendered":"<p>S\u00e4il\u00f6tty (stabiloitu) Cinerea<\/p>\n<p>Eucalyptus cinerea eli Argyle omena on eukalyptuslaji, jolla on varsillisia, keih\u00e4\u00e4nmuotoisia, vihre\u00e4n-sinisi\u00e4 lehti\u00e4.<\/p>\n<p>Yksinoikeudellinen sis\u00e4k\u00e4ytt\u00f6\u00f6n \/ \u00c4l\u00e4 kastele \/ \u00c4l\u00e4 altista suoralle auringonvalolle \/ Pid\u00e4 poissa l\u00e4mm\u00f6nl\u00e4hteist\u00e4<\/p>\n<p><img loading=\"lazy\" decoding=\"async\" class=\"alignnone size-medium wp-image-8746\" src=\"https:\/\/phytowall.ee\/wp-content\/uploads\/2023\/11\/Eucalyptus-cinerea.jpg\" alt=\"\" width=\"300\" height=\"300\" \/> <img loading=\"lazy\" decoding=\"async\" class=\"alignnone size-medium wp-image-13656\" src=\"https:\/\/phytowall.ee\/wp-content\/uploads\/2023\/11\/Eucalyptuscinereainvase_F.jpg\" alt=\"\" width=\"300\" height=\"300\" \/> <img loading=\"lazy\" decoding=\"async\" class=\"alignnone size-medium wp-image-8742\" src=\"https:\/\/phytowall.ee\/wp-content\/uploads\/2023\/11\/Eucalyptus-cinerea-2.jpg\" alt=\"\" width=\"300\" height=\"300\" \/><\/p>\n","protected":false},"excerpt":{"rendered":"<p>S\u00e4il\u00f6tty (stabiloitu) Cinerea<\/p>\n","protected":false},"featured_media":23630,"comment_status":"open","ping_status":"closed","template":"","meta":{"_monsterinsights_skip_tracking":false,"_monsterinsights_sitenote_active":false,"_monsterinsights_sitenote_note":"","_monsterinsights_sitenote_category":0},"product_brand":[],"product_cat":[483],"product_tag":[615],"class_list":{"0":"post-37184","1":"product","2":"type-product","3":"status-publish","4":"has-post-thumbnail","6":"product_cat-preserved-plants-flowers-fi","7":"product_tag-bulkplants-fi","9":"first","10":"instock","11":"taxable","12":"shipping-taxable","13":"purchasable","14":"product-type-simple"},"_links":{"self":[{"href":"https:\/\/phytowall.ee\/fi\/wp-json\/wp\/v2\/product\/37184","targetHints":{"allow":["GET"]}}],"collection":[{"href":"https:\/\/phytowall.ee\/fi\/wp-json\/wp\/v2\/product"}],"about":[{"href":"https:\/\/phytowall.ee\/fi\/wp-json\/wp\/v2\/types\/product"}],"replies":[{"embeddable":true,"href":"https:\/\/phytowall.ee\/fi\/wp-json\/wp\/v2\/comments?post=37184"}],"wp:featuredmedia":[{"embeddable":true,"href":"https:\/\/phytowall.ee\/fi\/wp-json\/wp\/v2\/media\/23630"}],"wp:attachment":[{"href":"https:\/\/phytowall.ee\/fi\/wp-json\/wp\/v2\/media?parent=37184"}],"wp:term":[{"taxonomy":"product_brand","embeddable":true,"href":"https:\/\/phytowall.ee\/fi\/wp-json\/wp\/v2\/product_brand?post=37184"},{"taxonomy":"product_cat","embeddable":true,"href":"https:\/\/phytowall.ee\/fi\/wp-json\/wp\/v2\/product_cat?post=37184"},{"taxonomy":"product_tag","embeddable":true,"href":"https:\/\/phytowall.ee\/fi\/wp-json\/wp\/v2\/product_tag?post=37184"}],"curies":[{"name":"wp","href":"https:\/\/api.w.org\/{rel}","templated":true}]}}