{"id":37193,"date":"2023-12-22T14:36:45","date_gmt":"2023-12-22T14:36:45","guid":{"rendered":"https:\/\/phytowall.ee\/product\/parvifolia-2\/"},"modified":"2024-02-28T09:39:12","modified_gmt":"2024-02-28T09:39:12","slug":"parvifolia","status":"publish","type":"product","link":"https:\/\/phytowall.ee\/fi\/tuote\/parvifolia\/","title":{"rendered":"Parvifolia"},"content":{"rendered":"<p>T\u00e4m\u00e4n eukalyptuksen tieteellinen nimi on Eucalyptus parvula. Sen lehdet ovat monivuotisia ja niill\u00e4 on hyvin tunnusomainen ovaali muoto.<\/p>\n<p>Yksinoikeudellinen sis\u00e4k\u00e4ytt\u00f6\u00f6n \/ \u00c4l\u00e4 kastele \/ \u00c4l\u00e4 altista suoralle auringonvalolle \/ Pid\u00e4 poissa l\u00e4mm\u00f6nl\u00e4hteist\u00e4<\/p>\n","protected":false},"excerpt":{"rendered":"<p>T\u00e4m\u00e4n eukalyptuksen tieteellinen nimi on Eucalyptus parvula. Sen lehdet ovat monivuotisia ja niill\u00e4 on hyvin tunnusomainen ovaali muoto.<\/p>\n","protected":false},"featured_media":23682,"comment_status":"open","ping_status":"closed","template":"","meta":{"_monsterinsights_skip_tracking":false,"_monsterinsights_sitenote_active":false,"_monsterinsights_sitenote_note":"","_monsterinsights_sitenote_category":0},"product_brand":[],"product_cat":[483],"product_tag":[615],"class_list":{"0":"post-37193","1":"product","2":"type-product","3":"status-publish","4":"has-post-thumbnail","6":"product_cat-preserved-plants-flowers-fi","7":"product_tag-bulkplants-fi","9":"first","10":"instock","11":"taxable","12":"shipping-taxable","13":"purchasable","14":"product-type-simple"},"_links":{"self":[{"href":"https:\/\/phytowall.ee\/fi\/wp-json\/wp\/v2\/product\/37193","targetHints":{"allow":["GET"]}}],"collection":[{"href":"https:\/\/phytowall.ee\/fi\/wp-json\/wp\/v2\/product"}],"about":[{"href":"https:\/\/phytowall.ee\/fi\/wp-json\/wp\/v2\/types\/product"}],"replies":[{"embeddable":true,"href":"https:\/\/phytowall.ee\/fi\/wp-json\/wp\/v2\/comments?post=37193"}],"wp:featuredmedia":[{"embeddable":true,"href":"https:\/\/phytowall.ee\/fi\/wp-json\/wp\/v2\/media\/23682"}],"wp:attachment":[{"href":"https:\/\/phytowall.ee\/fi\/wp-json\/wp\/v2\/media?parent=37193"}],"wp:term":[{"taxonomy":"product_brand","embeddable":true,"href":"https:\/\/phytowall.ee\/fi\/wp-json\/wp\/v2\/product_brand?post=37193"},{"taxonomy":"product_cat","embeddable":true,"href":"https:\/\/phytowall.ee\/fi\/wp-json\/wp\/v2\/product_cat?post=37193"},{"taxonomy":"product_tag","embeddable":true,"href":"https:\/\/phytowall.ee\/fi\/wp-json\/wp\/v2\/product_tag?post=37193"}],"curies":[{"name":"wp","href":"https:\/\/api.w.org\/{rel}","templated":true}]}}