{"id":37217,"date":"2023-12-22T14:36:52","date_gmt":"2023-12-22T14:36:52","guid":{"rendered":"https:\/\/phytowall.ee\/product\/rice-flower-2\/"},"modified":"2024-02-28T09:35:46","modified_gmt":"2024-02-28T09:35:46","slug":"rice-flower","status":"publish","type":"product","link":"https:\/\/phytowall.ee\/fi\/tuote\/rice-flower\/","title":{"rendered":"Rice Flower"},"content":{"rendered":"<p>Ozothamnus diosmifolius tunnetaan &#8221;riisikukkana&#8221;, koska se n\u00e4ytt\u00e4\u00e4 sis\u00e4lt\u00e4v\u00e4n pieni\u00e4 riisinjyvi\u00e4. Se on helichrysumin tai ikuisten kasvien sisaruskasvi. Sen lehdet ovat lineaarisia ja vihreit\u00e4, ja jyv\u00e4t ovat eritt\u00e4in houkuttelevan v\u00e4risi\u00e4.<\/p>\n<p>Yksinoikeudellinen sis\u00e4k\u00e4ytt\u00f6\u00f6n \/ \u00c4l\u00e4 kastele \/ \u00c4l\u00e4 altista suoralle auringonvalolle \/ Pid\u00e4 poissa l\u00e4mm\u00f6nl\u00e4hteist\u00e4<\/p>\n","protected":false},"excerpt":{"rendered":"<p>Ozothamnus diosmifolius tunnetaan &#8221;riisikukkana&#8221;, koska se n\u00e4ytt\u00e4\u00e4 sis\u00e4lt\u00e4v\u00e4n pieni\u00e4 riisinjyvi\u00e4. Se on helichrysumin tai ikuisten kasvien sisaruskasvi. Sen lehdet ovat lineaarisia ja vihreit\u00e4, ja jyvill\u00e4 on eritt\u00e4in houkuttelevat v\u00e4rit.<\/p>\n","protected":false},"featured_media":61368,"comment_status":"open","ping_status":"closed","template":"","meta":{"_monsterinsights_skip_tracking":false,"_monsterinsights_sitenote_active":false,"_monsterinsights_sitenote_note":"","_monsterinsights_sitenote_category":0},"product_brand":[],"product_cat":[483],"product_tag":[615],"class_list":{"0":"post-37217","1":"product","2":"type-product","3":"status-publish","4":"has-post-thumbnail","6":"product_cat-preserved-plants-flowers-fi","7":"product_tag-bulkplants-fi","8":"product_shipping_class-class-i-fi","9":"pa_color-blue-fi","10":"pa_color-lilac-fi","11":"pa_color-orange-fi","12":"pa_color-pink-fi","13":"pa_color-red-fi","15":"first","16":"instock","17":"sale","18":"taxable","19":"shipping-taxable","20":"purchasable","21":"product-type-variable","22":"has-default-attributes"},"_links":{"self":[{"href":"https:\/\/phytowall.ee\/fi\/wp-json\/wp\/v2\/product\/37217","targetHints":{"allow":["GET"]}}],"collection":[{"href":"https:\/\/phytowall.ee\/fi\/wp-json\/wp\/v2\/product"}],"about":[{"href":"https:\/\/phytowall.ee\/fi\/wp-json\/wp\/v2\/types\/product"}],"replies":[{"embeddable":true,"href":"https:\/\/phytowall.ee\/fi\/wp-json\/wp\/v2\/comments?post=37217"}],"wp:featuredmedia":[{"embeddable":true,"href":"https:\/\/phytowall.ee\/fi\/wp-json\/wp\/v2\/media\/61368"}],"wp:attachment":[{"href":"https:\/\/phytowall.ee\/fi\/wp-json\/wp\/v2\/media?parent=37217"}],"wp:term":[{"taxonomy":"product_brand","embeddable":true,"href":"https:\/\/phytowall.ee\/fi\/wp-json\/wp\/v2\/product_brand?post=37217"},{"taxonomy":"product_cat","embeddable":true,"href":"https:\/\/phytowall.ee\/fi\/wp-json\/wp\/v2\/product_cat?post=37217"},{"taxonomy":"product_tag","embeddable":true,"href":"https:\/\/phytowall.ee\/fi\/wp-json\/wp\/v2\/product_tag?post=37217"}],"curies":[{"name":"wp","href":"https:\/\/api.w.org\/{rel}","templated":true}]}}