{"id":37255,"date":"2023-12-22T14:36:58","date_gmt":"2023-12-22T14:36:58","guid":{"rendered":"https:\/\/phytowall.ee\/product\/preserved-amaranthus\/"},"modified":"2024-02-28T09:34:14","modified_gmt":"2024-02-28T09:34:14","slug":"preserved-amaranthus","status":"publish","type":"product","link":"https:\/\/phytowall.ee\/fi\/tuote\/preserved-amaranthus\/","title":{"rendered":"Preserved Amaranthus"},"content":{"rendered":"<p>S\u00e4il\u00f6tty amarantti.<\/p>\n<p>Amarantti, tunnettu tieteellisell\u00e4 nimell\u00e4\u00e4n Amaranthus caudatus, on alun perin tropiikista ja lauhkeilta vy\u00f6hykkeilt\u00e4.<\/p>\n<p>Yksinoikeudellinen sis\u00e4k\u00e4ytt\u00f6\u00f6n \/ \u00c4l\u00e4 kastele \/ \u00c4l\u00e4 altista suoralle auringonvalolle \/ Pid\u00e4 poissa l\u00e4mm\u00f6nl\u00e4hteist\u00e4<\/p>\n<p><img loading=\"lazy\" decoding=\"async\" class=\"alignnone size-medium wp-image-8923\" src=\"https:\/\/phytowall.ee\/wp-content\/uploads\/2023\/11\/AMA4104-2-amaranthus.jpg\" alt=\"\" width=\"300\" height=\"294\" \/> <img loading=\"lazy\" decoding=\"async\" class=\"alignnone size-medium wp-image-8919\" src=\"https:\/\/phytowall.ee\/wp-content\/uploads\/2023\/11\/AMA4124-2-amaranthus.jpg\" alt=\"\" width=\"300\" height=\"294\" \/><\/p>\n","protected":false},"excerpt":{"rendered":"<p>S\u00e4il\u00f6tty amarantti.<\/p>\n<p>&nbsp;<\/p>\n","protected":false},"featured_media":61386,"comment_status":"open","ping_status":"closed","template":"","meta":{"_monsterinsights_skip_tracking":false,"_monsterinsights_sitenote_active":false,"_monsterinsights_sitenote_note":"","_monsterinsights_sitenote_category":0},"product_brand":[],"product_cat":[483],"product_tag":[615],"class_list":{"0":"post-37255","1":"product","2":"type-product","3":"status-publish","4":"has-post-thumbnail","6":"product_cat-preserved-plants-flowers-fi","7":"product_tag-bulkplants-fi","8":"pa_color-burgundy-fi","9":"pa_color-green-fi","10":"pa_color-lime-green-fi","11":"pa_color-white-fi","13":"first","14":"instock","15":"taxable","16":"shipping-taxable","17":"purchasable","18":"product-type-variable","19":"has-default-attributes"},"_links":{"self":[{"href":"https:\/\/phytowall.ee\/fi\/wp-json\/wp\/v2\/product\/37255","targetHints":{"allow":["GET"]}}],"collection":[{"href":"https:\/\/phytowall.ee\/fi\/wp-json\/wp\/v2\/product"}],"about":[{"href":"https:\/\/phytowall.ee\/fi\/wp-json\/wp\/v2\/types\/product"}],"replies":[{"embeddable":true,"href":"https:\/\/phytowall.ee\/fi\/wp-json\/wp\/v2\/comments?post=37255"}],"wp:featuredmedia":[{"embeddable":true,"href":"https:\/\/phytowall.ee\/fi\/wp-json\/wp\/v2\/media\/61386"}],"wp:attachment":[{"href":"https:\/\/phytowall.ee\/fi\/wp-json\/wp\/v2\/media?parent=37255"}],"wp:term":[{"taxonomy":"product_brand","embeddable":true,"href":"https:\/\/phytowall.ee\/fi\/wp-json\/wp\/v2\/product_brand?post=37255"},{"taxonomy":"product_cat","embeddable":true,"href":"https:\/\/phytowall.ee\/fi\/wp-json\/wp\/v2\/product_cat?post=37255"},{"taxonomy":"product_tag","embeddable":true,"href":"https:\/\/phytowall.ee\/fi\/wp-json\/wp\/v2\/product_tag?post=37255"}],"curies":[{"name":"wp","href":"https:\/\/api.w.org\/{rel}","templated":true}]}}