{"id":37434,"date":"2024-01-02T14:37:41","date_gmt":"2024-01-02T14:37:41","guid":{"rendered":"https:\/\/phytowall.ee\/product\/island-moss-flex-panel-50-x-50-cm\/"},"modified":"2025-07-13T18:58:46","modified_gmt":"2025-07-13T18:58:46","slug":"island-moss-flex-panel-50-x-50-cm","status":"publish","type":"product","link":"https:\/\/phytowall.ee\/fi\/tuote\/island-moss-flex-panel-50-x-50-cm\/","title":{"rendered":"Joustava poronj\u00e4k\u00e4l\u00e4 akustiikkapaneeli 50 x 50 cm"},"content":{"rendered":"<p data-start=\"0\" data-end=\"75\">Joustava poronj\u00e4k\u00e4l\u00e4 akustiikkapaneeli 50 x 50 cm saatavilla eri v\u00e4reiss\u00e4<\/p>\n<p data-start=\"77\" data-end=\"130\">Materiaalit: s\u00e4il\u00f6tty poronj\u00e4k\u00e4l\u00e4, joustava paneeli<\/p>\n<p data-start=\"132\" data-end=\"186\">100 % LUONNOLLINEN<br data-start=\"150\" data-end=\"153\" \/>0 % HUOLTOA<br data-start=\"164\" data-end=\"167\" \/>EI TARVITSE VETT\u00c4<\/p>\n<p data-start=\"188\" data-end=\"514\">Joustavat akustiikkapaneelit, jotka on valmistettu s\u00e4il\u00f6tyst\u00e4 poronj\u00e4k\u00e4l\u00e4st\u00e4, ovat tyylik\u00e4s ja ymp\u00e4rist\u00f6yst\u00e4v\u00e4llinen ratkaisu \u00e4\u00e4nieristykseen ja sisustukseen. Luonnollinen s\u00e4il\u00f6tty j\u00e4k\u00e4l\u00e4 imee tehokkaasti \u00e4\u00e4nt\u00e4, v\u00e4hent\u00e4\u00e4 kaikua ja parantaa tilan akustiikkaa samalla kun se tuo l\u00e4mp\u00f6\u00e4 ja ainutlaatuisen orgaanisen tekstuurin.<\/p>\n<p data-start=\"516\" data-end=\"840\">N\u00e4m\u00e4 paneelit on helppo asentaa seiniin ja kattoihin, ja ne mukautuvat erilaisiin muotoihin ja kaareviin pintoihin. Poronj\u00e4k\u00e4l\u00e4 on t\u00e4ysin huoltovapaa \u2014 se ei tarvitse kastelua ja s\u00e4ilytt\u00e4\u00e4 tuoreen, elinvoimaisen ulkon\u00e4k\u00f6ns\u00e4 monien vuosien ajan. Lis\u00e4ksi se auttaa s\u00e4\u00e4telem\u00e4\u00e4n kosteutta ja edist\u00e4\u00e4 miellytt\u00e4v\u00e4\u00e4 sis\u00e4ilmastoa.<\/p>\n<p data-start=\"842\" data-end=\"1041\">T\u00e4ydellinen toimistoihin, studioihin, ravintoloihin, asuintiloihin ja julkisiin tiloihin \u2014 n\u00e4m\u00e4 paneelit yhdist\u00e4v\u00e4t toiminnallisuuden, estetiikan ja kest\u00e4v\u00e4n l\u00e4hestymistavan moderniin sisustukseen.<\/p>\n<p data-start=\"1043\" data-end=\"1129\"><strong>Poronj\u00e4k\u00e4l\u00e4paneelia voidaan helposti leikata haluttuun kokoon tavallisilla saksilla.<\/strong><\/p>\n<p data-start=\"1131\" data-end=\"1222\" data-is-last-node=\"\" data-is-only-node=\"\"><strong>Vain sis\u00e4k\u00e4ytt\u00f6\u00f6n \/ \u00c4l\u00e4 kastele \/ \u00c4l\u00e4 altista auringonvalolle \/ Pid\u00e4 poissa l\u00e4mm\u00f6nl\u00e4hteist\u00e4<\/strong><\/p>\n","protected":false},"excerpt":{"rendered":"<p data-start=\"0\" data-end=\"75\">Joustava poronj\u00e4k\u00e4l\u00e4 akustiikkapaneeli 50 x 50 cm saatavilla eri v\u00e4reiss\u00e4<\/p>\n<p data-start=\"77\" data-end=\"130\">Materiaalit: s\u00e4il\u00f6tty poronj\u00e4k\u00e4l\u00e4, joustava paneeli<\/p>\n<p data-start=\"132\" data-end=\"186\">100 % LUONNOLLINEN<br data-start=\"150\" data-end=\"153\" \/>0 % HUOLTOA<br data-start=\"164\" data-end=\"167\" \/>EI TARVITSE VETT\u00c4<\/p>\n","protected":false},"featured_media":61443,"comment_status":"open","ping_status":"closed","template":"","meta":{"_monsterinsights_skip_tracking":false,"_monsterinsights_sitenote_active":false,"_monsterinsights_sitenote_note":"","_monsterinsights_sitenote_category":0},"product_brand":[],"product_cat":[471],"product_tag":[628,625],"class_list":{"0":"post-37434","1":"product","2":"type-product","3":"status-publish","4":"has-post-thumbnail","6":"product_cat-moss-panels-fi","7":"product_tag-small-fi","8":"product_tag-reindeer-fi","9":"product_shipping_class-class-ii-fi","10":"pa_moss-color-yellow-fi","11":"pa_moss-color-medium-green-fi","12":"pa_moss-color-spring-green-fi","13":"pa_moss-color-lavender-blue-fi","14":"pa_moss-color-natural-fi","15":"pa_moss-color-black-fi","16":"pa_moss-color-olive-fi","17":"pa_moss-color-orange-fi","18":"pa_moss-color-red-fi","19":"pa_moss-color-blue-fi","20":"pa_moss-color-green-fi","21":"pa_moss-color-green-grass-fi","22":"pa_moss-color-green-grass-light-fi","24":"first","25":"instock","26":"taxable","27":"shipping-taxable","28":"purchasable","29":"product-type-variable"},"_links":{"self":[{"href":"https:\/\/phytowall.ee\/fi\/wp-json\/wp\/v2\/product\/37434","targetHints":{"allow":["GET"]}}],"collection":[{"href":"https:\/\/phytowall.ee\/fi\/wp-json\/wp\/v2\/product"}],"about":[{"href":"https:\/\/phytowall.ee\/fi\/wp-json\/wp\/v2\/types\/product"}],"replies":[{"embeddable":true,"href":"https:\/\/phytowall.ee\/fi\/wp-json\/wp\/v2\/comments?post=37434"}],"wp:featuredmedia":[{"embeddable":true,"href":"https:\/\/phytowall.ee\/fi\/wp-json\/wp\/v2\/media\/61443"}],"wp:attachment":[{"href":"https:\/\/phytowall.ee\/fi\/wp-json\/wp\/v2\/media?parent=37434"}],"wp:term":[{"taxonomy":"product_brand","embeddable":true,"href":"https:\/\/phytowall.ee\/fi\/wp-json\/wp\/v2\/product_brand?post=37434"},{"taxonomy":"product_cat","embeddable":true,"href":"https:\/\/phytowall.ee\/fi\/wp-json\/wp\/v2\/product_cat?post=37434"},{"taxonomy":"product_tag","embeddable":true,"href":"https:\/\/phytowall.ee\/fi\/wp-json\/wp\/v2\/product_tag?post=37434"}],"curies":[{"name":"wp","href":"https:\/\/api.w.org\/{rel}","templated":true}]}}