{"id":37657,"date":"2025-06-14T14:38:06","date_gmt":"2025-06-14T14:38:06","guid":{"rendered":"https:\/\/phytowall.ee\/product\/framed-hexagon-2\/"},"modified":"2024-02-28T09:05:29","modified_gmt":"2024-02-28T09:05:29","slug":"framed-hexagon","status":"publish","type":"product","link":"https:\/\/phytowall.ee\/fi\/tuote\/framed-hexagon\/","title":{"rendered":"Framed Hexagon 80 cm"},"content":{"rendered":"","protected":false},"excerpt":{"rendered":"<p>Hirsimarjan kantasammal 800 mm.<\/p>\n<ul>\n<li>100% LUONNOLLINEN<\/li>\n<li>0% HOITO<\/li>\n<li>EI TARVITSE VETT\u00c4<\/li>\n<\/ul>\n<p>Materiaalit: Kantasammal<\/p>\n<p>&nbsp;<\/p>\n<p>Arvioitu toimitusaika: 1-3 viikkoa.<\/p>\n<p>&nbsp;<\/p>\n<p>Yksinoikeudellinen sis\u00e4k\u00e4ytt\u00f6\u00f6n \/ \u00c4l\u00e4 kastele \/ \u00c4l\u00e4 altista suoralle auringonvalolle \/ Pid\u00e4 poissa l\u00e4mm\u00f6nl\u00e4hteist\u00e4<\/p>\n<p>&nbsp;<\/p>\n<p>*V\u00e4ri ja yhdistelm\u00e4 voivat poiketa hieman alkuper\u00e4isest\u00e4 kuvasta.<\/p>\n","protected":false},"featured_media":61503,"comment_status":"open","ping_status":"closed","template":"","meta":{"_monsterinsights_skip_tracking":false,"_monsterinsights_sitenote_active":false,"_monsterinsights_sitenote_note":"","_monsterinsights_sitenote_category":0},"product_brand":[],"product_cat":[492],"product_tag":[628,625],"class_list":{"0":"post-37657","1":"product","2":"type-product","3":"status-publish","4":"has-post-thumbnail","6":"product_cat-small-moss-art-fi","7":"product_tag-small-fi","8":"product_tag-reindeer-fi","9":"product_shipping_class-class-ii-fi","10":"pa_color-black-fi","11":"pa_color-dark-blue-fi","12":"pa_color-green-fi","13":"pa_color-green-grass-fi","14":"pa_color-green-grass-light-fi","15":"pa_color-light-blue-fi","16":"pa_color-medium-green-fi","17":"pa_color-natural-fi","18":"pa_color-olive-fi","19":"pa_color-orange-fi","20":"pa_color-red-fi","21":"pa_color-spring-green-fi","22":"pa_color-yellow-fi","24":"first","25":"instock","26":"taxable","27":"shipping-taxable","28":"purchasable","29":"product-type-variable"},"_links":{"self":[{"href":"https:\/\/phytowall.ee\/fi\/wp-json\/wp\/v2\/product\/37657","targetHints":{"allow":["GET"]}}],"collection":[{"href":"https:\/\/phytowall.ee\/fi\/wp-json\/wp\/v2\/product"}],"about":[{"href":"https:\/\/phytowall.ee\/fi\/wp-json\/wp\/v2\/types\/product"}],"replies":[{"embeddable":true,"href":"https:\/\/phytowall.ee\/fi\/wp-json\/wp\/v2\/comments?post=37657"}],"wp:featuredmedia":[{"embeddable":true,"href":"https:\/\/phytowall.ee\/fi\/wp-json\/wp\/v2\/media\/61503"}],"wp:attachment":[{"href":"https:\/\/phytowall.ee\/fi\/wp-json\/wp\/v2\/media?parent=37657"}],"wp:term":[{"taxonomy":"product_brand","embeddable":true,"href":"https:\/\/phytowall.ee\/fi\/wp-json\/wp\/v2\/product_brand?post=37657"},{"taxonomy":"product_cat","embeddable":true,"href":"https:\/\/phytowall.ee\/fi\/wp-json\/wp\/v2\/product_cat?post=37657"},{"taxonomy":"product_tag","embeddable":true,"href":"https:\/\/phytowall.ee\/fi\/wp-json\/wp\/v2\/product_tag?post=37657"}],"curies":[{"name":"wp","href":"https:\/\/api.w.org\/{rel}","templated":true}]}}