{"id":37856,"date":"2024-08-22T14:38:24","date_gmt":"2024-08-22T14:38:24","guid":{"rendered":"https:\/\/phytowall.ee\/product\/bun-moss-greenhill-panel\/"},"modified":"2024-04-30T07:30:35","modified_gmt":"2024-04-30T07:30:35","slug":"bun-moss-greenhill-panel","status":"publish","type":"product","link":"https:\/\/phytowall.ee\/fi\/tuote\/bun-moss-greenhill-panel\/","title":{"rendered":"Bun moss Greenhill panel"},"content":{"rendered":"<p>Kehystetty Greenhill bun sammalkuva (pallomossi).<\/p>\n<ul>\n<li>100% LUONNOLLINEN<\/li>\n<li>0% HUOLTO<\/li>\n<li>EI TARVITSE VETT\u00c4<\/li>\n<\/ul>\n<p>Materiaalit: s\u00e4il\u00f6tty bun sammal, alumiinirunko.<\/p>\n<p>&nbsp;<\/p>\n<p>Arvioitu toimitusaika: 2-5 viikkoa.<\/p>\n<p>&nbsp;<\/p>\n<p>Yksinomainen sis\u00e4k\u00e4ytt\u00f6 \/ \u00c4l\u00e4 kastele \/ \u00c4l\u00e4 altista auringonvalolle \/ Pid\u00e4 kaukana l\u00e4mm\u00f6nl\u00e4hteist\u00e4<\/p>\n<p>&nbsp;<\/p>\n<p>*V\u00e4ri ja yhdistelm\u00e4 voivat poiketa hieman alkuper\u00e4isest\u00e4 kuvasta.<\/p>\n<p><img loading=\"lazy\" decoding=\"async\" class=\"alignnone size-medium wp-image-15874\" src=\"https:\/\/phytowall.ee\/wp-content\/uploads\/2023\/11\/greenhill111.jpg\" alt=\"\" width=\"300\" height=\"300\" \/><\/p>\n<p>&nbsp;<\/p>\n","protected":false},"excerpt":{"rendered":"<p>Kehystetty Greenhill bun sammalkuva (pallomossi).<\/p>\n<ul>\n<li>100% LUONNOLLINEN<\/li>\n<li>0% HUOLTO<\/li>\n<li>EI TARVITSE VETT\u00c4<\/li>\n<\/ul>\n","protected":false},"featured_media":61515,"comment_status":"open","ping_status":"closed","template":"","meta":{"_monsterinsights_skip_tracking":false,"_monsterinsights_sitenote_active":false,"_monsterinsights_sitenote_note":"","_monsterinsights_sitenote_category":0},"product_brand":[],"product_cat":[471,498],"product_tag":[620,558],"class_list":{"0":"post-37856","1":"product","2":"type-product","3":"status-publish","4":"has-post-thumbnail","6":"product_cat-moss-panels-fi","7":"product_cat-wall-moss-art-fi","8":"product_tag-greenhill-fi","9":"product_tag-big-fi","10":"product_shipping_class-class-iii-fi","11":"pa_size-1600-x-600-mm-fi","12":"pa_size-1800-x-600-mm-fi","13":"pa_size-2000-x-700-mm-fi","14":"pa_size-2250-x-800-mm-fi","16":"first","17":"instock","18":"taxable","19":"shipping-taxable","20":"purchasable","21":"product-type-variable","22":"has-default-attributes"},"_links":{"self":[{"href":"https:\/\/phytowall.ee\/fi\/wp-json\/wp\/v2\/product\/37856","targetHints":{"allow":["GET"]}}],"collection":[{"href":"https:\/\/phytowall.ee\/fi\/wp-json\/wp\/v2\/product"}],"about":[{"href":"https:\/\/phytowall.ee\/fi\/wp-json\/wp\/v2\/types\/product"}],"replies":[{"embeddable":true,"href":"https:\/\/phytowall.ee\/fi\/wp-json\/wp\/v2\/comments?post=37856"}],"wp:featuredmedia":[{"embeddable":true,"href":"https:\/\/phytowall.ee\/fi\/wp-json\/wp\/v2\/media\/61515"}],"wp:attachment":[{"href":"https:\/\/phytowall.ee\/fi\/wp-json\/wp\/v2\/media?parent=37856"}],"wp:term":[{"taxonomy":"product_brand","embeddable":true,"href":"https:\/\/phytowall.ee\/fi\/wp-json\/wp\/v2\/product_brand?post=37856"},{"taxonomy":"product_cat","embeddable":true,"href":"https:\/\/phytowall.ee\/fi\/wp-json\/wp\/v2\/product_cat?post=37856"},{"taxonomy":"product_tag","embeddable":true,"href":"https:\/\/phytowall.ee\/fi\/wp-json\/wp\/v2\/product_tag?post=37856"}],"curies":[{"name":"wp","href":"https:\/\/api.w.org\/{rel}","templated":true}]}}