{"id":37902,"date":"2025-06-08T14:38:28","date_gmt":"2025-06-08T14:38:28","guid":{"rendered":"https:\/\/phytowall.ee\/product\/table-moss-picture-6-32-x-23-cm\/"},"modified":"2024-02-28T08:57:32","modified_gmt":"2024-02-28T08:57:32","slug":"table-moss-picture-6-32-x-23-cm","status":"publish","type":"product","link":"https:\/\/phytowall.ee\/fi\/tuote\/table-moss-picture-6-32-x-23-cm\/","title":{"rendered":"Table Moss picture 6 32 x 23 cm"},"content":{"rendered":"<p>Kehystetty sammalkuva 32 x 23 cm.<\/p>\n<ul>\n<li>100% LUONNOLLINEN<\/li>\n<li>0% HUOLTO<\/li>\n<li>EI TARVITSE VETT\u00c4<\/li>\n<\/ul>\n<p><img loading=\"lazy\" decoding=\"async\" class=\"alignnone size-medium wp-image-11955\" src=\"https:\/\/phytowall.ee\/wp-content\/uploads\/2023\/11\/small3.jpg\" alt=\"\" width=\"300\" height=\"300\" \/><\/p>\n","protected":false},"excerpt":{"rendered":"<p>Kehystetty sammalkuva 32 x 23 cm.<\/p>\n<ul>\n<li>100% LUONNOLLINEN<\/li>\n<li>0% HUOLTO<\/li>\n<li>EI TARVITSE VETT\u00c4<\/li>\n<\/ul>\n<p>Materiaalit: s\u00e4il\u00f6tty sammal, puukehys.<\/p>\n<p>&nbsp;<\/p>\n<p>Arvioitu toimitusaika: 1-2 viikkoa.<\/p>\n<p>&nbsp;<\/p>\n<p>Yksinomainen sis\u00e4k\u00e4ytt\u00f6 \/ \u00c4l\u00e4 kastele \/ \u00c4l\u00e4 altista auringonvalolle \/ Pid\u00e4 kaukana l\u00e4mm\u00f6nl\u00e4hteist\u00e4<\/p>\n<p>&nbsp;<\/p>\n<p>*V\u00e4ri ja yhdistelm\u00e4 voivat poiketa hieman alkuper\u00e4isest\u00e4 kuvasta.<\/p>\n","protected":false},"featured_media":61530,"comment_status":"open","ping_status":"closed","template":"","meta":{"_monsterinsights_skip_tracking":false,"_monsterinsights_sitenote_active":false,"_monsterinsights_sitenote_note":"","_monsterinsights_sitenote_category":0},"product_brand":[],"product_cat":[492],"product_tag":[628,622],"class_list":{"0":"post-37902","1":"product","2":"type-product","3":"status-publish","4":"has-post-thumbnail","6":"product_cat-small-moss-art-fi","7":"product_tag-small-fi","8":"product_tag-mixedmoss-fi","10":"first","11":"instock","12":"taxable","13":"shipping-taxable","14":"purchasable","15":"product-type-variable","16":"has-default-attributes"},"_links":{"self":[{"href":"https:\/\/phytowall.ee\/fi\/wp-json\/wp\/v2\/product\/37902","targetHints":{"allow":["GET"]}}],"collection":[{"href":"https:\/\/phytowall.ee\/fi\/wp-json\/wp\/v2\/product"}],"about":[{"href":"https:\/\/phytowall.ee\/fi\/wp-json\/wp\/v2\/types\/product"}],"replies":[{"embeddable":true,"href":"https:\/\/phytowall.ee\/fi\/wp-json\/wp\/v2\/comments?post=37902"}],"wp:featuredmedia":[{"embeddable":true,"href":"https:\/\/phytowall.ee\/fi\/wp-json\/wp\/v2\/media\/61530"}],"wp:attachment":[{"href":"https:\/\/phytowall.ee\/fi\/wp-json\/wp\/v2\/media?parent=37902"}],"wp:term":[{"taxonomy":"product_brand","embeddable":true,"href":"https:\/\/phytowall.ee\/fi\/wp-json\/wp\/v2\/product_brand?post=37902"},{"taxonomy":"product_cat","embeddable":true,"href":"https:\/\/phytowall.ee\/fi\/wp-json\/wp\/v2\/product_cat?post=37902"},{"taxonomy":"product_tag","embeddable":true,"href":"https:\/\/phytowall.ee\/fi\/wp-json\/wp\/v2\/product_tag?post=37902"}],"curies":[{"name":"wp","href":"https:\/\/api.w.org\/{rel}","templated":true}]}}