{"id":39945,"date":"2023-12-22T14:46:46","date_gmt":"2023-12-22T14:46:46","guid":{"rendered":"https:\/\/phytowall.ee\/product\/natural-1-335-x-50-cm-2\/"},"modified":"2024-02-28T08:56:24","modified_gmt":"2024-02-28T08:56:24","slug":"natural-1-335-x-50-cm","status":"publish","type":"product","link":"https:\/\/phytowall.ee\/fi\/tuote\/natural-1-335-x-50-cm\/","title":{"rendered":"Natural 1 33,5 x 50 cm"},"content":{"rendered":"","protected":false},"excerpt":{"rendered":"<p>Rammed sammalkuva 335 x 500 mm.<\/p>\n<ul>\n<li>100% LUONNOLLINEN<\/li>\n<li>0% HUOLTO<\/li>\n<li>EI TARVITSE VETT\u00c4<\/li>\n<\/ul>\n<p>Materiaalit: s\u00e4il\u00f6tty sammal, alumiinirunko.<\/p>\n<p>&nbsp;<\/p>\n<p>Yksinomainen sis\u00e4k\u00e4ytt\u00f6 \/ \u00c4l\u00e4 kastele \/ \u00c4l\u00e4 altista auringonvalolle \/ Pid\u00e4 kaukana l\u00e4mm\u00f6nl\u00e4hteist\u00e4<\/p>\n<p>&nbsp;<\/p>\n<p>Arvioitu toimitusaika: 1-3 viikkoa.<\/p>\n<p>&nbsp;<\/p>\n<p>*V\u00e4ri ja yhdistelm\u00e4 voivat poiketa hieman alkuper\u00e4isest\u00e4 kuvasta.<\/p>\n","protected":false},"featured_media":61557,"comment_status":"open","ping_status":"closed","template":"","meta":{"_monsterinsights_skip_tracking":false,"_monsterinsights_sitenote_active":false,"_monsterinsights_sitenote_note":"","_monsterinsights_sitenote_category":0},"product_brand":[],"product_cat":[492],"product_tag":[628,622],"class_list":{"0":"post-39945","1":"product","2":"type-product","3":"status-publish","4":"has-post-thumbnail","6":"product_cat-small-moss-art-fi","7":"product_tag-small-fi","8":"product_tag-mixedmoss-fi","10":"first","11":"instock","12":"taxable","13":"shipping-taxable","14":"purchasable","15":"product-type-variable","16":"has-default-attributes"},"_links":{"self":[{"href":"https:\/\/phytowall.ee\/fi\/wp-json\/wp\/v2\/product\/39945","targetHints":{"allow":["GET"]}}],"collection":[{"href":"https:\/\/phytowall.ee\/fi\/wp-json\/wp\/v2\/product"}],"about":[{"href":"https:\/\/phytowall.ee\/fi\/wp-json\/wp\/v2\/types\/product"}],"replies":[{"embeddable":true,"href":"https:\/\/phytowall.ee\/fi\/wp-json\/wp\/v2\/comments?post=39945"}],"wp:featuredmedia":[{"embeddable":true,"href":"https:\/\/phytowall.ee\/fi\/wp-json\/wp\/v2\/media\/61557"}],"wp:attachment":[{"href":"https:\/\/phytowall.ee\/fi\/wp-json\/wp\/v2\/media?parent=39945"}],"wp:term":[{"taxonomy":"product_brand","embeddable":true,"href":"https:\/\/phytowall.ee\/fi\/wp-json\/wp\/v2\/product_brand?post=39945"},{"taxonomy":"product_cat","embeddable":true,"href":"https:\/\/phytowall.ee\/fi\/wp-json\/wp\/v2\/product_cat?post=39945"},{"taxonomy":"product_tag","embeddable":true,"href":"https:\/\/phytowall.ee\/fi\/wp-json\/wp\/v2\/product_tag?post=39945"}],"curies":[{"name":"wp","href":"https:\/\/api.w.org\/{rel}","templated":true}]}}