{"id":40081,"date":"2023-12-22T14:47:09","date_gmt":"2023-12-22T14:47:09","guid":{"rendered":"https:\/\/phytowall.ee\/product\/hydrangea-green-2\/"},"modified":"2024-02-28T08:44:59","modified_gmt":"2024-02-28T08:44:59","slug":"hydrangea-green","status":"publish","type":"product","link":"https:\/\/phytowall.ee\/fi\/tuote\/hydrangea-green\/","title":{"rendered":"Hydrangea Green"},"content":{"rendered":"","protected":false},"excerpt":{"rendered":"<p><strong>S\u00e4il\u00f6tty hortensia populus-lehdill\u00e4.<\/strong><\/p>\n<p>N\u00e4ill\u00e4 kukilla on historiaa. Hortensiasukuun kuuluu 70\u201375 koristekasvilajia. Ne ovat kotoisin Etel\u00e4- ja It\u00e4-Aasiasta ja niit\u00e4 on viljelty jo pitk\u00e4\u00e4n koristekasveina Japanissa. 1800-luvun puoliv\u00e4list\u00e4 alkaen niit\u00e4 on tuotu muihin maailman osiin.<\/p>\n<p>Yksinomainen sis\u00e4k\u00e4ytt\u00f6\u00f6n \/ \u00c4l\u00e4 kastele \/ \u00c4l\u00e4 altista suoralle auringonvalolle \/ Pid\u00e4 poissa l\u00e4mm\u00f6nl\u00e4hteist\u00e4.<\/p>\n","protected":false},"featured_media":26738,"comment_status":"open","ping_status":"closed","template":"","meta":{"_monsterinsights_skip_tracking":false,"_monsterinsights_sitenote_active":false,"_monsterinsights_sitenote_note":"","_monsterinsights_sitenote_category":0},"product_brand":[],"product_cat":[465],"product_tag":[618],"class_list":{"0":"post-40081","1":"product","2":"type-product","3":"status-publish","4":"has-post-thumbnail","6":"product_cat-flowers-art-fi","7":"product_tag-flowers-fi","9":"first","10":"instock","11":"taxable","12":"shipping-taxable","13":"purchasable","14":"product-type-variable","15":"has-default-attributes"},"_links":{"self":[{"href":"https:\/\/phytowall.ee\/fi\/wp-json\/wp\/v2\/product\/40081","targetHints":{"allow":["GET"]}}],"collection":[{"href":"https:\/\/phytowall.ee\/fi\/wp-json\/wp\/v2\/product"}],"about":[{"href":"https:\/\/phytowall.ee\/fi\/wp-json\/wp\/v2\/types\/product"}],"replies":[{"embeddable":true,"href":"https:\/\/phytowall.ee\/fi\/wp-json\/wp\/v2\/comments?post=40081"}],"wp:featuredmedia":[{"embeddable":true,"href":"https:\/\/phytowall.ee\/fi\/wp-json\/wp\/v2\/media\/26738"}],"wp:attachment":[{"href":"https:\/\/phytowall.ee\/fi\/wp-json\/wp\/v2\/media?parent=40081"}],"wp:term":[{"taxonomy":"product_brand","embeddable":true,"href":"https:\/\/phytowall.ee\/fi\/wp-json\/wp\/v2\/product_brand?post=40081"},{"taxonomy":"product_cat","embeddable":true,"href":"https:\/\/phytowall.ee\/fi\/wp-json\/wp\/v2\/product_cat?post=40081"},{"taxonomy":"product_tag","embeddable":true,"href":"https:\/\/phytowall.ee\/fi\/wp-json\/wp\/v2\/product_tag?post=40081"}],"curies":[{"name":"wp","href":"https:\/\/api.w.org\/{rel}","templated":true}]}}