{"id":40318,"date":"2023-12-22T14:47:38","date_gmt":"2023-12-22T14:47:38","guid":{"rendered":"https:\/\/phytowall.ee\/product\/bosque-x-large\/"},"modified":"2024-02-28T08:30:55","modified_gmt":"2024-02-28T08:30:55","slug":"bosque-x-large","status":"publish","type":"product","link":"https:\/\/phytowall.ee\/fi\/tuote\/bosque-x-large\/","title":{"rendered":"Bosque X-Large"},"content":{"rendered":"<p><strong>Kehystetty sammalsein\u00e4kuva 2200 x 1150 mm.<\/strong><\/p>\n<ul>\n<li>100% luonnollinen<\/li>\n<li>0% hoitoa tarvitaan<\/li>\n<li>Ei tarvitse kastella<\/li>\n<\/ul>\n<p>Materiaalit: s\u00e4il\u00f6tty sammal, alumiinikehys.<\/p>\n<p>Arvioitu toimitusaika: 3-5 viikkoa.<\/p>\n<p>Yksinomainen sis\u00e4k\u00e4ytt\u00f6 \/ \u00c4l\u00e4 kastele \/ \u00c4l\u00e4 altista auringonvalolle \/ Pid\u00e4 poissa l\u00e4mm\u00f6nl\u00e4hteist\u00e4<\/p>\n<p>*V\u00e4ri ja yhdistelm\u00e4 voivat poiketa hieman alkuper\u00e4isest\u00e4 kuvasta.<\/p>\n<p><img loading=\"lazy\" decoding=\"async\" class=\"alignnone size-medium wp-image-12876\" src=\"https:\/\/phytowall.ee\/wp-content\/uploads\/2023\/11\/2442.jpg\" alt=\"\" width=\"300\" height=\"300\" \/> <img loading=\"lazy\" decoding=\"async\" class=\"alignnone size-medium wp-image-12872\" src=\"https:\/\/phytowall.ee\/wp-content\/uploads\/2023\/11\/343.jpg\" alt=\"\" width=\"300\" height=\"300\" \/><\/p>\n","protected":false},"excerpt":{"rendered":"<p>Kehystetty sammalkuva 2200 x 1150 mm.<\/p>\n<ul>\n<li>100% luonnollinen<\/li>\n<li>0% hoitoa tarvitaan<\/li>\n<li>Ei tarvitse kastella<\/li>\n<\/ul>\n","protected":false},"featured_media":61644,"comment_status":"open","ping_status":"closed","template":"","meta":{"_monsterinsights_skip_tracking":false,"_monsterinsights_sitenote_active":false,"_monsterinsights_sitenote_note":"","_monsterinsights_sitenote_category":0},"product_brand":[],"product_cat":[506,661,498],"product_tag":[591,558,622],"class_list":{"0":"post-40318","1":"product","2":"type-product","3":"status-publish","4":"has-post-thumbnail","6":"product_cat-products-in-sale-fi","7":"product_cat-office-solutions-fi","8":"product_cat-wall-moss-art-fi","9":"product_tag-bestseller-fi","10":"product_tag-big-fi","11":"product_tag-mixedmoss-fi","12":"product_shipping_class-class-iii-fi","13":"pa_size-1600-x-800-mm-fi","14":"pa_size-1800-x-900-mm-fi","15":"pa_size-2200-x-1150-mm-fi","16":"pa_size-2400-x-1200-mm-fi","18":"first","19":"instock","20":"sale","21":"taxable","22":"shipping-taxable","23":"purchasable","24":"product-type-variable","25":"has-default-attributes"},"_links":{"self":[{"href":"https:\/\/phytowall.ee\/fi\/wp-json\/wp\/v2\/product\/40318","targetHints":{"allow":["GET"]}}],"collection":[{"href":"https:\/\/phytowall.ee\/fi\/wp-json\/wp\/v2\/product"}],"about":[{"href":"https:\/\/phytowall.ee\/fi\/wp-json\/wp\/v2\/types\/product"}],"replies":[{"embeddable":true,"href":"https:\/\/phytowall.ee\/fi\/wp-json\/wp\/v2\/comments?post=40318"}],"wp:featuredmedia":[{"embeddable":true,"href":"https:\/\/phytowall.ee\/fi\/wp-json\/wp\/v2\/media\/61644"}],"wp:attachment":[{"href":"https:\/\/phytowall.ee\/fi\/wp-json\/wp\/v2\/media?parent=40318"}],"wp:term":[{"taxonomy":"product_brand","embeddable":true,"href":"https:\/\/phytowall.ee\/fi\/wp-json\/wp\/v2\/product_brand?post=40318"},{"taxonomy":"product_cat","embeddable":true,"href":"https:\/\/phytowall.ee\/fi\/wp-json\/wp\/v2\/product_cat?post=40318"},{"taxonomy":"product_tag","embeddable":true,"href":"https:\/\/phytowall.ee\/fi\/wp-json\/wp\/v2\/product_tag?post=40318"}],"curies":[{"name":"wp","href":"https:\/\/api.w.org\/{rel}","templated":true}]}}