{"id":40427,"date":"2025-07-04T14:47:52","date_gmt":"2025-07-04T14:47:52","guid":{"rendered":"https:\/\/phytowall.ee\/product\/flat-moss-05-kg-2\/"},"modified":"2024-02-28T08:24:28","modified_gmt":"2024-02-28T08:24:28","slug":"flat-moss-05-kg","status":"publish","type":"product","link":"https:\/\/phytowall.ee\/fi\/tuote\/flat-moss-05-kg\/","title":{"rendered":"Flat Moss 0,5 kg"},"content":{"rendered":"<p><img loading=\"lazy\" decoding=\"async\" class=\"alignnone size-medium wp-image-13142\" src=\"https:\/\/phytowall.ee\/wp-content\/uploads\/2021\/03\/MOU3100-4-musgo-plano.jpg\" alt=\"\" width=\"300\" height=\"164\" \/><br \/>\n<img loading=\"lazy\" decoding=\"async\" class=\"alignnone size-medium wp-image-13135\" src=\"https:\/\/phytowall.ee\/wp-content\/uploads\/2023\/11\/MOU3100-01-musgo-plano.jpg\" alt=\"\" width=\"300\" height=\"294\" \/><\/p>\n<p>Flat moss on Bryophyta sp. laji. Se on ei-siemenkasvi, jolla on eritt\u00e4in voimakas vihre\u00e4 v\u00e4ri eik\u00e4 varretta tai lehti\u00e4.<\/p>\n","protected":false},"excerpt":{"rendered":"<p>Flat moss on Bryophyta sp. laji. Se on ei-siemenkasvi, jolla on eritt\u00e4in voimakas vihre\u00e4 v\u00e4ri eik\u00e4 varretta tai lehti\u00e4.<\/p>\n","protected":false},"featured_media":23974,"comment_status":"open","ping_status":"closed","template":"","meta":{"_monsterinsights_skip_tracking":false,"_monsterinsights_sitenote_active":false,"_monsterinsights_sitenote_note":"","_monsterinsights_sitenote_category":0},"product_brand":[],"product_cat":[480],"product_tag":[614],"class_list":{"0":"post-40427","1":"product","2":"type-product","3":"status-publish","4":"has-post-thumbnail","6":"product_cat-preserved-moss-fi","7":"product_tag-bulkmoss-fi","8":"product_shipping_class-class-i-fi","10":"first","11":"instock","12":"taxable","13":"shipping-taxable","14":"purchasable","15":"product-type-simple"},"_links":{"self":[{"href":"https:\/\/phytowall.ee\/fi\/wp-json\/wp\/v2\/product\/40427","targetHints":{"allow":["GET"]}}],"collection":[{"href":"https:\/\/phytowall.ee\/fi\/wp-json\/wp\/v2\/product"}],"about":[{"href":"https:\/\/phytowall.ee\/fi\/wp-json\/wp\/v2\/types\/product"}],"replies":[{"embeddable":true,"href":"https:\/\/phytowall.ee\/fi\/wp-json\/wp\/v2\/comments?post=40427"}],"wp:featuredmedia":[{"embeddable":true,"href":"https:\/\/phytowall.ee\/fi\/wp-json\/wp\/v2\/media\/23974"}],"wp:attachment":[{"href":"https:\/\/phytowall.ee\/fi\/wp-json\/wp\/v2\/media?parent=40427"}],"wp:term":[{"taxonomy":"product_brand","embeddable":true,"href":"https:\/\/phytowall.ee\/fi\/wp-json\/wp\/v2\/product_brand?post=40427"},{"taxonomy":"product_cat","embeddable":true,"href":"https:\/\/phytowall.ee\/fi\/wp-json\/wp\/v2\/product_cat?post=40427"},{"taxonomy":"product_tag","embeddable":true,"href":"https:\/\/phytowall.ee\/fi\/wp-json\/wp\/v2\/product_tag?post=40427"}],"curies":[{"name":"wp","href":"https:\/\/api.w.org\/{rel}","templated":true}]}}