{"id":41034,"date":"2023-12-22T14:49:18","date_gmt":"2023-12-22T14:49:18","guid":{"rendered":"https:\/\/phytowall.ee\/product\/plants-80-x-20-cm-2\/"},"modified":"2024-02-28T08:21:32","modified_gmt":"2024-02-28T08:21:32","slug":"plants-80-x-20-cm","status":"publish","type":"product","link":"https:\/\/phytowall.ee\/fi\/tuote\/plants-80-x-20-cm\/","title":{"rendered":"Plants 80 x 20 cm"},"content":{"rendered":"","protected":false},"excerpt":{"rendered":"<p>Materiaali: S\u00e4il\u00f6tty sammal ja kasvit, puinen ruukku<\/p>\n<p>Koko: 80 x 20 x 9 cm (ruukun koko)<\/p>\n<p><strong>Saatavilla eri kokoja. L\u00e4het\u00e4 hintapyynt\u00f6.<\/strong><\/p>\n<ul>\n<li>100% LUONNOLLINEN<\/li>\n<li>0% HOITOA<\/li>\n<li>EI TARVITSE KASTELLA<\/li>\n<\/ul>\n<p>Arvioitu toimitusaika: 2-4 viikkoa.<br \/>\nEksklusiivinen sis\u00e4k\u00e4ytt\u00f6 \/ \u00c4l\u00e4 kastele \/ \u00c4l\u00e4 altista suoralle auringonvalolle \/ Pid\u00e4 poissa l\u00e4mm\u00f6nl\u00e4hteist\u00e4<\/p>\n","protected":false},"featured_media":69835,"comment_status":"open","ping_status":"closed","template":"","meta":{"_monsterinsights_skip_tracking":false,"_monsterinsights_sitenote_active":false,"_monsterinsights_sitenote_note":"","_monsterinsights_sitenote_category":0},"product_brand":[],"product_cat":[477],"product_tag":[624],"class_list":{"0":"post-41034","1":"product","2":"type-product","3":"status-publish","4":"has-post-thumbnail","6":"product_cat-pots-fi","7":"product_tag-planters-fi","8":"product_shipping_class-class-ii-fi","9":"pa_color-black-fi","10":"pa_color-white-fi","12":"first","13":"instock","14":"taxable","15":"shipping-taxable","16":"purchasable","17":"product-type-variable","18":"has-default-attributes"},"_links":{"self":[{"href":"https:\/\/phytowall.ee\/fi\/wp-json\/wp\/v2\/product\/41034","targetHints":{"allow":["GET"]}}],"collection":[{"href":"https:\/\/phytowall.ee\/fi\/wp-json\/wp\/v2\/product"}],"about":[{"href":"https:\/\/phytowall.ee\/fi\/wp-json\/wp\/v2\/types\/product"}],"replies":[{"embeddable":true,"href":"https:\/\/phytowall.ee\/fi\/wp-json\/wp\/v2\/comments?post=41034"}],"wp:featuredmedia":[{"embeddable":true,"href":"https:\/\/phytowall.ee\/fi\/wp-json\/wp\/v2\/media\/69835"}],"wp:attachment":[{"href":"https:\/\/phytowall.ee\/fi\/wp-json\/wp\/v2\/media?parent=41034"}],"wp:term":[{"taxonomy":"product_brand","embeddable":true,"href":"https:\/\/phytowall.ee\/fi\/wp-json\/wp\/v2\/product_brand?post=41034"},{"taxonomy":"product_cat","embeddable":true,"href":"https:\/\/phytowall.ee\/fi\/wp-json\/wp\/v2\/product_cat?post=41034"},{"taxonomy":"product_tag","embeddable":true,"href":"https:\/\/phytowall.ee\/fi\/wp-json\/wp\/v2\/product_tag?post=41034"}],"curies":[{"name":"wp","href":"https:\/\/api.w.org\/{rel}","templated":true}]}}